{"id":135428,"date":"2024-05-07T08:45:20","date_gmt":"2024-05-07T08:45:20","guid":{"rendered":"https:\/\/moto-oprema.com\/Artikel\/xpd-x-radical-cipele-crno-sive\/"},"modified":"2024-05-07T08:45:20","modified_gmt":"2024-05-07T08:45:20","slug":"xpd-x-radical-cipele-crno-sive","status":"publish","type":"product","link":"https:\/\/moto-oprema.com\/hr\/Artikel\/xpd-x-radical-cipele-crno-sive\/","title":{"rendered":"XPD X-RADICAL CIPELE CRNO-SIVE"},"content":{"rendered":"<p>XPD X-Radical motociklisti\u010dke \u010dizme<\/p>\n<p> Zna\u010dajke:<\/p>\n<p> Gornji\u0161te od bru\u0161ene ko\u017ee<br \/>\n perforirana mre\u017ea<br \/>\n reflektiraju\u0107i materijal<br \/>\n potplat sa posebnim profilom putovanja<br \/>\n oja\u010dani potplat na rubu<br \/>\n kompozitni umetak<br \/>\n poliuretanska za\u0161tita maleolusa na gle\u017enju<br \/>\n odobreno prema EN13634:2017<br \/>\n Tehni\u010dki podaci:<\/p>\n<p> \u0160titnici: gle\u017eanj<\/p>\n","protected":false},"excerpt":{"rendered":"<p>XPD X-Radical motociklisti\u010dke \u010dizme Zna\u010dajke: Gornji\u0161te od bru\u0161ene ko\u017ee perforirana mre\u017ea reflektiraju\u0107i materijal potplat sa posebnim&#8230;<\/p>\n","protected":false},"featured_media":28578,"comment_status":"open","ping_status":"closed","template":"","meta":{"_acf_changed":false},"brand":[2812],"gender":[1313],"product_brand":[],"product_cat":[2770,1356,2769],"product_tag":[],"class_list":{"0":"post-135428","1":"product","2":"type-product","3":"status-publish","4":"has-post-thumbnail","6":"brand-xpd-hr","7":"gender-moski","8":"product_cat-gradska-obuca","9":"product_cat-motociklisticka-oprema","10":"product_cat-obuca","11":"pa_size-37-hr","12":"pa_size-38-hr","13":"pa_size-39-hr","14":"pa_size-40-hr","15":"pa_size-41-hr","16":"pa_size-42-hr","17":"pa_size-43-hr","18":"pa_size-44-hr","19":"pa_size-45-hr","20":"pa_size-46-hr","21":"pa_size-47-hr","23":"first","24":"instock","25":"sale","26":"taxable","27":"shipping-taxable","28":"purchasable","29":"product-type-variable"},"acf":[],"_links":{"self":[{"href":"https:\/\/moto-oprema.com\/hr\/wp-json\/wp\/v2\/product\/135428","targetHints":{"allow":["GET"]}}],"collection":[{"href":"https:\/\/moto-oprema.com\/hr\/wp-json\/wp\/v2\/product"}],"about":[{"href":"https:\/\/moto-oprema.com\/hr\/wp-json\/wp\/v2\/types\/product"}],"replies":[{"embeddable":true,"href":"https:\/\/moto-oprema.com\/hr\/wp-json\/wp\/v2\/comments?post=135428"}],"wp:featuredmedia":[{"embeddable":true,"href":"https:\/\/moto-oprema.com\/hr\/wp-json\/wp\/v2\/media\/28578"}],"wp:attachment":[{"href":"https:\/\/moto-oprema.com\/hr\/wp-json\/wp\/v2\/media?parent=135428"}],"wp:term":[{"taxonomy":"brand","embeddable":true,"href":"https:\/\/moto-oprema.com\/hr\/wp-json\/wp\/v2\/brand?post=135428"},{"taxonomy":"gender","embeddable":true,"href":"https:\/\/moto-oprema.com\/hr\/wp-json\/wp\/v2\/gender?post=135428"},{"taxonomy":"product_brand","embeddable":true,"href":"https:\/\/moto-oprema.com\/hr\/wp-json\/wp\/v2\/product_brand?post=135428"},{"taxonomy":"product_cat","embeddable":true,"href":"https:\/\/moto-oprema.com\/hr\/wp-json\/wp\/v2\/product_cat?post=135428"},{"taxonomy":"product_tag","embeddable":true,"href":"https:\/\/moto-oprema.com\/hr\/wp-json\/wp\/v2\/product_tag?post=135428"}],"curies":[{"name":"wp","href":"https:\/\/api.w.org\/{rel}","templated":true}]}}