{"id":135379,"date":"2024-05-07T07:49:32","date_gmt":"2024-05-07T07:49:32","guid":{"rendered":"https:\/\/moto-oprema.com\/Artikel\/spidi-track-warrior-kozna-jakna-crno-bijela\/"},"modified":"2024-05-07T07:49:32","modified_gmt":"2024-05-07T07:49:32","slug":"spidi-track-warrior-kozna-jakna-crno-bijela","status":"publish","type":"product","link":"https:\/\/moto-oprema.com\/hr\/Artikel\/spidi-track-warrior-kozna-jakna-crno-bijela\/","title":{"rendered":"SPIDI TRACK WARRIOR KO\u017dNA JAKNA CRNO-BIJELA"},"content":{"rendered":"<p>Ko\u017ena jakna za motocikle Spidi Track Warrior<\/p>\n<p>Spidi Track Warrior je motociklisti\u010dka jakna za sportske bicikliste koji \u017eele najbolju mogu\u0107u za\u0161titu bez no\u0161enja potpuno ko\u017enog trka\u0107eg odijela.<\/p>\n<p>Zna\u010dajke:<\/p>\n<p>testirano u skladu s prEN 17092-2: 2017, klasa A<br \/>\nUklju\u010deni Warrior \u0161titnici za ramena<br \/>\nuklonjivi WarriorLite \u0161titnici za ramena (EN 1621-1, razina 1)<br \/>\nuklonjivi ForceTech \u0161titnici za laktove (EN 1621-1: 2012)<br \/>\nWarrior \u0161titnik za le\u0111a (razina 1 ili 2) i Warrior \u0161titnik za prsa mogu se naknadno ugraditi<br \/>\nizra\u0111eno od kravlje ko\u017ee debljine 1,1 do 1,2 mm s vrlo izdr\u017eljivim, ali elasti\u010dnim umetcima od FlexTenax najlona 6.6 u podru\u010djima kretanja<br \/>\nZa pri\u010dvr\u0161\u0107ivanje hla\u010da dostupan je patentni zatvara\u010d i om\u010da s iglom.<br \/>\nPodesivi pojas osigurava savr\u0161eno prilago\u0111avanje<br \/>\nZa\u0161titna odje\u0107a za motocikliste u skladu s Uredbom (EU) 2016\/454<br \/>\nOsobna za\u0161titna oprema &#8211; osobna za\u0161titna oprema za motocikliste u skladu s normom EN 17092-4:2020, klasa A<br \/>\nZa\u0161tita za le\u0111a (razina 1, Z54 \/ razina 2, Z147)<br \/>\nUre\u0111aj za za\u0161titu prsa Warrior (razina 1, Z138)<br \/>\nFiksna mre\u017easta baza<br \/>\nPriklju\u010dak za dodatnu dostupnu termalnu podlogu (mu\u0161ki L30)<br \/>\nUre\u0111aj za opcionalnu H2Out unutarnju oblogu (X47 mu\u0161ki)<br \/>\nkompatibilno s proizvodima StepIn Wear<br \/>\nTehni\u010dki podaci:<\/p>\n<p>Veli\u010dina: 46 &#8211; 58<br \/>\n \u0160titnici: ramena, laktovi, le\u0111a (mogu se naknadno ugraditi kao opcija &#8211; nisu uklju\u010deni), prsa (mogu se naknadno ugraditi kao opcija &#8211; nisu uklju\u010deni)<br \/>\n Te\u017eina: 2,5 kg<br \/>\n Uklju\u010deno u isporuku:<\/p>\n<p>Uklju\u010deno: 1 x Spidi jakna<br \/>\n 1 par jastu\u010di\u0107a za ramena<br \/>\n 1 par \u0161titnika za laktove<br \/>\n bez \u0161titnika za le\u0111a i prsa (moraju se naru\u010diti zasebno)<br \/>\n DODATNE INFORMACIJE O PROIZVODU<br \/>\n Materijal 90% kravlja ko\u017ea, 10% najlon \/ Sadr\u017ei netekstilne dijelove \u017eivotinjskog podrijetla.<\/p>\n","protected":false},"excerpt":{"rendered":"<p>Ko\u017ena jakna za motocikle Spidi Track Warrior Spidi Track Warrior je motociklisti\u010dka jakna za sportske bicikliste&#8230;<\/p>\n","protected":false},"featured_media":28554,"comment_status":"open","ping_status":"open","template":"","meta":{"_acf_changed":false},"brand":[2732],"gender":[1313],"product_brand":[],"product_cat":[2759,2915,1356],"product_tag":[],"class_list":{"0":"post-135379","1":"product","2":"type-product","3":"status-publish","4":"has-post-thumbnail","6":"brand-spidi-hr","7":"gender-moski","8":"product_cat-jakne-hr","9":"product_cat-kozne-jakne","10":"product_cat-motociklisticka-oprema","11":"pa_size-48-hr","12":"pa_size-50-hr","13":"pa_size-52-hr","14":"pa_size-54-hr","15":"pa_size-56-hr","16":"pa_size-58-hr","18":"first","19":"instock","20":"sale","21":"taxable","22":"shipping-taxable","23":"purchasable","24":"product-type-variable"},"acf":[],"_links":{"self":[{"href":"https:\/\/moto-oprema.com\/hr\/wp-json\/wp\/v2\/product\/135379","targetHints":{"allow":["GET"]}}],"collection":[{"href":"https:\/\/moto-oprema.com\/hr\/wp-json\/wp\/v2\/product"}],"about":[{"href":"https:\/\/moto-oprema.com\/hr\/wp-json\/wp\/v2\/types\/product"}],"replies":[{"embeddable":true,"href":"https:\/\/moto-oprema.com\/hr\/wp-json\/wp\/v2\/comments?post=135379"}],"wp:featuredmedia":[{"embeddable":true,"href":"https:\/\/moto-oprema.com\/hr\/wp-json\/wp\/v2\/media\/28554"}],"wp:attachment":[{"href":"https:\/\/moto-oprema.com\/hr\/wp-json\/wp\/v2\/media?parent=135379"}],"wp:term":[{"taxonomy":"brand","embeddable":true,"href":"https:\/\/moto-oprema.com\/hr\/wp-json\/wp\/v2\/brand?post=135379"},{"taxonomy":"gender","embeddable":true,"href":"https:\/\/moto-oprema.com\/hr\/wp-json\/wp\/v2\/gender?post=135379"},{"taxonomy":"product_brand","embeddable":true,"href":"https:\/\/moto-oprema.com\/hr\/wp-json\/wp\/v2\/product_brand?post=135379"},{"taxonomy":"product_cat","embeddable":true,"href":"https:\/\/moto-oprema.com\/hr\/wp-json\/wp\/v2\/product_cat?post=135379"},{"taxonomy":"product_tag","embeddable":true,"href":"https:\/\/moto-oprema.com\/hr\/wp-json\/wp\/v2\/product_tag?post=135379"}],"curies":[{"name":"wp","href":"https:\/\/api.w.org\/{rel}","templated":true}]}}