{"id":135355,"date":"2024-05-06T08:05:35","date_gmt":"2024-05-06T08:05:35","guid":{"rendered":"https:\/\/moto-oprema.com\/Artikel\/hjc-jet-kaciga-v31-cvrsta-m-crna\/"},"modified":"2024-05-06T08:05:35","modified_gmt":"2024-05-06T08:05:35","slug":"hjc-jet-kaciga-v31-cvrsta-m-crna","status":"publish","type":"product","link":"https:\/\/moto-oprema.com\/hr\/Artikel\/hjc-jet-kaciga-v31-cvrsta-m-crna\/","title":{"rendered":"HJC JET KACIGA V31 \u010cVRSTA M.CRNA"},"content":{"rendered":"<p>V31 je kaciga retro stila s otvorenim licem izra\u0111ena od napredne ljuske od stakloplastike, \u0161to je \u010dini laganom. Ova \u00be kaciga ima ugra\u0111eni \u0161titnik za sunce s 3 stupnja podesivog profila i premazom protiv zamagljivanja koji se lako pomi\u010de gore ili dolje. Za jo\u0161 vintage osje\u0107aj, V31 je opremljena unutra\u0161njosti od ko\u017ee i bru\u0161ene ko\u017ee te dr\u017ea\u010dem za remen za nao\u010dale. V31 tako\u0111er ima kop\u010de za pri\u010dvr\u0161\u0107ivanje vizira kacige kako bi se upotpunio retro izgled. Jastu\u010di\u0107i za u\u0161i su uklonjivi i perivi, a d\u017eepovi za zvu\u010dnike su spremni za Bluetooth.    <\/p>\n<p>Zna\u010dajke:<\/p>\n<p>Napredna \u0161koljka od kompozita od stakloplastike<br \/>\n Zatamnjeni \u0161titnik za sunce s premazom protiv zamagljivanja koji se mo\u017ee podesiti na 3 razli\u010dite visine ovisno o morfologiji i preferencijama<br \/>\n Predvi\u0111ena su 3 uti\u010dna klina za vizire kacige (nisu uklju\u010deni)<br \/>\n Dr\u017ea\u010d za nao\u010dale sigurno dr\u017ei va\u0161e nao\u010dale na mjestu.<br \/>\n Lagana za udobnu vo\u017enju<br \/>\n Unutra\u0161njost od pro\u0161ivene ko\u017ee i bru\u0161ene ko\u017ee<br \/>\n Napredna tkanina za bolje odvo\u0111enje vlage i brzo su\u0161enje<br \/>\n Izmjenjivi jastu\u010di\u0107i za obraze svih veli\u010dina za prilago\u0111eno pristajanje<br \/>\n Periva udobna podstava i jastu\u010di\u0107i za obraze<br \/>\n Tehni\u010dki podaci:<\/p>\n<p>Materijal: stakloplastika<br \/>\n Standard: 22.06<br \/>\n Zatvaranje: Dvostruko D<br \/>\n Vrsta vizira: IS-10, premaz protiv zamagljivanja, zatamnjen<br \/>\n Veli\u010dine:<br \/>\n Veli\u010dina kacige\/\u0161titnika za obraze\/\u0161titnika za glavu:<br \/>\n XS (54-55 cm) \/ 25 mm \/ 12 mm<br \/>\n S (55-56 cm) \/ 20 mm \/ 9 mm<br \/>\n M (57-58 cm) \/ 25 mm 12 mm<br \/>\n D (58-59 cm) \/ 20 mm \/ 9 mm<br \/>\n XL (60-61 cm)\/20 mm\/9 mm<br \/>\n XXL (62-63 cm)\/15 mm\/7 mm<\/p>\n","protected":false},"excerpt":{"rendered":"<p>V31 je kaciga retro stila s otvorenim licem izra\u0111ena od napredne ljuske od stakloplastike, \u0161to je&#8230;<\/p>\n","protected":false},"featured_media":28546,"comment_status":"open","ping_status":"open","template":"","meta":{"_acf_changed":false},"brand":[2130],"gender":[2172],"product_brand":[],"product_cat":[1358,2919,1356],"product_tag":[],"class_list":{"0":"post-135355","1":"product","2":"type-product","3":"status-publish","4":"has-post-thumbnail","6":"brand-hjc-hr","7":"gender-unisex-hr","8":"product_cat-kacige","9":"product_cat-mlaznjak","10":"product_cat-motociklisticka-oprema","11":"pa_size-l-hr","12":"pa_size-m-hr","13":"pa_size-s-hr","14":"pa_size-xl-hr","15":"pa_size-xs-hr","16":"pa_size-xxl-hr","18":"first","19":"instock","20":"sale","21":"taxable","22":"shipping-taxable","23":"purchasable","24":"product-type-variable"},"acf":[],"_links":{"self":[{"href":"https:\/\/moto-oprema.com\/hr\/wp-json\/wp\/v2\/product\/135355","targetHints":{"allow":["GET"]}}],"collection":[{"href":"https:\/\/moto-oprema.com\/hr\/wp-json\/wp\/v2\/product"}],"about":[{"href":"https:\/\/moto-oprema.com\/hr\/wp-json\/wp\/v2\/types\/product"}],"replies":[{"embeddable":true,"href":"https:\/\/moto-oprema.com\/hr\/wp-json\/wp\/v2\/comments?post=135355"}],"wp:featuredmedia":[{"embeddable":true,"href":"https:\/\/moto-oprema.com\/hr\/wp-json\/wp\/v2\/media\/28546"}],"wp:attachment":[{"href":"https:\/\/moto-oprema.com\/hr\/wp-json\/wp\/v2\/media?parent=135355"}],"wp:term":[{"taxonomy":"brand","embeddable":true,"href":"https:\/\/moto-oprema.com\/hr\/wp-json\/wp\/v2\/brand?post=135355"},{"taxonomy":"gender","embeddable":true,"href":"https:\/\/moto-oprema.com\/hr\/wp-json\/wp\/v2\/gender?post=135355"},{"taxonomy":"product_brand","embeddable":true,"href":"https:\/\/moto-oprema.com\/hr\/wp-json\/wp\/v2\/product_brand?post=135355"},{"taxonomy":"product_cat","embeddable":true,"href":"https:\/\/moto-oprema.com\/hr\/wp-json\/wp\/v2\/product_cat?post=135355"},{"taxonomy":"product_tag","embeddable":true,"href":"https:\/\/moto-oprema.com\/hr\/wp-json\/wp\/v2\/product_tag?post=135355"}],"curies":[{"name":"wp","href":"https:\/\/api.w.org\/{rel}","templated":true}]}}