{"id":135335,"date":"2024-08-06T09:11:26","date_gmt":"2024-08-06T09:11:26","guid":{"rendered":"https:\/\/moto-oprema.com\/Artikel\/alpinestars-stitnici-za-lakte-bionic-pro-plasma-crni\/"},"modified":"2024-08-06T09:11:26","modified_gmt":"2024-08-06T09:11:26","slug":"alpinestars-stitnici-za-lakte-bionic-pro-plasma-crni","status":"publish","type":"product","link":"https:\/\/moto-oprema.com\/hr\/Artikel\/alpinestars-stitnici-za-lakte-bionic-pro-plasma-crni\/","title":{"rendered":"ALPINESTARS \u0160TITNICI ZA LAKTE BIONIC PRO PLASMA CRNI"},"content":{"rendered":"<p>Alpinestars Bionic Pro Plasma \u0161titnici za laktove<\/p>\n<p>Anatomski dizajnirani Bionic Pro PLASMA \u0161titnici za laktove su lagani, prozra\u010dni, udobni i za\u0161titni za sve vrste terenske vo\u017enje. Imaju uklonjivi Nucleon PLASMA \u0161titnik ugra\u0111en u konstrukciju koja je otporna na habanje s vanjske strane i vrlo prozra\u010dna s unutarnje strane za maksimalne performanse: <\/p>\n<p>Zna\u010dajke:<\/p>\n<p>Dvije neovisne termoplasti\u010dne ljuske strate\u0161ki su postavljene preko olekranona i pru\u017eaju vi\u0161u razinu otpornosti na habanje i klizanje, a istovremeno pru\u017eaju dodatne performanse pri udaru.<br \/>\n Inovativni dizajn kliznog zgloba pru\u017ea visok stupanj upravljivosti i osigurava da \u0161titnik ostane \u010dvrsto na mjestu<br \/>\n \u0160iroka elasti\u010dna traka na vrhu osigurava visoku udobnost no\u0161enja i sigurno zatvaranje<br \/>\n Nucleon PLASMA je viskoelasti\u010dni materijal razvijen od biopolimera. Fleksibilan je u svim smjerovima i ima sposobnost raspr\u0161ivanja energije udara. Ovaj lagani i dobro prozra\u010den \u0161titnik za laktove pru\u017ea sna\u017enu raspodjelu i apsorpciju energije udara, a istovremeno pru\u017ea maksimalnu za\u0161titu u svim polo\u017eajima vo\u017enje.<br \/>\n Izra\u0111ene od termoplasti\u010dnih \u0161koljki koje pru\u017eaju vi\u0161u razinu otpornosti na habanje, otpornosti na klizanje i za\u0161tite od udaraca<br \/>\n Mekana, perforirana i rastezljiva podstava pru\u017ea pove\u0107anu udobnost i izvrsnu cirkulaciju zraka<br \/>\n Anatomski oblikovan kako bi \u0161titnik sigurno stajao na mjestu<br \/>\n \u0160titnik za laktove Nucleon PLASMA se mo\u017ee ukloniti radi lak\u0161eg \u010di\u0161\u0107enja<br \/>\n Izra\u0111eno od ekolo\u0161ki prihvatljivog i odr\u017eivog materijala koji apsorbira udarce<br \/>\n Izra\u0111ena s mekom, ugodnom na dodir unutarnjom podstavom za ve\u0107u udobnost voza\u010da<br \/>\n Tehni\u010dki podaci:  <\/p>\n<p>\u0160titnici za laktove EN 1621-1:2012 Razina 2<\/p>\n","protected":false},"excerpt":{"rendered":"<p>Alpinestars Bionic Pro Plasma \u0161titnici za laktove Anatomski dizajnirani Bionic Pro PLASMA \u0161titnici za laktove su&#8230;<\/p>\n","protected":false},"featured_media":29528,"comment_status":"open","ping_status":"closed","template":"","meta":{"_acf_changed":false},"brand":[2748],"gender":[],"product_brand":[],"product_cat":[2743,2739,2733],"product_tag":[],"class_list":{"0":"post-135335","1":"product","2":"type-product","3":"status-publish","4":"has-post-thumbnail","6":"brand-alpinestars-hr","7":"product_cat-mx-stitnici-za-laktove","8":"product_cat-mx-stitovi","9":"product_cat-oprema-za-motokros","10":"pa_size-l-xl-hr","11":"pa_size-sm","13":"first","14":"instock","15":"sale","16":"taxable","17":"shipping-taxable","18":"purchasable","19":"product-type-variable"},"acf":[],"_links":{"self":[{"href":"https:\/\/moto-oprema.com\/hr\/wp-json\/wp\/v2\/product\/135335","targetHints":{"allow":["GET"]}}],"collection":[{"href":"https:\/\/moto-oprema.com\/hr\/wp-json\/wp\/v2\/product"}],"about":[{"href":"https:\/\/moto-oprema.com\/hr\/wp-json\/wp\/v2\/types\/product"}],"replies":[{"embeddable":true,"href":"https:\/\/moto-oprema.com\/hr\/wp-json\/wp\/v2\/comments?post=135335"}],"wp:featuredmedia":[{"embeddable":true,"href":"https:\/\/moto-oprema.com\/hr\/wp-json\/wp\/v2\/media\/29528"}],"wp:attachment":[{"href":"https:\/\/moto-oprema.com\/hr\/wp-json\/wp\/v2\/media?parent=135335"}],"wp:term":[{"taxonomy":"brand","embeddable":true,"href":"https:\/\/moto-oprema.com\/hr\/wp-json\/wp\/v2\/brand?post=135335"},{"taxonomy":"gender","embeddable":true,"href":"https:\/\/moto-oprema.com\/hr\/wp-json\/wp\/v2\/gender?post=135335"},{"taxonomy":"product_brand","embeddable":true,"href":"https:\/\/moto-oprema.com\/hr\/wp-json\/wp\/v2\/product_brand?post=135335"},{"taxonomy":"product_cat","embeddable":true,"href":"https:\/\/moto-oprema.com\/hr\/wp-json\/wp\/v2\/product_cat?post=135335"},{"taxonomy":"product_tag","embeddable":true,"href":"https:\/\/moto-oprema.com\/hr\/wp-json\/wp\/v2\/product_tag?post=135335"}],"curies":[{"name":"wp","href":"https:\/\/api.w.org\/{rel}","templated":true}]}}