{"id":135328,"date":"2024-08-06T07:39:39","date_gmt":"2024-08-06T07:39:39","guid":{"rendered":"https:\/\/moto-oprema.com\/Artikel\/alpinestars-rk-7-plazma-ortoza-za-koljeno-crno-crvena\/"},"modified":"2024-08-06T07:39:39","modified_gmt":"2024-08-06T07:39:39","slug":"alpinestars-rk-7-plazma-ortoza-za-koljeno-crno-crvena","status":"publish","type":"product","link":"https:\/\/moto-oprema.com\/hr\/Artikel\/alpinestars-rk-7-plazma-ortoza-za-koljeno-crno-crvena\/","title":{"rendered":"ALPINESTARS RK-7 PLAZMA ORTOZA ZA KOLJENO CRNO-CRVENA"},"content":{"rendered":"<p>Alpinestars RK-7 Plasma ortoza za koljeno<\/p>\n<p>RK-7 Plasma koljeno \u0161titnik za koljeno ima tanak, ergonomski dizajn koji pru\u017ea visoku razinu terenskih performansi i udobnosti tijekom dinami\u010dnih pokreta. Dizajniran je kako bi pru\u017eio optimalnu potporu koljenu, a istovremeno je lagan, prozra\u010dan, udoban i za\u0161titni. Ovaj koljeno \u0161titnik ima Nucleon PLASMA plutaju\u0107i koljeno \u0161titnik, koji je zatvoren u inovativnu asimetri\u010dnu konstrukciju okvira oja\u010danu vlaknima, pru\u017eaju\u0107i ve\u0107u razinu krutosti.<br \/>\n Tehni\u010dki podaci:  <\/p>\n<p>Zamjenjive poliuretanske \u0161koljke za koljena opremljene su Nucleon Plasma za\u0161titom koja pru\u017ea optimalnu kombinaciju za\u0161tite od udaraca, fleksibilnosti i otpornosti na ogrebotine<br \/>\n Za\u0161tita za koljena: EN 1621-1:2012, razina 1<\/p>\n","protected":false},"excerpt":{"rendered":"<p>Alpinestars RK-7 Plasma ortoza za koljeno RK-7 Plasma koljeno \u0161titnik za koljeno ima tanak, ergonomski dizajn&#8230;<\/p>\n","protected":false},"featured_media":29509,"comment_status":"open","ping_status":"open","template":"","meta":{"_acf_changed":false},"brand":[2748],"gender":[],"product_brand":[],"product_cat":[1356,2970,2739,2733],"product_tag":[],"class_list":{"0":"post-135328","1":"product","2":"type-product","3":"status-publish","4":"has-post-thumbnail","6":"brand-alpinestars-hr","7":"product_cat-motociklisticka-oprema","8":"product_cat-mx-stitnici-za-koljena","9":"product_cat-mx-stitovi","10":"product_cat-oprema-za-motokros","11":"pa_size-l-hr","12":"pa_size-m-hr","13":"pa_size-s-hr","14":"pa_size-xl-hr","16":"first","17":"instock","18":"sale","19":"taxable","20":"shipping-taxable","21":"purchasable","22":"product-type-variable"},"acf":[],"_links":{"self":[{"href":"https:\/\/moto-oprema.com\/hr\/wp-json\/wp\/v2\/product\/135328","targetHints":{"allow":["GET"]}}],"collection":[{"href":"https:\/\/moto-oprema.com\/hr\/wp-json\/wp\/v2\/product"}],"about":[{"href":"https:\/\/moto-oprema.com\/hr\/wp-json\/wp\/v2\/types\/product"}],"replies":[{"embeddable":true,"href":"https:\/\/moto-oprema.com\/hr\/wp-json\/wp\/v2\/comments?post=135328"}],"wp:featuredmedia":[{"embeddable":true,"href":"https:\/\/moto-oprema.com\/hr\/wp-json\/wp\/v2\/media\/29509"}],"wp:attachment":[{"href":"https:\/\/moto-oprema.com\/hr\/wp-json\/wp\/v2\/media?parent=135328"}],"wp:term":[{"taxonomy":"brand","embeddable":true,"href":"https:\/\/moto-oprema.com\/hr\/wp-json\/wp\/v2\/brand?post=135328"},{"taxonomy":"gender","embeddable":true,"href":"https:\/\/moto-oprema.com\/hr\/wp-json\/wp\/v2\/gender?post=135328"},{"taxonomy":"product_brand","embeddable":true,"href":"https:\/\/moto-oprema.com\/hr\/wp-json\/wp\/v2\/product_brand?post=135328"},{"taxonomy":"product_cat","embeddable":true,"href":"https:\/\/moto-oprema.com\/hr\/wp-json\/wp\/v2\/product_cat?post=135328"},{"taxonomy":"product_tag","embeddable":true,"href":"https:\/\/moto-oprema.com\/hr\/wp-json\/wp\/v2\/product_tag?post=135328"}],"curies":[{"name":"wp","href":"https:\/\/api.w.org\/{rel}","templated":true}]}}