{"id":135317,"date":"2024-08-05T08:20:54","date_gmt":"2024-08-05T08:20:54","guid":{"rendered":"https:\/\/moto-oprema.com\/Artikel\/dainese-axial-2-air-cizme-crno-bijele-crvene\/"},"modified":"2024-08-05T08:20:54","modified_gmt":"2024-08-05T08:20:54","slug":"dainese-axial-2-air-cizme-crno-bijele-crvene","status":"publish","type":"product","link":"https:\/\/moto-oprema.com\/hr\/Artikel\/dainese-axial-2-air-cizme-crno-bijele-crvene\/","title":{"rendered":"Dainese Axial 2 Air \u010dizme crno bijele crvene"},"content":{"rendered":"<div class=\"tabs-panels\">\n<p>Dainese Axial 2 Air perforirane motociklisti\u010dke \u010dizme<\/p>\n<p>Najnovija evolucija Daineseovih vrhunskih motociklisti\u010dkih trka\u0107ih \u010dizama &#8211; iste \u010dizme koje nose MotoGP\u2122 prvaci na stazi. Ove su \u010dizme razvijene kako bi voza\u010du omogu\u0107ile da ostvari svoj puni potencijal i usredoto\u010di se isklju\u010divo na performanse. Imaju konstrukciju koja savr\u0161eno kombinira lako\u0107u, udobnost vo\u017enje i maksimalnu osjetljivost, a istovremeno odr\u017eava visoke standarde za\u0161tite koje Dainese jam\u010di. Ikoni\u010dni dizajn kombinira najnaprednija tehnolo\u0161ka rje\u0161enja, poput Kevlar Carbon Axial Distortion Control Systema, IN konstrukcije s \u010di\u010dak zatvara\u010dem za jednostavno spajanje s ko\u017enim odijelima, magnezijskih kliza\u010da i Groundtrax\u00ae trka\u0107eg potplata, dizajniranog za prianjanje i otpornost na toplinu. Gornji dio ima perforiranu konstrukciju koja \u010dizmu \u010dini izuzetno dobro prozra\u010denom i osigurava maksimalnu toplinsku udobnost \u010dak i u najtoplijim danima. To je krajnji izraz Daineseove predanosti kontinuiranim inovacijama, jer je njegova za\u0161titna, lagana i prozra\u010dena konstrukcija \u010dini najnaprednijom za\u0161titom na tr\u017ei\u0161tu. Zna\u010dajke poput elasti\u010dne man\u017eete koja se prilago\u0111ava razli\u010ditim oblicima tijela, jo\u0161 prakti\u010dniji i robusniji patentni zatvara\u010d na stra\u017enjoj strani te unutarnji sustav vezanja upotpunjuju model Axial 2 Air, \u010dine\u0107i ga u\u010dinkovitim, prakti\u010dnim i funkcionalnim.      <\/p>\n<p>Zna\u010dajke:<\/p>\n<ul>\n<li>Groundtrax potplat za zahtjevne utrke<\/li>\n<li>Zatvaranje patentnim zatvara\u010dem na stra\u017enjoj strani<\/li>\n<li>Fleksibilni zglobovi za dodatnu udobnost<\/li>\n<li>Sustav za brzo otpu\u0161tanje<\/li>\n<li>Podesivi sustav vezivanja cipela<\/li>\n<li>3D kamena tkanina<\/li>\n<li>Gornji dio od mikrovlakana<\/li>\n<li>D-aksijalni sustav izra\u0111en od uglji\u010dnih i aramidnih vlakana<\/li>\n<li>Uklonjivi i zamjenjivi magnezijski poklopac<\/li>\n<li>Najlonom oja\u010dani prsti i peta<\/li>\n<li>Zamjenjivi magnezijski kliza\u010d za prste<\/li>\n<li>Dvostruka podstava od \u017eerseja s ventilacijom<\/li>\n<li>Perforirana ko\u017ea<\/li>\n<\/ul>\n<p>Tehni\u010dki podaci:<\/p>\n<p>Za\u0161titna obu\u0107a za motocikliste (EN 13634:2017)<br \/>\n TPU oja\u010danje ru\u010dice mjenja\u010da<br \/>\n Umetci od gove\u0111e ko\u017ee za otpornost na habanje i prianjanje<\/p>\n<p>Uklju\u010deno u opseg isporuke:<\/p>\n<p>Dainese Axial 2 Air<br \/>\n Klju\u010d za pode\u0161avanje<\/p>\n<p>&nbsp;<\/p>\n<\/div>\n","protected":false},"excerpt":{"rendered":"<p>Dainese Axial 2 Air perforirane motociklisti\u010dke \u010dizme Najnovija evolucija Daineseovih vrhunskih motociklisti\u010dkih trka\u0107ih \u010dizama &#8211; iste&#8230;<\/p>\n","protected":false},"featured_media":29481,"comment_status":"open","ping_status":"closed","template":"","meta":{"_acf_changed":false},"brand":[2800],"gender":[],"product_brand":[],"product_cat":[1356,2769,2792],"product_tag":[2969,2862,2863],"class_list":{"0":"post-135317","1":"product","2":"type-product","3":"status-publish","4":"has-post-thumbnail","6":"brand-dainese-hr","7":"product_cat-motociklisticka-oprema","8":"product_cat-obuca","9":"product_cat-sportske-cipele","10":"product_tag-cizme","11":"product_tag-odjeca","12":"product_tag-utrke","13":"pa_velikost-skornji-39-hr","14":"pa_velikost-skornji-40-hr","15":"pa_velikost-skornji-41-hr","16":"pa_velikost-skornji-42-hr","17":"pa_velikost-skornji-43-hr","18":"pa_velikost-skornji-44-hr","19":"pa_velikost-skornji-45-hr","20":"pa_velikost-skornji-46-hr","21":"pa_velikost-skornji-47-hr","23":"first","24":"instock","25":"sale","26":"taxable","27":"shipping-taxable","28":"purchasable","29":"product-type-variable"},"acf":[],"_links":{"self":[{"href":"https:\/\/moto-oprema.com\/hr\/wp-json\/wp\/v2\/product\/135317","targetHints":{"allow":["GET"]}}],"collection":[{"href":"https:\/\/moto-oprema.com\/hr\/wp-json\/wp\/v2\/product"}],"about":[{"href":"https:\/\/moto-oprema.com\/hr\/wp-json\/wp\/v2\/types\/product"}],"replies":[{"embeddable":true,"href":"https:\/\/moto-oprema.com\/hr\/wp-json\/wp\/v2\/comments?post=135317"}],"wp:featuredmedia":[{"embeddable":true,"href":"https:\/\/moto-oprema.com\/hr\/wp-json\/wp\/v2\/media\/29481"}],"wp:attachment":[{"href":"https:\/\/moto-oprema.com\/hr\/wp-json\/wp\/v2\/media?parent=135317"}],"wp:term":[{"taxonomy":"brand","embeddable":true,"href":"https:\/\/moto-oprema.com\/hr\/wp-json\/wp\/v2\/brand?post=135317"},{"taxonomy":"gender","embeddable":true,"href":"https:\/\/moto-oprema.com\/hr\/wp-json\/wp\/v2\/gender?post=135317"},{"taxonomy":"product_brand","embeddable":true,"href":"https:\/\/moto-oprema.com\/hr\/wp-json\/wp\/v2\/product_brand?post=135317"},{"taxonomy":"product_cat","embeddable":true,"href":"https:\/\/moto-oprema.com\/hr\/wp-json\/wp\/v2\/product_cat?post=135317"},{"taxonomy":"product_tag","embeddable":true,"href":"https:\/\/moto-oprema.com\/hr\/wp-json\/wp\/v2\/product_tag?post=135317"}],"curies":[{"name":"wp","href":"https:\/\/api.w.org\/{rel}","templated":true}]}}