{"id":135275,"date":"2024-09-11T08:45:44","date_gmt":"2024-09-11T08:45:44","guid":{"rendered":"https:\/\/moto-oprema.com\/Artikel\/dainese-termo-hlace-no-wind\/"},"modified":"2024-09-11T08:45:44","modified_gmt":"2024-09-11T08:45:44","slug":"dainese-termo-hlace-no-wind","status":"publish","type":"product","link":"https:\/\/moto-oprema.com\/hr\/Artikel\/dainese-termo-hlace-no-wind\/","title":{"rendered":"DAINESE TERMO HLA\u010cE NO WIND"},"content":{"rendered":"<p>No-Wind Thermo Pants su termalne hla\u010de izra\u0111ene od Dryarn tkanine. Zahvaljuju\u0107i prozra\u010dnoj, rastezljivoj i vjetrootpornoj membrani, No-Wind Thermo Pants pru\u017eaju veliku toplinsku udobnost i izvrsnu izolaciju. <\/p>\n<p>Visoka izolacija omogu\u0107uje zadr\u017eavanje toplog zraka tijela, \u010dime se odr\u017eava visoka tjelesna temperatura, \u0161to No-Wind termo hla\u010de \u010dini idealnim za hladnije godi\u0161nje doba.<\/p>\n<p class=\"tw-data-text tw-text-large tw-ta\" dir=\"ltr\" data-placeholder=\"Prevod\" data-ved=\"2ahUKEwj-9bKRoYeDAxUQ0AIHHUnnA6QQ3ewLegQIBRAP\"><span class=\"Y2IQFc\" lang=\"sl\">Odr\u017eava<\/span> <span class=\"Y2IQFc\" lang=\"sl\">idealnu temperaturu \u010dak i pri najni\u017eim vanjskim temperaturama.<\/span><\/p>\n<p class=\"tw-data-text tw-text-large tw-ta\" dir=\"ltr\" data-placeholder=\"Prevod\" data-ved=\"2ahUKEwj-9bKRoYeDAxUQ0AIHHUnnA6QQ3ewLegQIBRAP\">Sastav sirovine: 95% polipropilen &#8211; 5% elastan \/ vanjska tkanina: 91% poliester &#8211; 9% poliuretan<\/p>\n","protected":false},"excerpt":{"rendered":"<p>No-Wind Thermo Pants su termalne hla\u010de izra\u0111ene od Dryarn tkanine. Zahvaljuju\u0107i prozra\u010dnoj, rastezljivoj i vjetrootpornoj membrani,&#8230;<\/p>\n","protected":false},"featured_media":30385,"comment_status":"open","ping_status":"closed","template":"","meta":{"_acf_changed":false},"brand":[2800],"gender":[],"product_brand":[],"product_cat":[2854,1356,2880],"product_tag":[],"class_list":{"0":"post-135275","1":"product","2":"type-product","3":"status-publish","4":"has-post-thumbnail","6":"brand-dainese-hr","7":"product_cat-funkcionalna-odjeca-i-donje-rublje","8":"product_cat-motociklisticka-oprema","9":"product_cat-podkape-za-donje-rublje","10":"pa_size-l-hr","11":"pa_size-m-hr","12":"pa_size-xl-2xl-hr","13":"pa_size-xs-s-hr","15":"first","16":"instock","17":"sale","18":"taxable","19":"shipping-taxable","20":"purchasable","21":"product-type-variable"},"acf":[],"_links":{"self":[{"href":"https:\/\/moto-oprema.com\/hr\/wp-json\/wp\/v2\/product\/135275","targetHints":{"allow":["GET"]}}],"collection":[{"href":"https:\/\/moto-oprema.com\/hr\/wp-json\/wp\/v2\/product"}],"about":[{"href":"https:\/\/moto-oprema.com\/hr\/wp-json\/wp\/v2\/types\/product"}],"replies":[{"embeddable":true,"href":"https:\/\/moto-oprema.com\/hr\/wp-json\/wp\/v2\/comments?post=135275"}],"wp:featuredmedia":[{"embeddable":true,"href":"https:\/\/moto-oprema.com\/hr\/wp-json\/wp\/v2\/media\/30385"}],"wp:attachment":[{"href":"https:\/\/moto-oprema.com\/hr\/wp-json\/wp\/v2\/media?parent=135275"}],"wp:term":[{"taxonomy":"brand","embeddable":true,"href":"https:\/\/moto-oprema.com\/hr\/wp-json\/wp\/v2\/brand?post=135275"},{"taxonomy":"gender","embeddable":true,"href":"https:\/\/moto-oprema.com\/hr\/wp-json\/wp\/v2\/gender?post=135275"},{"taxonomy":"product_brand","embeddable":true,"href":"https:\/\/moto-oprema.com\/hr\/wp-json\/wp\/v2\/product_brand?post=135275"},{"taxonomy":"product_cat","embeddable":true,"href":"https:\/\/moto-oprema.com\/hr\/wp-json\/wp\/v2\/product_cat?post=135275"},{"taxonomy":"product_tag","embeddable":true,"href":"https:\/\/moto-oprema.com\/hr\/wp-json\/wp\/v2\/product_tag?post=135275"}],"curies":[{"name":"wp","href":"https:\/\/api.w.org\/{rel}","templated":true}]}}