{"id":135262,"date":"2024-08-05T07:49:46","date_gmt":"2024-08-05T07:49:46","guid":{"rendered":"https:\/\/moto-oprema.com\/Artikel\/agv-pista-gp-rr-performante-e2206-crna-crvena\/"},"modified":"2024-08-05T07:49:46","modified_gmt":"2024-08-05T07:49:46","slug":"agv-pista-gp-rr-performante-e2206-crna-crvena","status":"publish","type":"product","link":"https:\/\/moto-oprema.com\/hr\/Artikel\/agv-pista-gp-rr-performante-e2206-crna-crvena\/","title":{"rendered":"AGV PISTA GP RR PERFORMANTE E2206 CRNA CRVENA"},"content":{"rendered":"<p>AGV Pista GP RR Performante karbonska kaciga<\/p>\n<p>Kaciga stvorena za MotoGP\u2122 sada je dostupna svim voza\u010dima. Pista GP RR savr\u0161ena je replika AGV kacige koju koriste svjetski prvaci u motociklisti\u010dkim utrkama. Zato je dobila novu FIM homologaciju, koja jam\u010di najvi\u0161u mogu\u0107u razinu za\u0161tite. Tako\u0111er \u0161titi od opasnih rotacijskih ubrzanja glave. Svaki detalj dizajniran je za apsolutne performanse. \u0160koljka od 100% ekstremnog karbona osigurava ekstremnu lako\u0107u, tako da se nikada ne\u0107ete osje\u0107ati te\u0161ko kada je nosite. Njezini oblici i metalni otvori analizirani su u zra\u010dnom tunelu i testirani od strane AGV sporta\u0161a kako bi se postigla najbolja aerodinami\u010dka penetracija i maksimalna stabilnost pri velikim brzinama &#8211; tako\u0111er zahvaljuju\u0107i inovativnom profilu PRO stra\u017enjeg spojlera. Ultravision opti\u010dki vizir klase 1 bitan je dio za\u0161tite zahvaljuju\u0107i debljini od 5 mm i omogu\u0107uje panoramski pogled od 190\u00b0. To zna\u010di da jasnije i prije svih ostalih vidite stazu, protivnike i prepreke. Ekskluzivni 360\u00b0 Adaptive Fit sustav omogu\u0107uje potpuno pode\u0161avanje unutra\u0161njosti, daju\u0107i vam mogu\u0107nost odabira idealne debljine na vrhu glave, vratu i obrazima. Neophodna udobnost za doslovno razbistrivanje misli i razmi\u0161ljanje samo o cesti. Svaki detalj je osmi\u0161ljen za pobjedu. Ovo je savr\u0161enstvo opsesije.            <\/p>\n<p>Zna\u010dajke:<\/p>\n<ul>\n<li>Uklonjivi PRO spojler<\/li>\n<li>Trka\u0107i oblik<\/li>\n<li>2Dry: trenutno upijanje znoja<\/li>\n<li>Trodijelni podesivi jastuk za glavu<\/li>\n<li>Podesivo prileganje od 360\u00b0<\/li>\n<li>Sigurnosni sustav za otpu\u0161tanje obraza<\/li>\n<li>Jastu\u010di\u0107i za obraze: Shalimar tkanina za meko i stabilno prianjanje \u010dak i pri velikim brzinama<\/li>\n<li>Naslon za glavu: elasti\u010dna i prozra\u010dna mikrofibra<\/li>\n<li>Zakrivljeni profil za\u0161tite vrata<\/li>\n<li>Microsense: vrhunska udobnost za ko\u017eu<\/li>\n<li>Podstava: prozra\u010dna tkanina s elasti\u010dnim i vodootpornim umetcima<\/li>\n<li>Besprijekoran u osjetljivim podru\u010djima<\/li>\n<li>Uklonjiva i periva podstava<\/li>\n<li>Uklonjivi \u0161titnik za nos<\/li>\n<li>Uklonjiva za\u0161tita od vjetra<\/li>\n<li>2 stra\u017enja otvora i 5 prednjih otvora<\/li>\n<li>Metalni ventilacijski otvori i ventilacijski otvori<\/li>\n<li>190\u00b0 horizontalno vidno polje<\/li>\n<li>85\u00b0 vertikalno vidno polje<\/li>\n<li>Debljina vizira 5 mm<\/li>\n<li>Optika klase 1<\/li>\n<li>vizir otporan na ogrebotine<\/li>\n<li>Mehanizam metalnog uzorka<\/li>\n<li>Patentirani dodatni sustav za brzu promjenu vizira<\/li>\n<li>patentirani sustav zaklju\u010davanja vizira<\/li>\n<li>\n<\/li>\n<\/ul>\n<p>Tehni\u010dki podaci:<\/p>\n<ul>\n<li>100% karbonska vlakna<\/li>\n<li>Titanska kop\u010da s dvostrukim D-prstenom<\/li>\n<li>EPS 5-gusto\u0107e u 4 veli\u010dine ljuske<\/li>\n<li>\u0160koljka i EPS struktura za smanjenje rotacijskih ubrzanja<\/li>\n<li>(FIM odobreno) ECE 2206<\/li>\n<li>Te\u017eina: 1450 g (+\/- 50 g)<\/li>\n<\/ul>\n<p>Uklju\u010deno:<\/p>\n<p>1 x kaciga AGV Pista GP RR<br \/>\n 1 x Set za pode\u0161avanje unutarnjeg dijela (gornji jastu\u010di\u0107 za glavu, jastu\u010di\u0107 za vrat, jastu\u010di\u0107 za obraze)<br \/>\n 1 x Sustav za hidrataciju<br \/>\n 1 x 100% Max Vision Pinlock (120)<br \/>\n 1 x set folija za suze<br \/>\n uklju\u010duju\u0107i \u010depi\u0107e za u\u0161i<br \/>\n uklju\u010duju\u0107i poklopce za ventilaciju<\/p>\n","protected":false},"excerpt":{"rendered":"<p>AGV Pista GP RR Performante karbonska kaciga Kaciga stvorena za MotoGP\u2122 sada je dostupna svim voza\u010dima&#8230;.<\/p>\n","protected":false},"featured_media":29450,"comment_status":"open","ping_status":"open","template":"","meta":{"_acf_changed":false},"brand":[2763],"gender":[2172],"product_brand":[],"product_cat":[1358,1356,1359],"product_tag":[],"class_list":{"0":"post-135262","1":"product","2":"type-product","3":"status-publish","4":"has-post-thumbnail","6":"brand-agv-hr","7":"gender-unisex-hr","8":"product_cat-kacige","9":"product_cat-motociklisticka-oprema","10":"product_cat-sastavni","11":"pa_size-l-hr","12":"pa_size-m-hr","13":"pa_size-s-hr","14":"pa_size-xl-hr","15":"pa_size-xxl-hr","17":"first","18":"instock","19":"sale","20":"taxable","21":"shipping-taxable","22":"purchasable","23":"product-type-variable"},"acf":[],"_links":{"self":[{"href":"https:\/\/moto-oprema.com\/hr\/wp-json\/wp\/v2\/product\/135262","targetHints":{"allow":["GET"]}}],"collection":[{"href":"https:\/\/moto-oprema.com\/hr\/wp-json\/wp\/v2\/product"}],"about":[{"href":"https:\/\/moto-oprema.com\/hr\/wp-json\/wp\/v2\/types\/product"}],"replies":[{"embeddable":true,"href":"https:\/\/moto-oprema.com\/hr\/wp-json\/wp\/v2\/comments?post=135262"}],"wp:featuredmedia":[{"embeddable":true,"href":"https:\/\/moto-oprema.com\/hr\/wp-json\/wp\/v2\/media\/29450"}],"wp:attachment":[{"href":"https:\/\/moto-oprema.com\/hr\/wp-json\/wp\/v2\/media?parent=135262"}],"wp:term":[{"taxonomy":"brand","embeddable":true,"href":"https:\/\/moto-oprema.com\/hr\/wp-json\/wp\/v2\/brand?post=135262"},{"taxonomy":"gender","embeddable":true,"href":"https:\/\/moto-oprema.com\/hr\/wp-json\/wp\/v2\/gender?post=135262"},{"taxonomy":"product_brand","embeddable":true,"href":"https:\/\/moto-oprema.com\/hr\/wp-json\/wp\/v2\/product_brand?post=135262"},{"taxonomy":"product_cat","embeddable":true,"href":"https:\/\/moto-oprema.com\/hr\/wp-json\/wp\/v2\/product_cat?post=135262"},{"taxonomy":"product_tag","embeddable":true,"href":"https:\/\/moto-oprema.com\/hr\/wp-json\/wp\/v2\/product_tag?post=135262"}],"curies":[{"name":"wp","href":"https:\/\/api.w.org\/{rel}","templated":true}]}}