{"id":135222,"date":"2024-08-01T14:31:43","date_gmt":"2024-08-01T14:31:43","guid":{"rendered":"https:\/\/moto-oprema.com\/Artikel\/hjc-rpha12-maximized-venom-marvel\/"},"modified":"2024-08-01T14:31:43","modified_gmt":"2024-08-01T14:31:43","slug":"hjc-rpha12-maximized-venom-marvel","status":"publish","type":"product","link":"https:\/\/moto-oprema.com\/hr\/Artikel\/hjc-rpha12-maximized-venom-marvel\/","title":{"rendered":"HJC RPHA12 Maximized Venom Marvel"},"content":{"rendered":"<p>HJC RPHA12 &#8211; novi model popularne sportske kacige<\/p>\n<div class=\"_message-content_1fv7d_2 _message-content--markdown_1fv7d_20\">Premium Integrated Matrix \/ PIM EVO: Materijali za oja\u010danje, uklju\u010duju\u0107i hibrid ugljika i aramida i prirodna vlakna, pru\u017eaju bolje performanse u smislu otpornosti na udarce, ve\u0107e udobnosti i lak\u0161e kacige.<\/div>\n<div class=\"_message-content_1fv7d_2 _message-content--markdown_1fv7d_20\">VIZIR HJ-42 s Pinlock Ready za\u0161titom: Nudi 99% UV za\u0161titu, premaz protiv ogrebotina; \u010degrtaljka s dvosmjernim klinom osigurava glatko kretanje \u010degrtaljke i bolji hvat.<\/div>\n<div class=\"_message-content_1fv7d_2 _message-content--markdown_1fv7d_20\">Aerodinami\u010dna struktura \u0161koljke za ekstremne performanse pri najve\u0107im brzinama.<\/div>\n<div class=\"_message-content_1fv7d_2 _message-content--markdown_1fv7d_20\">Komplet za hitne slu\u010dajeve (jastu\u010di\u0107i za lice) za sigurno i brzo spa\u0161avanje u hitnim situacijama.<\/div>\n<div class=\"_message-content_1fv7d_2 _message-content--markdown_1fv7d_20\">Ve\u0107i otvor za o\u010di omogu\u0107uje voza\u010dima bolji periferni vid.<\/div>\n<div class=\"_message-content_1fv7d_2 _message-content--markdown_1fv7d_20\">Napredna antibakterijska unutarnja tkanina osigurava ve\u0107u prozra\u010dnost i brzo su\u0161enje.<\/div>\n<div class=\"_message-content_1fv7d_2 _message-content--markdown_1fv7d_20\">Unutarnja \u0161koljka i jastu\u010di\u0107i za obraze su uklonjivi i perivi.<\/div>\n<div class=\"_message-content_1fv7d_2 _message-content--markdown_1fv7d_20\">Uklju\u010duje 2D prozirne i tamne vizire za dim, Pinlock, \u0161titnik za bradu i deflektor daha.<\/div>\n<div class=\"_message-content_1fv7d_2 _message-content--markdown_1fv7d_20\">4 veli\u010dine \u0161koljke: XS, S, ML, XL-2XL.<\/div>\n<p>&nbsp;<\/p>\n","protected":false},"excerpt":{"rendered":"<p>HJC RPHA 12 kaciga za cijelo lice Boja: Maksimizirani Venom Marvel<\/p>\n","protected":false},"featured_media":135233,"comment_status":"open","ping_status":"closed","template":"","meta":{"_acf_changed":false},"brand":[2130],"gender":[],"product_brand":[],"product_cat":[1358,1356,1359],"product_tag":[],"class_list":{"0":"post-135222","1":"product","2":"type-product","3":"status-publish","4":"has-post-thumbnail","6":"brand-hjc-hr","7":"product_cat-kacige","8":"product_cat-motociklisticka-oprema","9":"product_cat-sastavni","10":"pa_size-l-hr","11":"pa_size-m-hr","12":"pa_size-s-hr","13":"pa_size-xl-hr","14":"pa_size-xs-hr","15":"pa_size-xxl-hr","16":"pa_size-xxs-hr","18":"first","19":"instock","20":"sale","21":"taxable","22":"shipping-taxable","23":"purchasable","24":"product-type-variable"},"acf":[],"_links":{"self":[{"href":"https:\/\/moto-oprema.com\/hr\/wp-json\/wp\/v2\/product\/135222","targetHints":{"allow":["GET"]}}],"collection":[{"href":"https:\/\/moto-oprema.com\/hr\/wp-json\/wp\/v2\/product"}],"about":[{"href":"https:\/\/moto-oprema.com\/hr\/wp-json\/wp\/v2\/types\/product"}],"replies":[{"embeddable":true,"href":"https:\/\/moto-oprema.com\/hr\/wp-json\/wp\/v2\/comments?post=135222"}],"wp:featuredmedia":[{"embeddable":true,"href":"https:\/\/moto-oprema.com\/hr\/wp-json\/wp\/v2\/media\/135233"}],"wp:attachment":[{"href":"https:\/\/moto-oprema.com\/hr\/wp-json\/wp\/v2\/media?parent=135222"}],"wp:term":[{"taxonomy":"brand","embeddable":true,"href":"https:\/\/moto-oprema.com\/hr\/wp-json\/wp\/v2\/brand?post=135222"},{"taxonomy":"gender","embeddable":true,"href":"https:\/\/moto-oprema.com\/hr\/wp-json\/wp\/v2\/gender?post=135222"},{"taxonomy":"product_brand","embeddable":true,"href":"https:\/\/moto-oprema.com\/hr\/wp-json\/wp\/v2\/product_brand?post=135222"},{"taxonomy":"product_cat","embeddable":true,"href":"https:\/\/moto-oprema.com\/hr\/wp-json\/wp\/v2\/product_cat?post=135222"},{"taxonomy":"product_tag","embeddable":true,"href":"https:\/\/moto-oprema.com\/hr\/wp-json\/wp\/v2\/product_tag?post=135222"}],"curies":[{"name":"wp","href":"https:\/\/api.w.org\/{rel}","templated":true}]}}