{"id":135211,"date":"2024-07-31T07:47:56","date_gmt":"2024-07-31T07:47:56","guid":{"rendered":"https:\/\/moto-oprema.com\/Artikel\/dainese-desert-tex-jakna-crna-pijesak\/"},"modified":"2024-07-31T07:47:56","modified_gmt":"2024-07-31T07:47:56","slug":"dainese-desert-tex-jakna-crna-pijesak","status":"publish","type":"product","link":"https:\/\/moto-oprema.com\/hr\/Artikel\/dainese-desert-tex-jakna-crna-pijesak\/","title":{"rendered":"DAINESE DESERT TEX JAKNA CRNA PIJESAK"},"content":{"rendered":"<p>Dainese Desert Tex motociklisti\u010dka tekstilna jakna<\/p>\n<p>Dainese Desert Tex je ljetna touring motociklisti\u010dka jakna za vo\u017enju po cesti i izvan nje, dizajnirana s laganom i izdr\u017eljivom strukturom tkanine Poly600. Tako\u0111er ima \u0161iroke omega mre\u017easte panele na prednjoj i stra\u017enjoj strani, pru\u017eaju\u0107i izvrsnu ventilaciju kada se ukloni vjetrobranska podstava, koja se mo\u017ee pohraniti u stra\u017enji d\u017eep za teret. Za\u0161titu od udaraca pru\u017eaju mekani Pro-Armor \u0161titnici na ramenima i laktovima, oja\u010dani d\u017eepom za za\u0161titu G1 ili G2 na stra\u017enjoj strani i dvostrukim \u0161titnikom na prsima. Kroj je potpuno podesiv, jer su ovratnik, struk, rukavi i man\u017eete podesivi. Desert Tex jakna idealna je za duge vo\u017enje motociklom u vru\u0107im klimama, gdje mo\u017eete prelaziti s ceste na vo\u017enju izvan ceste, nude\u0107i savr\u0161enu kombinaciju svestranosti, udobnosti i funkcionalnosti. Opremljena je sustavom spajanja jakne i hla\u010da te brojnim d\u017eepovima &#8211; \u010detiri sprijeda, jedan straga i jedan unutra &#8211; za pohranu sitnica koje su uvijek pri ruci tijekom vo\u017enje.     <\/p>\n<p>Zna\u010dajke:<\/p>\n<p>Ljetna motociklisti\u010dka jakna od lagane tehni\u010dke tkanine<br \/>\n sa \u0161irokim Omega mre\u017eastim umetcima i Pro-Armor za\u0161titom razine 2<br \/>\n Uklonjiva unutarnja podstava otporna na vjetar<br \/>\n Sustav spajanja jakne i hla\u010da<br \/>\n pode\u0161avanje rukava<br \/>\n podesivi ovratnik, struk i man\u017eete<br \/>\n 1 unutarnji d\u017eep<br \/>\n 4 d\u017eepa na prednjoj strani<br \/>\n 1 teretni d\u017eep na stra\u017enjoj strani<br \/>\n d\u017eep za \u0161titnik za le\u0111a G1 i G2<br \/>\n D\u017eepovi za dvostruku za\u0161titu prsa<br \/>\n reflektiraju\u0107i umetci<br \/>\n Umetci od mre\u017easte tkanine<br \/>\n Pro-Armor \u0161titnici (EN 1621.1, razina 2, tip B) na ramenima<br \/>\n Pro-Armor \u0161titnici (EN 1621.1, razina 2, tip B) na laktovima <\/p>\n<p>SASTAV SIROVINE<br \/>\n Materijal: vanjski materijal: 94% poliester, 6% poliuretan; podstava: 100% poliester<\/p>\n","protected":false},"excerpt":{"rendered":"<p>Dainese Desert Tex motociklisti\u010dka tekstilna jakna Dainese Desert Tex je ljetna touring motociklisti\u010dka jakna za vo\u017enju&#8230;<\/p>\n","protected":false},"featured_media":135217,"comment_status":"open","ping_status":"closed","template":"","meta":{"_acf_changed":false},"brand":[2800],"gender":[],"product_brand":[],"product_cat":[2759,1356,2761],"product_tag":[],"class_list":{"0":"post-135211","1":"product","2":"type-product","3":"status-publish","4":"has-post-thumbnail","6":"brand-dainese-hr","7":"product_cat-jakne-hr","8":"product_cat-motociklisticka-oprema","9":"product_cat-tekstilne-jakne-hr","10":"pa_size-48-hr","11":"pa_size-50-hr","12":"pa_size-52-hr","13":"pa_size-54-hr","14":"pa_size-56-hr","15":"pa_size-58-hr","16":"pa_size-60-hr","17":"pa_size-62-hr","19":"first","20":"instock","21":"sale","22":"taxable","23":"shipping-taxable","24":"purchasable","25":"product-type-variable"},"acf":[],"_links":{"self":[{"href":"https:\/\/moto-oprema.com\/hr\/wp-json\/wp\/v2\/product\/135211","targetHints":{"allow":["GET"]}}],"collection":[{"href":"https:\/\/moto-oprema.com\/hr\/wp-json\/wp\/v2\/product"}],"about":[{"href":"https:\/\/moto-oprema.com\/hr\/wp-json\/wp\/v2\/types\/product"}],"replies":[{"embeddable":true,"href":"https:\/\/moto-oprema.com\/hr\/wp-json\/wp\/v2\/comments?post=135211"}],"wp:featuredmedia":[{"embeddable":true,"href":"https:\/\/moto-oprema.com\/hr\/wp-json\/wp\/v2\/media\/135217"}],"wp:attachment":[{"href":"https:\/\/moto-oprema.com\/hr\/wp-json\/wp\/v2\/media?parent=135211"}],"wp:term":[{"taxonomy":"brand","embeddable":true,"href":"https:\/\/moto-oprema.com\/hr\/wp-json\/wp\/v2\/brand?post=135211"},{"taxonomy":"gender","embeddable":true,"href":"https:\/\/moto-oprema.com\/hr\/wp-json\/wp\/v2\/gender?post=135211"},{"taxonomy":"product_brand","embeddable":true,"href":"https:\/\/moto-oprema.com\/hr\/wp-json\/wp\/v2\/product_brand?post=135211"},{"taxonomy":"product_cat","embeddable":true,"href":"https:\/\/moto-oprema.com\/hr\/wp-json\/wp\/v2\/product_cat?post=135211"},{"taxonomy":"product_tag","embeddable":true,"href":"https:\/\/moto-oprema.com\/hr\/wp-json\/wp\/v2\/product_tag?post=135211"}],"curies":[{"name":"wp","href":"https:\/\/api.w.org\/{rel}","templated":true}]}}