{"id":135194,"date":"2024-08-02T09:34:41","date_gmt":"2024-08-02T09:34:41","guid":{"rendered":"https:\/\/moto-oprema.com\/Artikel\/alpinestars-mx-zastitna-jakna-bionic-xtr-plasma\/"},"modified":"2024-08-02T09:34:41","modified_gmt":"2024-08-02T09:34:41","slug":"alpinestars-mx-zastitna-jakna-bionic-xtr-plasma","status":"publish","type":"product","link":"https:\/\/moto-oprema.com\/hr\/Artikel\/alpinestars-mx-zastitna-jakna-bionic-xtr-plasma\/","title":{"rendered":"ALPINESTARS MX ZA\u0160TITNA JAKNA BIONIC XTR PLASMA"},"content":{"rendered":"<div class=\"rte\">\n<p>Dizajnirana za sve oblike terenske vo\u017enje, Bionic XTR Plasma za\u0161titna jakna ima anatomski profilirane Nucleon Plasma \u0161titnike smje\u0161tene u mekanim materijalnim d\u017eepovima na visoko prozra\u010dnoj podstavi za maksimalnu za\u0161titu, udobnost, malu te\u017einu i protok zraka.<br \/>\nOva jakna ima kompozitnu konstrukciju Nucleon Plasma za\u0161titnika i polukrutu termoplasti\u010dnu konstrukciju na prsima, le\u0111ima, ramenima i laktovima, pru\u017eaju\u0107i maksimalnu za\u0161titu od udara uz visoku fleksibilnost.<br \/>\nCE certificirani plutaju\u0107i \u0161titnik za prsa razine 2 ima Nucleon Plasma \u0161titnik s polukrutom termoplasti\u010dnom vanjskom \u0161koljkom postavljenom na visoko perforiranu povr\u0161inu<br \/>\n 3D mre\u017ea za optimalnu kombinaciju za\u0161tite, male te\u017eine, prilagodljivosti, fleksibilnosti i izvrsne cirkulacije zraka i prozra\u010dnosti.<br \/>\nPlazma kompozitna konstrukcija ima Nucleon plazma \u0161tit s polukrutom termoplasti\u010dnom vanjskom \u0161koljkom za optimalnu kombinaciju za\u0161tite, male te\u017eine, prilagodljivosti, fleksibilnosti te izvrsne protoka zraka i prozra\u010dnosti.<br \/>\nPodesiva bo\u010dna krila na prsima pri\u010dvr\u0161\u0107ena su zasebno, \u0161to osigurava maksimalnu fleksibilnost i vrhunsko pristajanje. Maksimalna fleksibilnost i vrhunsko pristajanje.<br \/>\n Plutaju\u0107i \u0161titnik za le\u0111a s CE certifikatom razine 2 izra\u0111en je od kompozitnog materijala i ima sredi\u0161nje polukruto termoplasti\u010dno podru\u010dje na \u0161titniku za le\u0111a Nucleon Plasma za bolju raspodjelu sile udara u kriti\u010dnom podru\u010dju.<br \/>\n Kompatibilnost s bioni\u010dkom potporom za vrat putem odvojive  <\/p>\n<p>Umetci su rebrasti, \u0161to osigurava bolju cirkulaciju zraka, a istovremeno smanjuje koli\u010dinu materijala koji dolazi u kontakt s ko\u017eom.<br \/>\n \u0160titnici za laktove i ramena se mogu skinuti radi brzog i jednostavnog pranja.<br \/>\n Za\u0161tita za le\u0111a: EN 1621-2:2014 RAZINA 2<br \/>\n Za\u0161tita za prsa: EN 1621-3:2018 RAZINA 2<br \/>\n Za\u0161tita za laktove i ramena: EN 1621-1:2012 RAZINA 1.<\/p>\n<\/div>\n","protected":false},"excerpt":{"rendered":"<p>Dizajnirana za sve oblike terenske vo\u017enje, Bionic XTR Plasma za\u0161titna jakna ima anatomski profilirane Nucleon Plasma&#8230;<\/p>\n","protected":false},"featured_media":29416,"comment_status":"open","ping_status":"open","template":"","meta":{"_acf_changed":false},"brand":[2748],"gender":[],"product_brand":[],"product_cat":[2890,2739,2733],"product_tag":[],"class_list":{"0":"post-135194","1":"product","2":"type-product","3":"status-publish","4":"has-post-thumbnail","6":"brand-alpinestars-hr","7":"product_cat-mx-stitnici-za-tijelo","8":"product_cat-mx-stitovi","9":"product_cat-oprema-za-motokros","10":"pa_size-l-hr","11":"pa_size-m-hr","12":"pa_size-s-hr","13":"pa_size-xl-hr","14":"pa_size-xxl-hr","16":"first","17":"instock","18":"sale","19":"taxable","20":"shipping-taxable","21":"purchasable","22":"product-type-variable"},"acf":[],"_links":{"self":[{"href":"https:\/\/moto-oprema.com\/hr\/wp-json\/wp\/v2\/product\/135194","targetHints":{"allow":["GET"]}}],"collection":[{"href":"https:\/\/moto-oprema.com\/hr\/wp-json\/wp\/v2\/product"}],"about":[{"href":"https:\/\/moto-oprema.com\/hr\/wp-json\/wp\/v2\/types\/product"}],"replies":[{"embeddable":true,"href":"https:\/\/moto-oprema.com\/hr\/wp-json\/wp\/v2\/comments?post=135194"}],"wp:featuredmedia":[{"embeddable":true,"href":"https:\/\/moto-oprema.com\/hr\/wp-json\/wp\/v2\/media\/29416"}],"wp:attachment":[{"href":"https:\/\/moto-oprema.com\/hr\/wp-json\/wp\/v2\/media?parent=135194"}],"wp:term":[{"taxonomy":"brand","embeddable":true,"href":"https:\/\/moto-oprema.com\/hr\/wp-json\/wp\/v2\/brand?post=135194"},{"taxonomy":"gender","embeddable":true,"href":"https:\/\/moto-oprema.com\/hr\/wp-json\/wp\/v2\/gender?post=135194"},{"taxonomy":"product_brand","embeddable":true,"href":"https:\/\/moto-oprema.com\/hr\/wp-json\/wp\/v2\/product_brand?post=135194"},{"taxonomy":"product_cat","embeddable":true,"href":"https:\/\/moto-oprema.com\/hr\/wp-json\/wp\/v2\/product_cat?post=135194"},{"taxonomy":"product_tag","embeddable":true,"href":"https:\/\/moto-oprema.com\/hr\/wp-json\/wp\/v2\/product_tag?post=135194"}],"curies":[{"name":"wp","href":"https:\/\/api.w.org\/{rel}","templated":true}]}}