{"id":135178,"date":"2024-11-27T10:28:04","date_gmt":"2024-11-27T10:28:04","guid":{"rendered":"https:\/\/moto-oprema.com\/Artikel\/dainese-x-ride-2-ergo-tek-rukavice-crno-fluocrvene\/"},"modified":"2024-11-27T10:28:04","modified_gmt":"2024-11-27T10:28:04","slug":"dainese-x-ride-2-ergo-tek-rukavice-crno-fluocrvene","status":"publish","type":"product","link":"https:\/\/moto-oprema.com\/hr\/Artikel\/dainese-x-ride-2-ergo-tek-rukavice-crno-fluocrvene\/","title":{"rendered":"Dainese X-ride 2 Ergo-tek rukavice crno-fluocrvene"},"content":{"rendered":"<div class=\"tabs-panels\">\n<p>X-Ride 2 Ergo-Tek rukavice su motociklisti\u010dke rukavice dizajnirane za maksimalnu udobnost i mobilnost zahvaljuju\u0107i kombiniranoj konstrukciji od ko\u017ee i tkanine te integriranoj Ergo-Tek tehnologiji na zglobovima.<\/p>\n<p> Strate\u0161ki polo\u017eaj rastezljive tkanine na povr\u0161ini rukavica osigurava njihovu lako\u0107u i ventilaciju, pru\u017eaju\u0107i motociklistima maksimalnu toplinsku udobnost \u010dak i pri visokim temperaturama.<\/p>\n<p> Prakti\u010dne i funkcionalne X-Ride 2 Ergo-Tek rukavice imaju rukave s rastezljivom dvostrukom trakom koja pobolj\u0161ava prianjanje i Smart Touch tehnologiju na ka\u017eiprstu s posebnom ko\u017enom obradom koja biciklistima omogu\u0107uje kori\u0161tenje pametnog telefona bez skidanja rukavica, osiguravaju\u0107i da osjetljiva podru\u010dja vo\u017enje, poput vrha ka\u017eiprsta, ostanu besprijekorna.<\/p>\n<\/div>\n","protected":false},"excerpt":{"rendered":"<p>X-Ride 2 Ergo-Tek rukavice su motociklisti\u010dke rukavice dizajnirane za maksimalnu udobnost i mobilnost zahvaljuju\u0107i kombiniranoj konstrukciji&#8230;<\/p>\n","protected":false},"featured_media":32136,"comment_status":"open","ping_status":"open","template":"","meta":{"_acf_changed":false},"brand":[2800],"gender":[],"product_brand":[],"product_cat":[2835,1356,2816],"product_tag":[2862,2864,2863],"class_list":{"0":"post-135178","1":"product","2":"type-product","3":"status-publish","4":"has-post-thumbnail","6":"brand-dainese-hr","7":"product_cat-kozne-rukavice","8":"product_cat-motociklisticka-oprema","9":"product_cat-rukavice","10":"product_tag-odjeca","11":"product_tag-rukavice","12":"product_tag-utrke","13":"pa_size-2xl-hr","14":"pa_size-3xl-hr","15":"pa_size-l-hr","16":"pa_size-m-hr","17":"pa_size-s-hr","18":"pa_size-xl-hr","20":"first","21":"instock","22":"sale","23":"taxable","24":"shipping-taxable","25":"purchasable","26":"product-type-variable"},"acf":[],"_links":{"self":[{"href":"https:\/\/moto-oprema.com\/hr\/wp-json\/wp\/v2\/product\/135178","targetHints":{"allow":["GET"]}}],"collection":[{"href":"https:\/\/moto-oprema.com\/hr\/wp-json\/wp\/v2\/product"}],"about":[{"href":"https:\/\/moto-oprema.com\/hr\/wp-json\/wp\/v2\/types\/product"}],"replies":[{"embeddable":true,"href":"https:\/\/moto-oprema.com\/hr\/wp-json\/wp\/v2\/comments?post=135178"}],"wp:featuredmedia":[{"embeddable":true,"href":"https:\/\/moto-oprema.com\/hr\/wp-json\/wp\/v2\/media\/32136"}],"wp:attachment":[{"href":"https:\/\/moto-oprema.com\/hr\/wp-json\/wp\/v2\/media?parent=135178"}],"wp:term":[{"taxonomy":"brand","embeddable":true,"href":"https:\/\/moto-oprema.com\/hr\/wp-json\/wp\/v2\/brand?post=135178"},{"taxonomy":"gender","embeddable":true,"href":"https:\/\/moto-oprema.com\/hr\/wp-json\/wp\/v2\/gender?post=135178"},{"taxonomy":"product_brand","embeddable":true,"href":"https:\/\/moto-oprema.com\/hr\/wp-json\/wp\/v2\/product_brand?post=135178"},{"taxonomy":"product_cat","embeddable":true,"href":"https:\/\/moto-oprema.com\/hr\/wp-json\/wp\/v2\/product_cat?post=135178"},{"taxonomy":"product_tag","embeddable":true,"href":"https:\/\/moto-oprema.com\/hr\/wp-json\/wp\/v2\/product_tag?post=135178"}],"curies":[{"name":"wp","href":"https:\/\/api.w.org\/{rel}","templated":true}]}}