{"id":135154,"date":"2024-10-10T09:15:28","date_gmt":"2024-10-10T09:15:28","guid":{"rendered":"https:\/\/moto-oprema.com\/Artikel\/fox-mx-hlace-flexair-infinite-celicno-sive\/"},"modified":"2024-10-10T09:15:28","modified_gmt":"2024-10-10T09:15:28","slug":"fox-mx-hlace-flexair-infinite-celicno-sive","status":"publish","type":"product","link":"https:\/\/moto-oprema.com\/hr\/Artikel\/fox-mx-hlace-flexair-infinite-celicno-sive\/","title":{"rendered":"FOX MX HLA\u010cE FLEXAIR INFINITE \u010cELI\u010cNO SIVE"},"content":{"rendered":"<p>Flexair hla\u010de su prakti\u010dne kao druga ko\u017ea.<\/p>\n<p>FOX Flexair hla\u010de su ultra lagane motokros hla\u010de dokazane na utrkama koje pru\u017eaju neusporedivo iskustvo vo\u017enje.<\/p>\n<p>Lagani materijali pobolj\u0161avaju va\u0161u mobilnost, dok RAP\u2122 tehnologija optimizira pristajanje hla\u010da u polo\u017eaju za vo\u017enju. TruMotion\u00ae rastezljivi paneli sa svih strana omogu\u0107uju neusporedivu slobodu kretanja, dok strate\u0161ki postavljeni otvori za ventilaciju pru\u017eaju maksimalan protok zraka i reguliraju tjelesnu temperaturu. Dvoslojni sustav za koljena kombinira vanjski sloj od punozrnate ko\u017ee s unutarnjim slojem otpornim na habanje za optimalnu za\u0161titu od vanjskih i unutarnjih naprezanja, a njegov pametni dizajn kompatibilan je s ortozama i \u0161titnicima. Oja\u010dana 600D plo\u010da sjedala pove\u0107ava izdr\u017eljivost bez \u017ertvovanja performansi.   <\/p>\n<p>Sastav sirovine: <span class=\"HwtZe\" lang=\"sl\"><span class=\"jCAhz ChMk0b\"><span class=\"ryNqvb\">92% poliester, 8% elastan<\/span><\/span><\/span><\/p>\n<p>Podstava: 100% poliester<\/p>\n","protected":false},"excerpt":{"rendered":"<p>Fox Flexair MX hla\u010de.<\/p>\n","protected":false},"featured_media":31273,"comment_status":"open","ping_status":"closed","template":"","meta":{"_acf_changed":false},"brand":[2738],"gender":[1313],"product_brand":[],"product_cat":[2737,2733],"product_tag":[],"class_list":{"0":"post-135154","1":"product","2":"type-product","3":"status-publish","4":"has-post-thumbnail","6":"brand-fox-hr","7":"gender-moski","8":"product_cat-mx-hlace-hr","9":"product_cat-oprema-za-motokros","10":"pa_size-30-hr","11":"pa_size-32-hr","12":"pa_size-34-hr","13":"pa_size-36-hr","15":"first","16":"onbackorder","17":"taxable","18":"shipping-taxable","19":"purchasable","20":"product-type-variable"},"acf":[],"_links":{"self":[{"href":"https:\/\/moto-oprema.com\/hr\/wp-json\/wp\/v2\/product\/135154","targetHints":{"allow":["GET"]}}],"collection":[{"href":"https:\/\/moto-oprema.com\/hr\/wp-json\/wp\/v2\/product"}],"about":[{"href":"https:\/\/moto-oprema.com\/hr\/wp-json\/wp\/v2\/types\/product"}],"replies":[{"embeddable":true,"href":"https:\/\/moto-oprema.com\/hr\/wp-json\/wp\/v2\/comments?post=135154"}],"wp:featuredmedia":[{"embeddable":true,"href":"https:\/\/moto-oprema.com\/hr\/wp-json\/wp\/v2\/media\/31273"}],"wp:attachment":[{"href":"https:\/\/moto-oprema.com\/hr\/wp-json\/wp\/v2\/media?parent=135154"}],"wp:term":[{"taxonomy":"brand","embeddable":true,"href":"https:\/\/moto-oprema.com\/hr\/wp-json\/wp\/v2\/brand?post=135154"},{"taxonomy":"gender","embeddable":true,"href":"https:\/\/moto-oprema.com\/hr\/wp-json\/wp\/v2\/gender?post=135154"},{"taxonomy":"product_brand","embeddable":true,"href":"https:\/\/moto-oprema.com\/hr\/wp-json\/wp\/v2\/product_brand?post=135154"},{"taxonomy":"product_cat","embeddable":true,"href":"https:\/\/moto-oprema.com\/hr\/wp-json\/wp\/v2\/product_cat?post=135154"},{"taxonomy":"product_tag","embeddable":true,"href":"https:\/\/moto-oprema.com\/hr\/wp-json\/wp\/v2\/product_tag?post=135154"}],"curies":[{"name":"wp","href":"https:\/\/api.w.org\/{rel}","templated":true}]}}