{"id":135107,"date":"2024-10-02T09:43:58","date_gmt":"2024-10-02T09:43:58","guid":{"rendered":"https:\/\/moto-oprema.com\/Artikel\/spidi-hlace-pathfinder-cargo-sand\/"},"modified":"2024-10-02T09:43:58","modified_gmt":"2024-10-02T09:43:58","slug":"spidi-hlace-pathfinder-cargo-sand","status":"publish","type":"product","link":"https:\/\/moto-oprema.com\/hr\/Artikel\/spidi-hlace-pathfinder-cargo-sand\/","title":{"rendered":"SPIDI HLA\u010cE PATHFINDER CARGO SAND"},"content":{"rendered":"<div id=\"tw-source-text-container\" class=\"tw-ta-container tw-nfl\">\n<div id=\"tw-target\">\n<div id=\"kAz1tf\" class=\"g9WsWb\">\n<div id=\"tw-target-text-container\" class=\"tw-ta-container tw-nfl\">\n<p id=\"tw-target-text\" class=\"tw-data-text tw-text-large tw-ta\" dir=\"ltr\" style=\"text-align: left\"><span lang=\"sl\" xml_lang=\"sl\">Izra\u0111eno od mje\u0161avine Cordure i pamuka. Podesivi i uklonjivi Warrior \u0161titnici za koljena razine 1. Spremni za no\u0161enje dodatnih Warrior Lite \u0161titnika za kukove. Certificirano u klasi A, u skladu s (UE) 2016\/454.   <\/span><\/p>\n<\/div>\n<\/div>\n<\/div>\n<\/div>\n<p>Sastav sirovine: Cordura, pamuk<\/p>\n","protected":false},"excerpt":{"rendered":"<p>Spidi Pathfinder Cargo, vrlo izdr\u017eljive hla\u010de sa \u0161est d\u017eepova.<\/p>\n","protected":false},"featured_media":135122,"comment_status":"open","ping_status":"open","template":"","meta":{"_acf_changed":false},"brand":[2732],"gender":[1313],"product_brand":[],"product_cat":[2832,1356,3402,2833],"product_tag":[],"class_list":{"0":"post-135107","1":"product","2":"type-product","3":"status-publish","4":"has-post-thumbnail","6":"brand-spidi-hr","7":"gender-moski","8":"product_cat-hlace-hr","9":"product_cat-motociklisticka-oprema","10":"product_cat-outlet-hr","11":"product_cat-traperice","12":"pa_size-28-hr","13":"pa_size-29-hr","14":"pa_size-31-hr","15":"pa_size-32-hr","16":"pa_size-33-hr","17":"pa_size-34-hr","18":"pa_size-36-hr","19":"pa_size-38-hr","20":"pa_size-40-hr","22":"first","23":"instock","24":"sale","25":"taxable","26":"shipping-taxable","27":"purchasable","28":"product-type-variable"},"acf":[],"_links":{"self":[{"href":"https:\/\/moto-oprema.com\/hr\/wp-json\/wp\/v2\/product\/135107","targetHints":{"allow":["GET"]}}],"collection":[{"href":"https:\/\/moto-oprema.com\/hr\/wp-json\/wp\/v2\/product"}],"about":[{"href":"https:\/\/moto-oprema.com\/hr\/wp-json\/wp\/v2\/types\/product"}],"replies":[{"embeddable":true,"href":"https:\/\/moto-oprema.com\/hr\/wp-json\/wp\/v2\/comments?post=135107"}],"wp:featuredmedia":[{"embeddable":true,"href":"https:\/\/moto-oprema.com\/hr\/wp-json\/wp\/v2\/media\/135122"}],"wp:attachment":[{"href":"https:\/\/moto-oprema.com\/hr\/wp-json\/wp\/v2\/media?parent=135107"}],"wp:term":[{"taxonomy":"brand","embeddable":true,"href":"https:\/\/moto-oprema.com\/hr\/wp-json\/wp\/v2\/brand?post=135107"},{"taxonomy":"gender","embeddable":true,"href":"https:\/\/moto-oprema.com\/hr\/wp-json\/wp\/v2\/gender?post=135107"},{"taxonomy":"product_brand","embeddable":true,"href":"https:\/\/moto-oprema.com\/hr\/wp-json\/wp\/v2\/product_brand?post=135107"},{"taxonomy":"product_cat","embeddable":true,"href":"https:\/\/moto-oprema.com\/hr\/wp-json\/wp\/v2\/product_cat?post=135107"},{"taxonomy":"product_tag","embeddable":true,"href":"https:\/\/moto-oprema.com\/hr\/wp-json\/wp\/v2\/product_tag?post=135107"}],"curies":[{"name":"wp","href":"https:\/\/api.w.org\/{rel}","templated":true}]}}