{"id":135049,"date":"2024-10-04T08:11:41","date_gmt":"2024-10-04T08:11:41","guid":{"rendered":"https:\/\/moto-oprema.com\/Artikel\/dainese-smart-air-prsluk-zracnog-jastuka-za-motocikl\/"},"modified":"2024-10-04T08:11:41","modified_gmt":"2024-10-04T08:11:41","slug":"dainese-smart-air-prsluk-zracnog-jastuka-za-motocikl","status":"publish","type":"product","link":"https:\/\/moto-oprema.com\/hr\/Artikel\/dainese-smart-air-prsluk-zracnog-jastuka-za-motocikl\/","title":{"rendered":"DAINESE SMART AIR &#8211; PRSLUK ZRA\u010cNOG JASTUKA ZA MOTOCIKL"},"content":{"rendered":"<p>Smart Air, daljnji razvoj Dainese Smart jakne, inovativan je sustav zra\u010dnih jastuka koji se lako mo\u017ee nositi preko ili ispod bilo koje odje\u0107e, jer ga njegov novi minimalisti\u010dki dizajn \u010dini izuzetno laganim i ergonomskim.<\/p>\n<p>Smart Air nudi iznimnu za\u0161titu, jer uklju\u010duje revolucionarni D-air\u00aeRoad sustav na prsima i le\u0111ima, a zbog iznimne lako\u0107e, izuzetno je udoban za no\u0161enje.<\/p>\n<p>Prednosti novog Smart Aira su trostruki zra\u010dni mijehovi koje nije potrebno mijenjati i prakti\u010dni generator plina koji se mo\u017ee lako i potpuno samostalno zamijeniti.<\/p>\n<p>Zra\u010dni jastuk za prsa i le\u0111a s certifikatom razine 2 i punjiva baterija s trajanjem od 12 sati.<\/p>\n<p>ZNA\u010cAJKE:<\/p>\n<ul>\n<li>Baterija do 12 sati u stanju pripravnosti<\/li>\n<\/ul>\n<p>ERGONOMIJA:<\/p>\n<ul>\n<li>Ugra\u0111eni prsluk koji se mo\u017ee nositi preko ili ispod motociklisti\u010dke odje\u0107e<\/li>\n<li>Sustav za pode\u0161avanje pojasa<\/li>\n<\/ul>\n<p>SIGURNOST:<\/p>\n<ul>\n<li>D-air\u00ae sustav zra\u010dnih jastuka<\/li>\n<\/ul>\n<p>TEMPERATURA<\/p>\n<ul>\n<li>Ventilacija i disanje<\/li>\n<\/ul>\n<p>PODRU\u010cJA POKRIVENA D-AIR\u00ae SUSTAVOM<\/p>\n<ul>\n<li>Nazad<\/li>\n<li>Prsa<\/li>\n<\/ul>\n<p>CERTIFIKATI<br \/>\n DPI (2016\/425)<\/p>\n<div>\n<div><img decoding=\"async\" src=\"https:\/\/moto-oprema.com\/wp-content\/uploads\/2025\/01\/cleardot.gif\" alt=\"cleardot.gif\"><\/div>\n<\/div>\n","protected":false},"excerpt":{"rendered":"<p>Lagan, za\u0161titni i ergonomski Dainese Smart Airbag idealan je za no\u0161enje preko ili ispod bilo koje&#8230;<\/p>\n","protected":false},"featured_media":135053,"comment_status":"open","ping_status":"closed","template":"","meta":{"_acf_changed":false},"brand":[2800],"gender":[],"product_brand":[],"product_cat":[1356,2855,2888],"product_tag":[],"class_list":{"0":"post-135049","1":"product","2":"type-product","3":"status-publish","4":"has-post-thumbnail","6":"brand-dainese-hr","7":"product_cat-motociklisticka-oprema","8":"product_cat-zastitnici-i-zracni-jastuci","9":"product_cat-zracni-jastuci","10":"pa_size-strojno-ucenje","11":"pa_size-xl-2xl-hr","12":"pa_size-xs-s-hr","14":"first","15":"instock","16":"sale","17":"taxable","18":"shipping-taxable","19":"purchasable","20":"product-type-variable"},"acf":[],"_links":{"self":[{"href":"https:\/\/moto-oprema.com\/hr\/wp-json\/wp\/v2\/product\/135049","targetHints":{"allow":["GET"]}}],"collection":[{"href":"https:\/\/moto-oprema.com\/hr\/wp-json\/wp\/v2\/product"}],"about":[{"href":"https:\/\/moto-oprema.com\/hr\/wp-json\/wp\/v2\/types\/product"}],"replies":[{"embeddable":true,"href":"https:\/\/moto-oprema.com\/hr\/wp-json\/wp\/v2\/comments?post=135049"}],"wp:featuredmedia":[{"embeddable":true,"href":"https:\/\/moto-oprema.com\/hr\/wp-json\/wp\/v2\/media\/135053"}],"wp:attachment":[{"href":"https:\/\/moto-oprema.com\/hr\/wp-json\/wp\/v2\/media?parent=135049"}],"wp:term":[{"taxonomy":"brand","embeddable":true,"href":"https:\/\/moto-oprema.com\/hr\/wp-json\/wp\/v2\/brand?post=135049"},{"taxonomy":"gender","embeddable":true,"href":"https:\/\/moto-oprema.com\/hr\/wp-json\/wp\/v2\/gender?post=135049"},{"taxonomy":"product_brand","embeddable":true,"href":"https:\/\/moto-oprema.com\/hr\/wp-json\/wp\/v2\/product_brand?post=135049"},{"taxonomy":"product_cat","embeddable":true,"href":"https:\/\/moto-oprema.com\/hr\/wp-json\/wp\/v2\/product_cat?post=135049"},{"taxonomy":"product_tag","embeddable":true,"href":"https:\/\/moto-oprema.com\/hr\/wp-json\/wp\/v2\/product_tag?post=135049"}],"curies":[{"name":"wp","href":"https:\/\/api.w.org\/{rel}","templated":true}]}}