{"id":135047,"date":"2024-10-01T08:11:03","date_gmt":"2024-10-01T08:11:03","guid":{"rendered":"https:\/\/moto-oprema.com\/Artikel\/dainese-super-adventure-absoluteshell-hlace-sive\/"},"modified":"2024-10-01T08:11:03","modified_gmt":"2024-10-01T08:11:03","slug":"dainese-super-adventure-absoluteshell-hlace-sive","status":"publish","type":"product","link":"https:\/\/moto-oprema.com\/hr\/Artikel\/dainese-super-adventure-absoluteshell-hlace-sive\/","title":{"rendered":"DAINESE SUPER ADVENTURE ABSOLUTESHELL HLA\u010cE SIVE"},"content":{"rendered":"<p>Hla\u010de Super Adventure Abs\u00f8luteshell\u2122 su motociklisti\u010dke hla\u010de koje nadopunjuju opremu Super Adventure. Dizajnirane su kako bi ponudile maksimalnu svestranost onima koji \u017eele udobno krenuti na avanturisti\u010dko putovanje izvan ceste u umjereno do vrlo vru\u0107im klimama bez \u017ertvovanja sigurnosti ili funkcionalnosti, bilo da voze stoje\u0107i ili sjede\u0107i.<br \/>\nModularna konstrukcija \u010dini ove hla\u010de izuzetno svestranim u raznim vremenskim uvjetima.<br \/>\nImaju uklonjivu Abs\u00f8luteshell\u2122 membranu koja se mo\u017ee nositi preko hla\u010da za vodootpornu za\u0161titu ili unutar hla\u010da kao dodatna toplinska barijera kada temperature padnu, te prozra\u010dne mre\u017easte plo\u010de koje se mogu koristiti jednostavnim otvaranjem bo\u010dnih patentnih zatvara\u010da za ventilaciju i preklapanjem preklopa d\u017eepa kada temperatura poraste.<br \/>\nOvaj odjevni predmet prepun je zna\u010dajki za udobnost tijekom aktivne vo\u017enje izvan ceste u stoje\u0107em polo\u017eaju, kao \u0161to su perivi ko\u017eni umeci s unutarnje strane koljena i mogu\u0107nost no\u0161enja avanturisti\u010dkih ili terenskih \u010dizama preko ili ispod hla\u010da. Posebni umeci na man\u017eetama nogavica i opse\u017ena upotreba rastezljive tkanine u me\u0111uno\u017eju i drugim strate\u0161kim podru\u010djima, zajedno s umecima od ripstop tkanine na koljenima i kukovima, nadopunjuju konstrukciju Duratex\u2122 tkanine.<br \/>\nHla\u010de Super Adventure Abs\u00f8luteshell\u2122 certificirane su prema normi EN 17092 klase AA i imaju uklonjive kompozitne \u0161titnike na koljenima certificirane prema normi EN 1621.1 razine 2, koji se mogu pode\u0161avati po visini, te Pro-Shape 2.0 \u0161titnike na bokovima certificirane prema normi EN 1621.1 razine 1. Zna\u010dajke su nadopunjene reflektiraju\u0107im umetcima za pove\u0107anu aktivnu sigurnost u uvjetima slabe vidljivosti.<br \/>\n Ovisno o \u017eeljama korisnika, ove hla\u010de se mogu podesiti u struku ili spojiti s jaknom posebnim patentnim zatvara\u010dem, koji se tako\u0111er mo\u017ee pri\u010dvrstiti na MU\u0160KE HLA\u010cE SET NARAMENICA 23M. <\/p>\n<p>Sastav sirovine: 100% najlon<\/p>\n","protected":false},"excerpt":{"rendered":"<p>Hla\u010de Super Adventure Abs\u00f8luteshell\u2122 su motociklisti\u010dke hla\u010de koje nadopunjuju opremu Super Adventure. Dizajnirane su kako bi&#8230;<\/p>\n","protected":false},"featured_media":31149,"comment_status":"open","ping_status":"open","template":"","meta":{"_acf_changed":false},"brand":[2800],"gender":[],"product_brand":[],"product_cat":[2832,1356],"product_tag":[],"class_list":{"0":"post-135047","1":"product","2":"type-product","3":"status-publish","4":"has-post-thumbnail","6":"brand-dainese-hr","7":"product_cat-hlace-hr","8":"product_cat-motociklisticka-oprema","9":"pa_size-48-hr","10":"pa_size-50-hr","11":"pa_size-52-hr","12":"pa_size-54-hr","13":"pa_size-56-hr","14":"pa_size-58-hr","15":"pa_size-60-hr","16":"pa_size-62-hr","18":"first","19":"onbackorder","20":"sale","21":"taxable","22":"shipping-taxable","23":"purchasable","24":"product-type-variable"},"acf":[],"_links":{"self":[{"href":"https:\/\/moto-oprema.com\/hr\/wp-json\/wp\/v2\/product\/135047","targetHints":{"allow":["GET"]}}],"collection":[{"href":"https:\/\/moto-oprema.com\/hr\/wp-json\/wp\/v2\/product"}],"about":[{"href":"https:\/\/moto-oprema.com\/hr\/wp-json\/wp\/v2\/types\/product"}],"replies":[{"embeddable":true,"href":"https:\/\/moto-oprema.com\/hr\/wp-json\/wp\/v2\/comments?post=135047"}],"wp:featuredmedia":[{"embeddable":true,"href":"https:\/\/moto-oprema.com\/hr\/wp-json\/wp\/v2\/media\/31149"}],"wp:attachment":[{"href":"https:\/\/moto-oprema.com\/hr\/wp-json\/wp\/v2\/media?parent=135047"}],"wp:term":[{"taxonomy":"brand","embeddable":true,"href":"https:\/\/moto-oprema.com\/hr\/wp-json\/wp\/v2\/brand?post=135047"},{"taxonomy":"gender","embeddable":true,"href":"https:\/\/moto-oprema.com\/hr\/wp-json\/wp\/v2\/gender?post=135047"},{"taxonomy":"product_brand","embeddable":true,"href":"https:\/\/moto-oprema.com\/hr\/wp-json\/wp\/v2\/product_brand?post=135047"},{"taxonomy":"product_cat","embeddable":true,"href":"https:\/\/moto-oprema.com\/hr\/wp-json\/wp\/v2\/product_cat?post=135047"},{"taxonomy":"product_tag","embeddable":true,"href":"https:\/\/moto-oprema.com\/hr\/wp-json\/wp\/v2\/product_tag?post=135047"}],"curies":[{"name":"wp","href":"https:\/\/api.w.org\/{rel}","templated":true}]}}