{"id":135038,"date":"2024-10-01T07:57:52","date_gmt":"2024-10-01T07:57:52","guid":{"rendered":"https:\/\/moto-oprema.com\/Artikel\/dainese-super-adventure-absoluteshell-jakna-siva\/"},"modified":"2024-10-01T07:57:52","modified_gmt":"2024-10-01T07:57:52","slug":"dainese-super-adventure-absoluteshell-jakna-siva","status":"publish","type":"product","link":"https:\/\/moto-oprema.com\/hr\/Artikel\/dainese-super-adventure-absoluteshell-jakna-siva\/","title":{"rendered":"DAINESE SUPER ADVENTURE ABSOLUTESHELL JAKNA SIVA"},"content":{"rendered":"<p>Super Adventure Abs\u00f8luteshell\u2122 je motociklisti\u010dka jakna koja nudi maksimalnu svestranost za one koji \u017eele udobno krenuti na avanturisti\u010dko putovanje izvan ceste u umjereno do vrlo vru\u0107im klimama bez \u017ertvovanja sigurnosti i funkcionalnosti, bilo da se vozi stoje\u0107i ili sjede\u0107i. Modularna konstrukcija nudi mogu\u0107nost uklanjanja vjetrootporne membrane, pretvaraju\u0107i jaknu u ljetni odjevni predmet za visoke temperature zahvaljuju\u0107i konstrukciji zra\u010dne mre\u017easte baze i podstavi od zra\u010dne mre\u017easte tkanine.<br \/>\n Za jo\u0161 ve\u0107u svestranost, vanjski sloj ima i patentne zatvara\u010de za ventilaciju na prsima i le\u0111ima, koji u kombinaciji s patentnim zatvara\u010dima za ventilaciju na rukavima omogu\u0107uju pode\u0161avanje cirkulacije zraka na tijelu prema potrebi. Po ki\u0161nom i lo\u0161em vremenu, u pomo\u0107 priska\u010de uklonjiva Abs\u00f8luteshell\u2122 membrana, koja se mo\u017ee nositi preko jakne za za\u0161titu od vode ili unutar nje kao dodatna toplinska barijera kada temperatura padne. Zahvaljuju\u0107i mogu\u0107nosti pakiranja, membrana se lako sprema u stra\u017enji d\u017eep. Svestranost ovog odjevnog predmeta u pogledu vremenskih uvjeta uskla\u0111ena je s njegovom svestrano\u0161\u0107u u ekstremnim uvjetima kada se kombinira s raznim konfiguracijama \u0161titnika. Jakna Super Adventure Abs\u00f8luteshell\u2122 ima kroj koji je kompatibilan s jaknama i prslucima za terensku vo\u017enju ako uklonite kompozitne \u0161titnike za ramena i laktove s certifikatom EN 1621.1 razine 2 kojima je opremljena. Razina za\u0161tite ovog motociklisti\u010dkog odjevnog predmeta s certifikatom EN 17092 AA mo\u017ee se dodatno pobolj\u0161ati ne samo d\u017eepovima za ugradnju \u0161titnika za le\u0111a tipa G i \u0161titnika za prsa Pro-Armor Chest 2 PCs, ve\u0107 i kompatibilno\u0161\u0107u pri no\u0161enju sa zra\u010dnim jastukom Dainese Smart jakne, koji je dizajniran da ispravno pristaje sa i bez zra\u010dnog jastuka koji se nosi unutra, iskori\u0161tavaju\u0107i rastezljivu konstrukciju i mijeh na le\u0111ima.<br \/>\nZna\u010dajke su nadopunjene reflektiraju\u0107im umetcima za ve\u0107u aktivnu sigurnost pri slaboj vidljivosti.<br \/>\nIzra\u0111ena od Duratex\u2122 tkanine i opremljena umetcima od ripstop tkanine na ramenima i laktovima, ova jakna mora se prilagoditi raznim konfiguracijama unutarnjeg volumena, a tako\u0111er ima umetke od rastezljive tkanine S1 i \u0161iroke mogu\u0107nosti pode\u0161avanja kroja na ovratniku, bokovima, rukavima i man\u017eetama, kao i prakti\u010dnost sustava spajanja jakne i hla\u010da te zna\u010dajke udobnosti poput Veloce Racing ovratnika i upotrebe rastezljivih umetaka. Svojom iznimnom ergonomijom, tehni\u010dkim i enduro dizajnom te funkcionalnim rje\u0161enjima poput brojnih d\u017eepova i mogu\u0107nosti pohrane hidratacijskog mjehura kapaciteta do 1,5 litara, jakna Super Adventure Abs\u00f8luteshell\u2122 idealna je motociklisti\u010dka jakna za voza\u010de koji \u017eele i\u0107i na duge vo\u017enje, \u010dak i po neravnim cestama i izvan ceste. <\/p>\n<p>Idealna motociklisti\u010dka jakna za duge, avanturisti\u010dke vo\u017enje izvan ceste u umjereno do vrlo vru\u0107im klimama.<br \/>\n Ova jakna je izuzetno svestrana, ergonomska i funkcionalna zahvaljuju\u0107i modularnom dizajnu i brojnim d\u017eepovima, tako da mo\u017eete udobno i\u0107i na duga putovanja bez \u017ertvovanja maksimalne sigurnosti.<br \/>\n U kombinaciji s hla\u010dama Super Adventure Abs\u00f8luteshell\u2122, ova jakna upotpunjuje Super Adventure odjevnu kombinaciju.<\/p>\n<ul>\n<li>FUNKCIJE<\/li>\n<li>1 vodootporni unutarnji d\u017eep<\/li>\n<li>4 prednja d\u017eepa<\/li>\n<li>Priklju\u010dak zra\u010dnog jastuka<\/li>\n<li>Kompatibilno s Roostguard za\u0161titnim prslucima za terensko kori\u0161tenje i sigurnosnim prslucima<\/li>\n<li>Motociklisti\u010dka odje\u0107a s certifikatom EN 17092 AA<\/li>\n<li>Pro\u0161irivi stra\u017enji d\u017eep<\/li>\n<li>Modularna konstrukcija<\/li>\n<li>Pro-Armor d\u017eepovi na prsima, 2 komada<\/li>\n<li>Reflektiraju\u0107i umetci<\/li>\n<li>Uklonjiva, vjetrootporna navlaka<\/li>\n<li>Komplet vodene vre\u0107e spreman<\/li>\n<li>ERGONOMIJA<br \/>\n Podesivi ovratnik, struk i man\u017eete<\/li>\n<li>Sustav za pri\u010dvr\u0161\u0107ivanje jakne i hla\u010da<\/li>\n<li>Pode\u0161avanje rukava<\/li>\n<li>Veloce natjecateljska vrata<br \/>\n GLAVNI MATERIJALI<\/li>\n<li>Prozra\u010dna mre\u017easta tkanina<\/li>\n<li>Duratex tkanina<\/li>\n<li>Mre\u017easta tkanina<\/li>\n<li>Uklonjiva i sklopiva ABS\u00d8LUTESHELL\u2122 membrana za kori\u0161tenje preko ili unutar odje\u0107e<\/li>\n<li>Ripstop tkanina<\/li>\n<li>Bielasti\u010dna S1 tkanina<br \/>\n \u0160OK U PERFORMANSAMA<\/li>\n<li>Kompozitni \u0161titnici za laktove certificirani prema EN 1621.1 razini 2<\/li>\n<li>Kompozitni \u0161titnici, certificirani prema EN 1621.1 razini 2, na ramenima<\/li>\n<li>D\u017eep za \u0161titnik za le\u0111a G1 i G2<\/li>\n<li>Pogodno za kori\u0161tenje sa sustavom zra\u010dnih jastuka Smart Air\u2122<br \/>\n TEMPERATURA<\/li>\n<li>Ventilacijski otvori na rukavima<\/li>\n<li>Prednji ventilacijski otvori<br \/>\n Stra\u017enji ventilacijski otvori<\/li>\n<\/ul>\n","protected":false},"excerpt":{"rendered":"<p>Super Adventure Abs\u00f8luteshell\u2122 je motociklisti\u010dka jakna koja nudi maksimalnu svestranost za one koji \u017eele udobno krenuti&#8230;<\/p>\n","protected":false},"featured_media":31130,"comment_status":"open","ping_status":"open","template":"","meta":{"_acf_changed":false},"brand":[2800],"gender":[],"product_brand":[],"product_cat":[2759,1356,2761],"product_tag":[],"class_list":{"0":"post-135038","1":"product","2":"type-product","3":"status-publish","4":"has-post-thumbnail","6":"brand-dainese-hr","7":"product_cat-jakne-hr","8":"product_cat-motociklisticka-oprema","9":"product_cat-tekstilne-jakne-hr","10":"pa_size-48-hr","11":"pa_size-50-hr","12":"pa_size-52-hr","13":"pa_size-54-hr","14":"pa_size-56-hr","15":"pa_size-58-hr","16":"pa_size-60-hr","17":"pa_size-62-hr","19":"first","20":"instock","21":"sale","22":"taxable","23":"shipping-taxable","24":"purchasable","25":"product-type-variable"},"acf":[],"_links":{"self":[{"href":"https:\/\/moto-oprema.com\/hr\/wp-json\/wp\/v2\/product\/135038","targetHints":{"allow":["GET"]}}],"collection":[{"href":"https:\/\/moto-oprema.com\/hr\/wp-json\/wp\/v2\/product"}],"about":[{"href":"https:\/\/moto-oprema.com\/hr\/wp-json\/wp\/v2\/types\/product"}],"replies":[{"embeddable":true,"href":"https:\/\/moto-oprema.com\/hr\/wp-json\/wp\/v2\/comments?post=135038"}],"wp:featuredmedia":[{"embeddable":true,"href":"https:\/\/moto-oprema.com\/hr\/wp-json\/wp\/v2\/media\/31130"}],"wp:attachment":[{"href":"https:\/\/moto-oprema.com\/hr\/wp-json\/wp\/v2\/media?parent=135038"}],"wp:term":[{"taxonomy":"brand","embeddable":true,"href":"https:\/\/moto-oprema.com\/hr\/wp-json\/wp\/v2\/brand?post=135038"},{"taxonomy":"gender","embeddable":true,"href":"https:\/\/moto-oprema.com\/hr\/wp-json\/wp\/v2\/gender?post=135038"},{"taxonomy":"product_brand","embeddable":true,"href":"https:\/\/moto-oprema.com\/hr\/wp-json\/wp\/v2\/product_brand?post=135038"},{"taxonomy":"product_cat","embeddable":true,"href":"https:\/\/moto-oprema.com\/hr\/wp-json\/wp\/v2\/product_cat?post=135038"},{"taxonomy":"product_tag","embeddable":true,"href":"https:\/\/moto-oprema.com\/hr\/wp-json\/wp\/v2\/product_tag?post=135038"}],"curies":[{"name":"wp","href":"https:\/\/api.w.org\/{rel}","templated":true}]}}