{"id":134995,"date":"2024-09-27T09:25:13","date_gmt":"2024-09-27T09:25:13","guid":{"rendered":"https:\/\/moto-oprema.com\/Artikel\/alpinestars-mootant-wp-parka-crna\/"},"modified":"2024-09-27T09:25:13","modified_gmt":"2024-09-27T09:25:13","slug":"alpinestars-mootant-wp-parka-crna","status":"publish","type":"product","link":"https:\/\/moto-oprema.com\/hr\/Artikel\/alpinestars-mootant-wp-parka-crna\/","title":{"rendered":"ALPINESTARS MOOTANT WP PARKA CRNA"},"content":{"rendered":"<div id=\"tw-target-text-container\" class=\"tw-ta-container tw-nfl\">\n<p id=\"tw-target-text\" class=\"tw-data-text tw-text-large tw-ta\" dir=\"ltr\" style=\"text-align: left\">Baziran na AMT liniji, dizajn Mootant cjelogodi\u0161nje parke temelji se na upotrebnim i funkcionalnim zahtjevima tipi\u010dnim za ADV Touring kategoriju.<br \/>\n Dizajnirana u ergonomskom i minimalisti\u010dkom vojnom stilu, modularna Mootant WP Parka cjelogodi\u0161nja jakna mo\u017ee se transformirati u vi\u0161e konfiguracija, omogu\u0107uju\u0107i motociklistima da slobodno izraze svoj stil i voze za\u0161ti\u0107eni u svim vremenskim uvjetima.<br \/>\n Modularnost Mootant modela omogu\u0107uje maksimalnu svestranost, jer se cjelogodi\u0161nja jakna mo\u017ee transformirati iz vjetrootporne konfiguracije u prozra\u010dnu i propusnu ljetnu jaknu ili u parku i bomber jaknu.<\/p>\n<p class=\"tw-data-text tw-text-large tw-ta\" dir=\"ltr\" style=\"text-align: left\">Mootant WP standardnog kroja sastoji se od tri odjevna predmeta:<br \/>\n 1. Glavna jakna s mre\u017eastom konstrukcijom za bolju prozra\u010dnost i ventilaciju gornjeg dijela tijela s laminiranom vodootpornom konstrukcijom na donjem dijelu tijela.<br \/>\n2. Laminirana, vodootporna kabanica s kapulja\u010dom krojeno po mjeri koja se lako skida, s ugra\u0111enim prostorom za pohranu u posebnom stra\u017enjem d\u017eepu.<br \/>\n3. Uklonjiva termalna podstava s rukavima.<br \/>\nZa\u0161titni d\u017eepovi s obrnutim patentnim zatvara\u010dem omogu\u0107uju vanjski pristup \u0161titnicima za laktove i ramena.<br \/>\nVjetrootporni sustav za zamatanje kapulja\u010de s pri\u010dvr\u0161\u0107iva\u010dima za zatezanje za smanjenje udara vjetra, s petljom\/kop\u010dom za pri\u010dvr\u0161\u0107ivanje kapulja\u010de.<br \/>\n&#8211; Sustav Tech-Air\u00ae 3 Ready.<br \/>\nNucleon Flex Plus CE \u0161titnici za ramena i laktove razine 1 za vrhunsku za\u0161titu od udara.<br \/>\nZa\u0161titni i udobni oklop Nucleon Flex Plus vrlo je fleksibilan i prozra\u010dan, nude\u0107i tanak profil za optimalnu udobnost voza\u010da i prilago\u0111enije pristajanje.<br \/>\nUnutarnja mre\u017easta podstava jakne ima unutarnje d\u017eepove dizajnirane za smje\u0161taj \u0161titnika za le\u0111a ili podijeljenog \u0161titnika za prsa, koji je dostupan kao dodatna nadogradnja.<\/p>\n<p>Primjenjuju se sljede\u0107i standardi: Potpuno certificirana motociklisti\u010dka odje\u0107a s CE certifikatom, koja je u skladu s CE standardom<br \/>\n &#8211; kategorija II EN17092-4:2020<br \/>\n &#8211; Klasa A.<br \/>\n Nucleon Flex Plus CE razina 1, za\u0161tita od udara kategorije II prema normi EN 17092-6:2020<br \/>\n &#8211; Klasa udara C. <\/p>\n<p>Sastav sirovine<\/p>\n<p>100% poliester<\/p>\n<\/div>\n<div id=\"z6maec\" class=\"tw-ta-container tw-nfl\"><\/div>\n","protected":false},"excerpt":{"rendered":"<p>Boja: Crna<\/p>\n","protected":false},"featured_media":31080,"comment_status":"open","ping_status":"open","template":"","meta":{"_acf_changed":false},"brand":[2748],"gender":[],"product_brand":[],"product_cat":[2759,1356,2761],"product_tag":[],"class_list":{"0":"post-134995","1":"product","2":"type-product","3":"status-publish","4":"has-post-thumbnail","6":"brand-alpinestars-hr","7":"product_cat-jakne-hr","8":"product_cat-motociklisticka-oprema","9":"product_cat-tekstilne-jakne-hr","10":"pa_size-3xl-hr","11":"pa_size-l-hr","12":"pa_size-m-hr","13":"pa_size-s-hr","14":"pa_size-xl-hr","15":"pa_size-xxl-hr","17":"first","18":"instock","19":"sale","20":"taxable","21":"shipping-taxable","22":"purchasable","23":"product-type-variable"},"acf":[],"_links":{"self":[{"href":"https:\/\/moto-oprema.com\/hr\/wp-json\/wp\/v2\/product\/134995","targetHints":{"allow":["GET"]}}],"collection":[{"href":"https:\/\/moto-oprema.com\/hr\/wp-json\/wp\/v2\/product"}],"about":[{"href":"https:\/\/moto-oprema.com\/hr\/wp-json\/wp\/v2\/types\/product"}],"replies":[{"embeddable":true,"href":"https:\/\/moto-oprema.com\/hr\/wp-json\/wp\/v2\/comments?post=134995"}],"wp:featuredmedia":[{"embeddable":true,"href":"https:\/\/moto-oprema.com\/hr\/wp-json\/wp\/v2\/media\/31080"}],"wp:attachment":[{"href":"https:\/\/moto-oprema.com\/hr\/wp-json\/wp\/v2\/media?parent=134995"}],"wp:term":[{"taxonomy":"brand","embeddable":true,"href":"https:\/\/moto-oprema.com\/hr\/wp-json\/wp\/v2\/brand?post=134995"},{"taxonomy":"gender","embeddable":true,"href":"https:\/\/moto-oprema.com\/hr\/wp-json\/wp\/v2\/gender?post=134995"},{"taxonomy":"product_brand","embeddable":true,"href":"https:\/\/moto-oprema.com\/hr\/wp-json\/wp\/v2\/product_brand?post=134995"},{"taxonomy":"product_cat","embeddable":true,"href":"https:\/\/moto-oprema.com\/hr\/wp-json\/wp\/v2\/product_cat?post=134995"},{"taxonomy":"product_tag","embeddable":true,"href":"https:\/\/moto-oprema.com\/hr\/wp-json\/wp\/v2\/product_tag?post=134995"}],"curies":[{"name":"wp","href":"https:\/\/api.w.org\/{rel}","templated":true}]}}