{"id":134777,"date":"2024-09-24T07:54:00","date_gmt":"2024-09-24T07:54:00","guid":{"rendered":"https:\/\/moto-oprema.com\/Artikel\/alpinestars-zastitnik-za-leda-nucleon-plasma-crveni\/"},"modified":"2024-09-24T07:54:00","modified_gmt":"2024-09-24T07:54:00","slug":"alpinestars-zastitnik-za-leda-nucleon-plasma-crveni","status":"publish","type":"product","link":"https:\/\/moto-oprema.com\/hr\/Artikel\/alpinestars-zastitnik-za-leda-nucleon-plasma-crveni\/","title":{"rendered":"ALPINESTARS ZA\u0160TITNIK ZA LE\u0110A NUCLEON PLASMA CRVENI"},"content":{"rendered":"<p><strong>Alpinestars Nucleon Plasma \u0161titnik za le\u0111a &#8211; TURTLE<\/strong><\/p>\n<p>Ergonomski dizajnirani \u0161titnik za le\u0111a Nucleon Plasma s remenom dizajniran je da bude lagan, prozra\u010dan, udoban i za\u0161titni, te ima ugra\u0111eni dugi \u0161titnik za le\u0111a Nucleon Plasma s kompozitnim polukrutim termoplasti\u010dnim sredi\u0161njim dijelom kralje\u017enice s vanjske strane za dodatnu za\u0161titu.<br \/>\n Za\u0161titnik za le\u0111a s CE certifikatom razine 2 izra\u0111en je od kompozitnog materijala i ima sredi\u0161nju polukrutu termoplasti\u010dnu zonu na \u0161titniku za le\u0111a Nucleon Plasma za ve\u0107u raspr\u0161ivanje sile udara u kriti\u010dnom podru\u010dju.<br \/>\n Inovativni dizajn Plasma M osigurava protok zraka i odvo\u0111enje topline, a taj se dizajn ponavlja na strate\u0161ki postavljenoj polukrutoj zoni kako bi se osigurala nesmetana ventilacija.<br \/>\n Mekana baza osigurava strukturni integritet za\u0161titnika, sprje\u010davaju\u0107i bilo kakvo kidanje.<br \/>\n Potpuno podesivi remeni za ramena i struk za potpuno prilago\u0111avanje.<br \/>\n Naramenice su odvojive, \u0161to omogu\u0107uje brzu i jednostavnu prenamjenu \u0161titnika u trka\u0107u verziju. Plazma pobolj\u0161ana udobnost voza\u010da.<br \/>\n Visoka prozra\u010dnost zbog<br \/>\n strukture i kanalizirane unutarnje povr\u0161ine koje omogu\u0107uju cirkulaciju zraka.<br \/>\n Izra\u0111ena s mekom, ugodnom na dodir unutarnjom podstavom za dodatnu udobnost voza\u010da.<br \/>\n Iznimno lagani \u0161titnik za le\u0111a razvijen je u tri dimenzije od struka do ramena kako bi pokrio sve veli\u010dine tijela.<br \/>\n Bo\u010dne trake opremljene su V-konfiguracijom, \u0161to osigurava u\u010dinkovito prianjanje \u0161titnika za le\u0111a, prate\u0107i zakrivljenost kralje\u017enice.<br \/>\n Udarne performanse zna\u010dajno prema\u0161uju minimalne zahtjeve CE certifikata.<br \/>\n EN 1621:2 RAZINA 2<\/p>\n","protected":false},"excerpt":{"rendered":"<p>Alpinestars Nucleon Plasma \u0161titnik za le\u0111a &#8211; TURTLE Ergonomski dizajnirani \u0161titnik za le\u0111a Nucleon Plasma s&#8230;<\/p>\n","protected":false},"featured_media":30838,"comment_status":"open","ping_status":"closed","template":"","meta":{"_acf_changed":false},"brand":[2748],"gender":[],"product_brand":[],"product_cat":[1356,2855],"product_tag":[],"class_list":{"0":"post-134777","1":"product","2":"type-product","3":"status-publish","4":"has-post-thumbnail","6":"brand-alpinestars-hr","7":"product_cat-motociklisticka-oprema","8":"product_cat-zastitnici-i-zracni-jastuci","9":"pa_size-l-hr","10":"pa_size-m-hr","11":"pa_size-s-hr","12":"pa_size-xl-hr","13":"pa_size-xs-hr","15":"first","16":"instock","17":"sale","18":"taxable","19":"shipping-taxable","20":"purchasable","21":"product-type-variable"},"acf":[],"_links":{"self":[{"href":"https:\/\/moto-oprema.com\/hr\/wp-json\/wp\/v2\/product\/134777","targetHints":{"allow":["GET"]}}],"collection":[{"href":"https:\/\/moto-oprema.com\/hr\/wp-json\/wp\/v2\/product"}],"about":[{"href":"https:\/\/moto-oprema.com\/hr\/wp-json\/wp\/v2\/types\/product"}],"replies":[{"embeddable":true,"href":"https:\/\/moto-oprema.com\/hr\/wp-json\/wp\/v2\/comments?post=134777"}],"wp:featuredmedia":[{"embeddable":true,"href":"https:\/\/moto-oprema.com\/hr\/wp-json\/wp\/v2\/media\/30838"}],"wp:attachment":[{"href":"https:\/\/moto-oprema.com\/hr\/wp-json\/wp\/v2\/media?parent=134777"}],"wp:term":[{"taxonomy":"brand","embeddable":true,"href":"https:\/\/moto-oprema.com\/hr\/wp-json\/wp\/v2\/brand?post=134777"},{"taxonomy":"gender","embeddable":true,"href":"https:\/\/moto-oprema.com\/hr\/wp-json\/wp\/v2\/gender?post=134777"},{"taxonomy":"product_brand","embeddable":true,"href":"https:\/\/moto-oprema.com\/hr\/wp-json\/wp\/v2\/product_brand?post=134777"},{"taxonomy":"product_cat","embeddable":true,"href":"https:\/\/moto-oprema.com\/hr\/wp-json\/wp\/v2\/product_cat?post=134777"},{"taxonomy":"product_tag","embeddable":true,"href":"https:\/\/moto-oprema.com\/hr\/wp-json\/wp\/v2\/product_tag?post=134777"}],"curies":[{"name":"wp","href":"https:\/\/api.w.org\/{rel}","templated":true}]}}