{"id":134712,"date":"2024-09-24T08:52:35","date_gmt":"2024-09-24T08:52:35","guid":{"rendered":"https:\/\/moto-oprema.com\/Artikel\/alpinestars-st-1-wp-jakna-crna\/"},"modified":"2024-09-24T08:52:35","modified_gmt":"2024-09-24T08:52:35","slug":"alpinestars-st-1-wp-jakna-crna","status":"publish","type":"product","link":"https:\/\/moto-oprema.com\/hr\/Artikel\/alpinestars-st-1-wp-jakna-crna\/","title":{"rendered":"ALPINESTARS ST-1 WP JAKNA CRNA"},"content":{"rendered":"<div id=\"tw-target-text-container\" class=\"tw-ta-container tw-nfl\">\n<p id=\"tw-target-text\" class=\"tw-data-text tw-text-large tw-ta\" dir=\"ltr\" style=\"text-align: left\">Dizajnirana za voza\u010de koji tra\u017ee prednosti vodootporne, svevremenske konstrukcije, jakna ST-1 WP osmi\u0161ljena je za ergonomsku mobilnost i ima uklonjivu termalnu podstavu.<br \/>\nJakna ST-1 WP nudi moderan stil i vrhunsku udobnost za voza\u010de, posebno u mokrim uvjetima vo\u017enje, a u kombinaciji s hla\u010dama ST-1 WP postaje savr\u0161ena cestovna odje\u0107a za sve vremenske uvjete.<br \/>\nNeklizaju\u0107a vodootporna podloga osigurava performanse u vla\u017enim vremenskim uvjetima.<br \/>\nPrednji ventilacijski paneli na prsima osiguravaju protok zraka za hla\u0111enje jer ventilacijski sustav jakne pru\u017ea ve\u0107u povr\u0161inu za izmjenu zraka, pobolj\u0161avaju\u0107i prozra\u010dnost i nude\u0107i optimalnu udobnost vo\u017enje.<br \/>\nRedefinirani, moderni dizajn ramena sa stilskim Alpinestars brendiranjem daje jakni izgled inspiriran avanturisti\u010dkim turizmom.<br \/>\nJakna ST-1 WP ima udoban kroj s prethodno zakrivljenim ramenima i ergonomskim laktovima za izvrsnu slobodu kretanja.<br \/>\nErgonomski d\u017eepovi za teret s tankim dizajnom i ugra\u0111enim pro\u0161irenjem pru\u017eaju dodatni kapacitet pohrane, osiguravaju\u0107i ve\u0107u upotrebljivost, prakti\u010dnost i moderan, elegantan izgled.<br \/>\nUklonjiva termalna podstava, torzo od 80 g i rukavi od 80 g s gumbima za pri\u010dvr\u0161\u0107ivanje podstave na jaknu, mogu se prakti\u010dno pohraniti u prostrani donji stra\u017enji d\u017eep jakne, \u0161to omogu\u0107uje svestranost u stvarnom svijetu.<br \/>\nSpremno za Tech-Air\u00ae,<br \/>\n Fiksna WP baza za zajam\u010dene performanse u vodenim putovima.<br \/>\nNucieon Flex Plus \u0161titnici za laktove i ramena s CE ocjenom razine 1 za u\u010dinkovitu za\u0161titu od udara.<br \/>\nU skladu s europskim pravnim propisima, oznaka CE uvjet je za uskla\u0111enost prilikom stavljanja ovog proizvoda na tr\u017ei\u0161te.<br \/>\nZa ovaj proizvod primjenjuju se sljede\u0107i standardi:<br \/>\nPotpuno CE certificirana motociklisti\u010dka odje\u0107a<br \/>\n&#8211; kategorija II EN 17092-4:2020<\/p>\n<p>Sastav sirovine<\/p>\n<p>100% poliester<\/p>\n<\/div>\n<div id=\"z6maec\" class=\"tw-ta-container tw-nfl\"><\/div>\n","protected":false},"excerpt":{"rendered":"<p>Boja: Crna<\/p>\n","protected":false},"featured_media":30855,"comment_status":"open","ping_status":"open","template":"","meta":{"_acf_changed":false},"brand":[2748],"gender":[],"product_brand":[],"product_cat":[2759,1356,2761],"product_tag":[],"class_list":{"0":"post-134712","1":"product","2":"type-product","3":"status-publish","4":"has-post-thumbnail","6":"brand-alpinestars-hr","7":"product_cat-jakne-hr","8":"product_cat-motociklisticka-oprema","9":"product_cat-tekstilne-jakne-hr","10":"pa_size-3xl-hr","11":"pa_size-l-hr","12":"pa_size-m-hr","13":"pa_size-s-hr","14":"pa_size-xl-hr","15":"pa_size-xxl-hr","17":"first","18":"instock","19":"sale","20":"taxable","21":"shipping-taxable","22":"purchasable","23":"product-type-variable"},"acf":[],"_links":{"self":[{"href":"https:\/\/moto-oprema.com\/hr\/wp-json\/wp\/v2\/product\/134712","targetHints":{"allow":["GET"]}}],"collection":[{"href":"https:\/\/moto-oprema.com\/hr\/wp-json\/wp\/v2\/product"}],"about":[{"href":"https:\/\/moto-oprema.com\/hr\/wp-json\/wp\/v2\/types\/product"}],"replies":[{"embeddable":true,"href":"https:\/\/moto-oprema.com\/hr\/wp-json\/wp\/v2\/comments?post=134712"}],"wp:featuredmedia":[{"embeddable":true,"href":"https:\/\/moto-oprema.com\/hr\/wp-json\/wp\/v2\/media\/30855"}],"wp:attachment":[{"href":"https:\/\/moto-oprema.com\/hr\/wp-json\/wp\/v2\/media?parent=134712"}],"wp:term":[{"taxonomy":"brand","embeddable":true,"href":"https:\/\/moto-oprema.com\/hr\/wp-json\/wp\/v2\/brand?post=134712"},{"taxonomy":"gender","embeddable":true,"href":"https:\/\/moto-oprema.com\/hr\/wp-json\/wp\/v2\/gender?post=134712"},{"taxonomy":"product_brand","embeddable":true,"href":"https:\/\/moto-oprema.com\/hr\/wp-json\/wp\/v2\/product_brand?post=134712"},{"taxonomy":"product_cat","embeddable":true,"href":"https:\/\/moto-oprema.com\/hr\/wp-json\/wp\/v2\/product_cat?post=134712"},{"taxonomy":"product_tag","embeddable":true,"href":"https:\/\/moto-oprema.com\/hr\/wp-json\/wp\/v2\/product_tag?post=134712"}],"curies":[{"name":"wp","href":"https:\/\/api.w.org\/{rel}","templated":true}]}}