{"id":134663,"date":"2024-09-20T09:12:56","date_gmt":"2024-09-20T09:12:56","guid":{"rendered":"https:\/\/moto-oprema.com\/Artikel\/alpinestars-stella-t-sps-v2-wp-jakna-crna-crvena\/"},"modified":"2024-09-20T09:12:56","modified_gmt":"2024-09-20T09:12:56","slug":"alpinestars-stella-t-sps-v2-wp-jakna-crna-crvena","status":"publish","type":"product","link":"https:\/\/moto-oprema.com\/hr\/Artikel\/alpinestars-stella-t-sps-v2-wp-jakna-crna-crvena\/","title":{"rendered":"ALPINESTARS STELLA T-SPS V2 WP JAKNA CRNA\/CRVENA"},"content":{"rendered":"<div id=\"tw-target-text-container\" class=\"tw-ta-container tw-nfl\">\n<p>Stella (\u017eenska) T-SPS v2 WP jakna za sve vremenske uvjete ima revidirani sportski kroj s novom dinami\u010dnom siluetom dizajniranom za pove\u0107anu udobnost vo\u017enje i elegantan izgled izveden iz utrka.<br \/>\n Izra\u0111ena od napredne mje\u0161avine izdr\u017eljive, otporne na habanje 600D polietilenske tkanine, koja pru\u017ea za\u0161titu i vrhunsku udobnost voza\u010da, potpuno zalijepljena WP membranska jakna s uklonjivom termalnom podstavom dizajnirana je kako bi voza\u010de odr\u017eala toplima i suhima po hladnom ili lo\u0161em vremenu. S vode\u0107om Nucleon Flex Plus za\u0161titom na ramenima i laktovima, T-SPS v2 WP jakna idealna je za gradsku vo\u017enju. Za sportske voza\u010de koji tra\u017ee elegantnu i utrkama inspiriranu WP tekstilnu jaknu, T-SPS v2 je odli\u010dan izbor, pru\u017eaju\u0107i udobnost tijekom cijele godine i performanse po mokrom vremenu.<br \/>\n Izdr\u017eljiva glavna konstrukcija od 600D poliestera s unutarnjim oja\u010danjima na ramenima i laktovima za dodatnu otpornost na habanje.<br \/>\n Fiksna vodootporna unutarnja podstava dizajnirana da jaha\u010da odr\u017ei suhim.<br \/>\n Uklonjiva termo podstava, 80 g za tijelo, 80 g za rukave, za optimalnu toplinu, pristajanje i udobnost.<br \/>\n Izravni otvori za ventilaciju s patentnim zatvara\u010dem strate\u0161ki postavljeni s obje strane torza za optimalan protok zraka kroz sve slojeve kada su otvoreni i za ventilaciju fiksne WP membrane.   <\/p>\n<p>Spremno za Tech-Air\u00ae<br \/>\n Nucleon Flex Plus za\u0161tita laktova i ramena za za\u0161titu od udara.<br \/>\n Za ovaj proizvod primjenjuju se sljede\u0107i standardi:<br \/>\n Pravilnik o osobnoj za\u0161titnoj opremi CE kategorije II EN 17092<br \/>\n &#8211; Klasa A.<\/p>\n<p>Sastav sirovine<\/p>\n<p>100% poliester<\/p>\n<\/div>\n<div id=\"z6maec\" class=\"tw-ta-container tw-nfl\"><\/div>\n","protected":false},"excerpt":{"rendered":"<p>Boja: crno-fluorescentno crvena<\/p>\n","protected":false},"featured_media":30782,"comment_status":"open","ping_status":"open","template":"","meta":{"_acf_changed":false},"brand":[2748],"gender":[],"product_brand":[],"product_cat":[2759,1356,2761],"product_tag":[],"class_list":{"0":"post-134663","1":"product","2":"type-product","3":"status-publish","4":"has-post-thumbnail","6":"brand-alpinestars-hr","7":"product_cat-jakne-hr","8":"product_cat-motociklisticka-oprema","9":"product_cat-tekstilne-jakne-hr","10":"pa_size-2xl-hr","11":"pa_size-l-hr","12":"pa_size-m-hr","13":"pa_size-s-hr","14":"pa_size-xl-hr","15":"pa_size-xs-hr","17":"first","18":"instock","19":"sale","20":"taxable","21":"shipping-taxable","22":"purchasable","23":"product-type-variable"},"acf":[],"_links":{"self":[{"href":"https:\/\/moto-oprema.com\/hr\/wp-json\/wp\/v2\/product\/134663","targetHints":{"allow":["GET"]}}],"collection":[{"href":"https:\/\/moto-oprema.com\/hr\/wp-json\/wp\/v2\/product"}],"about":[{"href":"https:\/\/moto-oprema.com\/hr\/wp-json\/wp\/v2\/types\/product"}],"replies":[{"embeddable":true,"href":"https:\/\/moto-oprema.com\/hr\/wp-json\/wp\/v2\/comments?post=134663"}],"wp:featuredmedia":[{"embeddable":true,"href":"https:\/\/moto-oprema.com\/hr\/wp-json\/wp\/v2\/media\/30782"}],"wp:attachment":[{"href":"https:\/\/moto-oprema.com\/hr\/wp-json\/wp\/v2\/media?parent=134663"}],"wp:term":[{"taxonomy":"brand","embeddable":true,"href":"https:\/\/moto-oprema.com\/hr\/wp-json\/wp\/v2\/brand?post=134663"},{"taxonomy":"gender","embeddable":true,"href":"https:\/\/moto-oprema.com\/hr\/wp-json\/wp\/v2\/gender?post=134663"},{"taxonomy":"product_brand","embeddable":true,"href":"https:\/\/moto-oprema.com\/hr\/wp-json\/wp\/v2\/product_brand?post=134663"},{"taxonomy":"product_cat","embeddable":true,"href":"https:\/\/moto-oprema.com\/hr\/wp-json\/wp\/v2\/product_cat?post=134663"},{"taxonomy":"product_tag","embeddable":true,"href":"https:\/\/moto-oprema.com\/hr\/wp-json\/wp\/v2\/product_tag?post=134663"}],"curies":[{"name":"wp","href":"https:\/\/api.w.org\/{rel}","templated":true}]}}