{"id":134633,"date":"2024-09-20T08:07:29","date_gmt":"2024-09-20T08:07:29","guid":{"rendered":"https:\/\/moto-oprema.com\/Artikel\/alpinestars-amt-8-stretch-drystar-xf-hlace-crne\/"},"modified":"2024-09-20T08:07:29","modified_gmt":"2024-09-20T08:07:29","slug":"alpinestars-amt-8-stretch-drystar-xf-hlace-crne","status":"publish","type":"product","link":"https:\/\/moto-oprema.com\/hr\/Artikel\/alpinestars-amt-8-stretch-drystar-xf-hlace-crne\/","title":{"rendered":"ALPINESTARS AMT-8 STRETCH DRYSTAR XF HLA\u010cE CRNE"},"content":{"rendered":"<p>Hla\u010de AMT-8 Stretch Drystar\u00aeXF, novi dodatak liniji AMT (Alpinestars Motion Technology), dizajnirane su kako bi pru\u017eile najvi\u0161u razinu udobnosti tijekom vo\u017enje na duge staze. Kao i ostatak serije, hla\u010de AMT-8 imaju AKTIVNI kroj, ergonomski dizajniran kako bi pru\u017eile slobodu kretanja, vrhunsku udobnost i za\u0161titu, a istovremeno pru\u017eaju visoku razinu ventilacije i prozra\u010dnosti. Sa strate\u0161ki postavljenim hiperflow otvorima i vodootpornom, rastezljivom Drystar\u00aeXF podstavom, hla\u010de AMT-8 dizajnirane su kako bi voza\u010dima pru\u017eile rashladnu ventilaciju na podru\u010djima gdje im je najpotrebnija, odr\u017eavaju\u0107i ih suhima u te\u0161kim vremenskim uvjetima.  <\/p>\n<ul>\n<li>Visoko prozra\u010dne, 100% rastezljive hla\u010de za neusporedivu fleksibilnost i vrhunsku udobnost voza\u010da.<\/li>\n<li>AKTIVNI kroj za putovanja s prethodno zakrivljenim nogavicama i ergonomskim koljenima za vrhunsku udobnost voza\u010da.<\/li>\n<li>Dugi otvori za ventilaciju na bedrima s patentnim zatvara\u010dem pru\u017eaju visoku razinu protoka zraka za hla\u0111enje kada su otvoreni, djeluju\u0107i kao lopatice za hvatanje zraka iz dolaznog protoka zraka. Hyperflow ventilacijski sustav u hla\u010dama AMT-8 pru\u017ea ve\u0107u povr\u0161inu za izmjenu zraka, dok bo\u010dni otvori za ventilaciju na bedrima ostaju otvoreni zahvaljuju\u0107i unutarnjem sustavu za zadr\u017eavanje u\u017eeta. <\/li>\n<li>Vodootporna, rastezljiva Drystar\u00aeXF podstava vrlo je svestrana i mo\u017ee se koristiti kao unutarnji sloj za\u0161tite od vjetra kada se nosi ispod hla\u010da ili kao WP sloj za ki\u0161u kada se nosi preko hla\u010da. Kada se ne koristi, podstava se mo\u017ee lako spremiti u ugra\u0111enu torbicu i prakti\u010dno pohraniti u stra\u017enji d\u017eep AMT-8 jakne. <\/li>\n<\/ul>\n<p>Primjenjuju se sljede\u0107i standardi: Potpuno CE certificirana odje\u0107a za jahanje<br \/>\n &#8211; kategorija II EN17092-3: 2020<br \/>\n &#8211; Klasa AA.<\/p>\n","protected":false},"excerpt":{"rendered":"<p>Hla\u010de AMT-8 Stretch Drystar\u00aeXF, novi dodatak liniji AMT (Alpinestars Motion Technology), dizajnirane su kako bi pru\u017eile&#8230;<\/p>\n","protected":false},"featured_media":134643,"comment_status":"open","ping_status":"closed","template":"","meta":{"_acf_changed":false},"brand":[2748],"gender":[],"product_brand":[],"product_cat":[2832,1356,2857],"product_tag":[],"class_list":{"0":"post-134633","1":"product","2":"type-product","3":"status-publish","4":"has-post-thumbnail","6":"brand-alpinestars-hr","7":"product_cat-hlace-hr","8":"product_cat-motociklisticka-oprema","9":"product_cat-tekstilne-hlace-hr","10":"pa_velikost-st-l-hr","11":"pa_velikost-st-m-hr","12":"pa_velikost-st-s-hr","13":"pa_velikost-st-xl-hr","14":"pa_velikost-st-xxl-hr","15":"pa_velikost-st-xxxl-hr","17":"first","18":"instock","19":"sale","20":"taxable","21":"shipping-taxable","22":"purchasable","23":"product-type-variable"},"acf":[],"_links":{"self":[{"href":"https:\/\/moto-oprema.com\/hr\/wp-json\/wp\/v2\/product\/134633","targetHints":{"allow":["GET"]}}],"collection":[{"href":"https:\/\/moto-oprema.com\/hr\/wp-json\/wp\/v2\/product"}],"about":[{"href":"https:\/\/moto-oprema.com\/hr\/wp-json\/wp\/v2\/types\/product"}],"replies":[{"embeddable":true,"href":"https:\/\/moto-oprema.com\/hr\/wp-json\/wp\/v2\/comments?post=134633"}],"wp:featuredmedia":[{"embeddable":true,"href":"https:\/\/moto-oprema.com\/hr\/wp-json\/wp\/v2\/media\/134643"}],"wp:attachment":[{"href":"https:\/\/moto-oprema.com\/hr\/wp-json\/wp\/v2\/media?parent=134633"}],"wp:term":[{"taxonomy":"brand","embeddable":true,"href":"https:\/\/moto-oprema.com\/hr\/wp-json\/wp\/v2\/brand?post=134633"},{"taxonomy":"gender","embeddable":true,"href":"https:\/\/moto-oprema.com\/hr\/wp-json\/wp\/v2\/gender?post=134633"},{"taxonomy":"product_brand","embeddable":true,"href":"https:\/\/moto-oprema.com\/hr\/wp-json\/wp\/v2\/product_brand?post=134633"},{"taxonomy":"product_cat","embeddable":true,"href":"https:\/\/moto-oprema.com\/hr\/wp-json\/wp\/v2\/product_cat?post=134633"},{"taxonomy":"product_tag","embeddable":true,"href":"https:\/\/moto-oprema.com\/hr\/wp-json\/wp\/v2\/product_tag?post=134633"}],"curies":[{"name":"wp","href":"https:\/\/api.w.org\/{rel}","templated":true}]}}