{"id":134599,"date":"2024-09-20T07:50:23","date_gmt":"2024-09-20T07:50:23","guid":{"rendered":"https:\/\/moto-oprema.com\/Artikel\/alpinestars-amt-8-stretch-drystar-xf-jakna-crna\/"},"modified":"2025-10-09T07:19:22","modified_gmt":"2025-10-09T07:19:22","slug":"alpinestars-amt-8-stretch-drystar-xf-jakna-crna","status":"publish","type":"product","link":"https:\/\/moto-oprema.com\/hr\/Artikel\/alpinestars-amt-8-stretch-drystar-xf-jakna-crna\/","title":{"rendered":"ALPINESTARS AMT-8 STRETCH DRYSTAR XF JAKNA CRNA"},"content":{"rendered":"<p>Alpinestars AMT-8 Stretch Drystar XF jakna novi je dodatak AMT (Alpinestars Motion Touring) liniji i dizajnirana je kako bi pru\u017eila najvi\u0161u razinu udobnosti tijekom vo\u017enje na duge staze. Poput ostalih AMT jakni u ponudi, AMT-8 jakna ima AKTIVNI kroj, ergonomski dizajniran kako bi pru\u017eila maksimalan raspon pokreta i slobodu kretanja, pru\u017eaju\u0107i vrhunsku udobnost i za\u0161titu uz visoku razinu ventilacije i prozra\u010dnosti. Sa strate\u0161ki postavljenim hiperflow otvorima i vodootpornom, rastezljivom Drystar\u00aeXF podstavom, AMT-8 jakna dizajnirana je kako bi voza\u010dima pru\u017eila rashladnu ventilaciju na podru\u010djima gdje im je najpotrebnija, odr\u017eavaju\u0107i ih suhima u te\u0161kim vremenskim uvjetima.<br \/>\nVisoko prozra\u010dna, 100% rastezljiva jakna za neusporedivu fleksibilnost i vrhunsku udobnost voza\u010da.<br \/>\nAKTIVNI kroj za putovanja, s prethodno zakrivljenim ramenima, ergonomskim laktovima i oblikovanim rubom za vrhunsku udobnost voza\u010da.<br \/>\nDugi otvori s patentnim zatvara\u010dem na prsima i rukavima pru\u017eaju visoku razinu protoka zraka za hla\u0111enje kada su otvoreni, djeluju\u0107i kao lopatice za hvatanje zraka iz dolaznog strujanja zraka.<br \/>\nHyperflow ventilacijski sustav jakne AMT-8 pru\u017ea ve\u0107u povr\u0161inu za izmjenu zraka, a bo\u010dni otvori na prsima su otvoreni zahvaljuju\u0107i unutarnjem sustavu za zadr\u017eavanje u\u017eeta.<br \/>\nStra\u017enji otvor za zrak dizajniran je kao \u0161alica, uvijek otvoren i preusmjerava dolazni zrak iz prednjih otvora, omogu\u0107uju\u0107i stalan kri\u017eni protok zraka, pri \u010demu je protok zraka sprijeda i straga usmjeren prema unutra.<br \/>\nVodootporna, rastezljiva Drystar\u00aeXF podstava vrlo je svestrana i mo\u017ee se koristiti kao unutarnji sloj za\u0161tite od vjetra kada se nosi ispod jakne ili kao WP sloj za za\u0161titu od ki\u0161e kada se nosi preko jakne. Kada se ne koristi, podstava se mo\u017ee lako spremiti u ugra\u0111enu torbicu i prakti\u010dno pohraniti u stra\u017enji d\u017eep AMT-8.<br \/>\n Spremno za Tech-Air\u00ae i kompatibilno s Tech-Air\u00ae 7x.<br \/>\n Nucleon Plasma Pro kategorija II EN 1621-1:2012 \u0160titnici razine 2 na ramenima i laktovima za u\u010dinkovitu za\u0161titu od udara.<br \/>\n U skladu s europskim pravnim propisima, oznaka CE uvjet je za uskla\u0111enost prilikom stavljanja ovog proizvoda na tr\u017ei\u0161te.<br \/>\n Primjenjuju se sljede\u0107i standardi: Potpuno CE certificirana motociklisti\u010dka odje\u0107a<br \/>\n &#8211; kategorija II EN17092-3: 2020<br \/>\n &#8211; Klasa AA.<\/p>\n","protected":false},"excerpt":{"rendered":"<p>Alpinestars AMT-8 Stretch Drystar XF jakna novi je dodatak AMT (Alpinestars Motion Touring) liniji i dizajnirana&#8230;<\/p>\n","protected":false},"featured_media":134613,"comment_status":"open","ping_status":"closed","template":"","meta":{"_acf_changed":false},"brand":[2748],"gender":[],"product_brand":[],"product_cat":[2759,1356,2761],"product_tag":[],"class_list":{"0":"post-134599","1":"product","2":"type-product","3":"status-publish","4":"has-post-thumbnail","6":"brand-alpinestars-hr","7":"product_cat-jakne-hr","8":"product_cat-motociklisticka-oprema","9":"product_cat-tekstilne-jakne-hr","10":"pa_size-l-hr","11":"pa_size-m-hr","12":"pa_size-s-hr","13":"pa_size-xl-hr","14":"pa_size-xxl-hr","15":"pa_size-xxxl-hr","17":"first","18":"instock","19":"sale","20":"taxable","21":"shipping-taxable","22":"purchasable","23":"product-type-variable"},"acf":[],"_links":{"self":[{"href":"https:\/\/moto-oprema.com\/hr\/wp-json\/wp\/v2\/product\/134599","targetHints":{"allow":["GET"]}}],"collection":[{"href":"https:\/\/moto-oprema.com\/hr\/wp-json\/wp\/v2\/product"}],"about":[{"href":"https:\/\/moto-oprema.com\/hr\/wp-json\/wp\/v2\/types\/product"}],"replies":[{"embeddable":true,"href":"https:\/\/moto-oprema.com\/hr\/wp-json\/wp\/v2\/comments?post=134599"}],"wp:featuredmedia":[{"embeddable":true,"href":"https:\/\/moto-oprema.com\/hr\/wp-json\/wp\/v2\/media\/134613"}],"wp:attachment":[{"href":"https:\/\/moto-oprema.com\/hr\/wp-json\/wp\/v2\/media?parent=134599"}],"wp:term":[{"taxonomy":"brand","embeddable":true,"href":"https:\/\/moto-oprema.com\/hr\/wp-json\/wp\/v2\/brand?post=134599"},{"taxonomy":"gender","embeddable":true,"href":"https:\/\/moto-oprema.com\/hr\/wp-json\/wp\/v2\/gender?post=134599"},{"taxonomy":"product_brand","embeddable":true,"href":"https:\/\/moto-oprema.com\/hr\/wp-json\/wp\/v2\/product_brand?post=134599"},{"taxonomy":"product_cat","embeddable":true,"href":"https:\/\/moto-oprema.com\/hr\/wp-json\/wp\/v2\/product_cat?post=134599"},{"taxonomy":"product_tag","embeddable":true,"href":"https:\/\/moto-oprema.com\/hr\/wp-json\/wp\/v2\/product_tag?post=134599"}],"curies":[{"name":"wp","href":"https:\/\/api.w.org\/{rel}","templated":true}]}}