{"id":134450,"date":"2024-09-13T07:49:41","date_gmt":"2024-09-13T07:49:41","guid":{"rendered":"https:\/\/moto-oprema.com\/Artikel\/alpinestars-kozna-jakna-faster-v3-crna\/"},"modified":"2024-09-13T07:49:41","modified_gmt":"2024-09-13T07:49:41","slug":"alpinestars-kozna-jakna-faster-v3-crna","status":"publish","type":"product","link":"https:\/\/moto-oprema.com\/hr\/Artikel\/alpinestars-kozna-jakna-faster-v3-crna\/","title":{"rendered":"ALPINESTARS KO\u017dNA JAKNA FASTER V3 CRNA"},"content":{"rendered":"<p>Ko\u017ena jakna Faster v3 je vrhunska sportska motociklisti\u010dka jakna s visokokvalitetnom ko\u017eom i opse\u017enim HRSF rastezljivim panelima za optimalnu otpornost na habanje i pobolj\u0161anu pokretljivost. Kombinira vrhunsku za\u0161titu s vrhunskom udobno\u0161\u0107u voza\u010da. Rafinirana, oja\u010dana sportska silueta jakne koristi dinami\u010dne linije i detalje obrade kako bi ponudila svje\u017e i moderan stil izveden iz utrka.  <\/p>\n<ul>\n<li>Visoko izdr\u017eljiva i tehni\u010dka ko\u017ea s vi\u0161eslojnom konstrukcijom za trajnost i udobnost<\/li>\n<li>Opse\u017eni, napredni HRSF rastezljivi paneli na prsima, le\u0111ima, trbuhu, pazusima, lopaticama i unutarnjoj strani ruku za optimalno, visokou\u010dinkovito pristajanje i maksimalnu slobodu kretanja na biciklu.<\/li>\n<li>Sportski kroj s prethodno oblikovanim ramenima i ergonomskim laktovima za vrhunsku udobnost i pristajanje voza\u010du.<\/li>\n<li>Ventilacijski otvori s patentnim zatvara\u010dem sa strane gornjeg dijela tijela za dodatnu ventilaciju.<\/li>\n<li>pode\u0161avanje remena za prilago\u0111eno pristajanje.<\/li>\n<li>Nova, ergonomska konstrukcija ovratnika s izrezima i unutarnjim ovratnikom od sinteti\u010dke bru\u0161ene ko\u017ee za pobolj\u0161anu udobnost voza\u010da.<\/li>\n<\/ul>\n<p>Sastav sirovine: 80% ko\u017ea 20% poliester<\/p>\n","protected":false},"excerpt":{"rendered":"<p>Ko\u017ena jakna Faster v3 je vrhunska sportska motociklisti\u010dka jakna s visokokvalitetnom ko\u017eom i opse\u017enim HRSF rastezljivim&#8230;<\/p>\n","protected":false},"featured_media":30511,"comment_status":"open","ping_status":"open","template":"","meta":{"_acf_changed":false},"brand":[2748],"gender":[],"product_brand":[],"product_cat":[2759,1356,2761],"product_tag":[],"class_list":{"0":"post-134450","1":"product","2":"type-product","3":"status-publish","4":"has-post-thumbnail","6":"brand-alpinestars-hr","7":"product_cat-jakne-hr","8":"product_cat-motociklisticka-oprema","9":"product_cat-tekstilne-jakne-hr","10":"pa_velikost-st-46-hr","11":"pa_velikost-st-48-hr","12":"pa_velikost-st-50-hr","13":"pa_velikost-st-52-hr","14":"pa_velikost-st-54-hr","15":"pa_velikost-st-56-hr","16":"pa_velikost-st-58-hr","17":"pa_velikost-st-60-hr","19":"first","20":"onbackorder","21":"sale","22":"taxable","23":"shipping-taxable","24":"purchasable","25":"product-type-variable"},"acf":[],"_links":{"self":[{"href":"https:\/\/moto-oprema.com\/hr\/wp-json\/wp\/v2\/product\/134450","targetHints":{"allow":["GET"]}}],"collection":[{"href":"https:\/\/moto-oprema.com\/hr\/wp-json\/wp\/v2\/product"}],"about":[{"href":"https:\/\/moto-oprema.com\/hr\/wp-json\/wp\/v2\/types\/product"}],"replies":[{"embeddable":true,"href":"https:\/\/moto-oprema.com\/hr\/wp-json\/wp\/v2\/comments?post=134450"}],"wp:featuredmedia":[{"embeddable":true,"href":"https:\/\/moto-oprema.com\/hr\/wp-json\/wp\/v2\/media\/30511"}],"wp:attachment":[{"href":"https:\/\/moto-oprema.com\/hr\/wp-json\/wp\/v2\/media?parent=134450"}],"wp:term":[{"taxonomy":"brand","embeddable":true,"href":"https:\/\/moto-oprema.com\/hr\/wp-json\/wp\/v2\/brand?post=134450"},{"taxonomy":"gender","embeddable":true,"href":"https:\/\/moto-oprema.com\/hr\/wp-json\/wp\/v2\/gender?post=134450"},{"taxonomy":"product_brand","embeddable":true,"href":"https:\/\/moto-oprema.com\/hr\/wp-json\/wp\/v2\/product_brand?post=134450"},{"taxonomy":"product_cat","embeddable":true,"href":"https:\/\/moto-oprema.com\/hr\/wp-json\/wp\/v2\/product_cat?post=134450"},{"taxonomy":"product_tag","embeddable":true,"href":"https:\/\/moto-oprema.com\/hr\/wp-json\/wp\/v2\/product_tag?post=134450"}],"curies":[{"name":"wp","href":"https:\/\/api.w.org\/{rel}","templated":true}]}}