{"id":134369,"date":"2024-09-12T07:34:04","date_gmt":"2024-09-12T07:34:04","guid":{"rendered":"https:\/\/moto-oprema.com\/Artikel\/alpinestars-jakna-missile-ignition-v3-crna-bijela-crvena\/"},"modified":"2024-09-12T07:34:04","modified_gmt":"2024-09-12T07:34:04","slug":"alpinestars-jakna-missile-ignition-v3-crna-bijela-crvena","status":"publish","type":"product","link":"https:\/\/moto-oprema.com\/hr\/Artikel\/alpinestars-jakna-missile-ignition-v3-crna-bijela-crvena\/","title":{"rendered":"ALPINESTARS JAKNA MISSILE IGNITION V3 CRNA BIJELA CRVENA"},"content":{"rendered":"<p>Ko\u017ena jakna Missile v3 je vrhunska jakna izvedena izravno iz MotoGP-a i uklju\u010duje napredne razine trka\u0107e tehnologije kako bi pru\u017eila vrhunsku za\u0161titu, udobnost i stil. Jakna ima najsuvremenije za\u0161titne tehnologije, uklju\u010duju\u0107i be\u0161avni DFS sustav, Phantom Black Shadow TPU \u0161titnike na vanjskim ramenima i Alpinestars Nucleon PLASMA Pro Level 2 oklop na ramenima i laktovima. Jakna je spremna za Tech-Air\u00ae i kompatibilna je s novim Tech-Air\u00ae 7x sustavom zra\u010dnih jastuka te je razvijena kako bi pru\u017eila najvi\u0161u razinu aktivne trka\u0107e za\u0161tite. Moderan, sportski dizajn ko\u017ene jakne Missile v3 nudi zapanjuju\u0107u, trka\u0107om inspiriranu estetiku &#8211; savr\u0161ena trka\u0107a jakna za voza\u010de koji tra\u017ee najvi\u0161u razinu trka\u0107e tehnologije.   <\/p>\n<ul>\n<li>Visokokvalitetna gove\u0111a ko\u017ea pru\u017ea izvrsnu otpornost na habanje.<\/li>\n<li>Napredni tehni\u010dki rastezljivi paneli na prsima, gornjem dijelu le\u0111a, unutarnjoj strani ruku, pazusima i struku s PU oja\u010danjima na stra\u017enjim panelima za optimalnu udobnost tijekom vo\u017enje.<\/li>\n<li>Uklonjiva termalna podstava, 80 g tijelo\/60 g rukavi, savr\u0161eno za odr\u017eavanje topline voza\u010da u hladnijim danima na stazi ili cesti.<\/li>\n<li>Novi be\u0161avni ovratnik i rub zape\u0161\u0107a osiguravaju malu te\u017einu i pobolj\u0161anu udobnost za voza\u010da.<\/li>\n<li>Opremljeni prethodno zakrivljenim ramenima za pobolj\u0161ane performanse, vrhunsku udobnost i slobodu kretanja u polo\u017eaju za vo\u017enju.<\/li>\n<\/ul>\n<p>Sastav sirovine:<\/p>\n<p>vanjski<\/p>\n<p>&#8211; 82% ko\u017ea 18% poliamid<\/p>\n<p>unutra\u0161njost<\/p>\n<p>&#8211; 80% poliester 16% poliamid 4% ostalo<\/p>\n<div class=\"accordion-main\">\n<div id=\"jq-product-info-accordion\" class=\"product-info-accordion\">\n<div class=\"product-info-inner\">\n<ul>\n<li>\n<\/li>\n<\/ul>\n<\/div>\n<\/div>\n<\/div>\n","protected":false},"excerpt":{"rendered":"<p>Boja: Crna &#8211; Bijela &#8211; Fluo crvena<\/p>\n","protected":false},"featured_media":30436,"comment_status":"open","ping_status":"open","template":"","meta":{"_acf_changed":false},"brand":[2748],"gender":[],"product_brand":[],"product_cat":[2759,1356,2761],"product_tag":[],"class_list":{"0":"post-134369","1":"product","2":"type-product","3":"status-publish","4":"has-post-thumbnail","6":"brand-alpinestars-hr","7":"product_cat-jakne-hr","8":"product_cat-motociklisticka-oprema","9":"product_cat-tekstilne-jakne-hr","10":"pa_size-48-hr","11":"pa_size-50-hr","12":"pa_size-52-hr","13":"pa_size-54-hr","14":"pa_size-56-hr","15":"pa_size-58-hr","16":"pa_size-60-hr","18":"first","19":"outofstock","20":"sale","21":"taxable","22":"shipping-taxable","23":"purchasable","24":"product-type-variable"},"acf":[],"_links":{"self":[{"href":"https:\/\/moto-oprema.com\/hr\/wp-json\/wp\/v2\/product\/134369","targetHints":{"allow":["GET"]}}],"collection":[{"href":"https:\/\/moto-oprema.com\/hr\/wp-json\/wp\/v2\/product"}],"about":[{"href":"https:\/\/moto-oprema.com\/hr\/wp-json\/wp\/v2\/types\/product"}],"replies":[{"embeddable":true,"href":"https:\/\/moto-oprema.com\/hr\/wp-json\/wp\/v2\/comments?post=134369"}],"wp:featuredmedia":[{"embeddable":true,"href":"https:\/\/moto-oprema.com\/hr\/wp-json\/wp\/v2\/media\/30436"}],"wp:attachment":[{"href":"https:\/\/moto-oprema.com\/hr\/wp-json\/wp\/v2\/media?parent=134369"}],"wp:term":[{"taxonomy":"brand","embeddable":true,"href":"https:\/\/moto-oprema.com\/hr\/wp-json\/wp\/v2\/brand?post=134369"},{"taxonomy":"gender","embeddable":true,"href":"https:\/\/moto-oprema.com\/hr\/wp-json\/wp\/v2\/gender?post=134369"},{"taxonomy":"product_brand","embeddable":true,"href":"https:\/\/moto-oprema.com\/hr\/wp-json\/wp\/v2\/product_brand?post=134369"},{"taxonomy":"product_cat","embeddable":true,"href":"https:\/\/moto-oprema.com\/hr\/wp-json\/wp\/v2\/product_cat?post=134369"},{"taxonomy":"product_tag","embeddable":true,"href":"https:\/\/moto-oprema.com\/hr\/wp-json\/wp\/v2\/product_tag?post=134369"}],"curies":[{"name":"wp","href":"https:\/\/api.w.org\/{rel}","templated":true}]}}