{"id":134304,"date":"2024-09-11T09:21:09","date_gmt":"2024-09-11T09:21:09","guid":{"rendered":"https:\/\/moto-oprema.com\/Artikel\/alpinestars-1-dijni-gp-r7-kombinezon-crveno-crni\/"},"modified":"2024-09-11T09:21:09","modified_gmt":"2024-09-11T09:21:09","slug":"alpinestars-1-dijni-gp-r7-kombinezon-crveno-crni","status":"publish","type":"product","link":"https:\/\/moto-oprema.com\/hr\/Artikel\/alpinestars-1-dijni-gp-r7-kombinezon-crveno-crni\/","title":{"rendered":"ALPINESTARS 1-DIJNI GP-R7 KOMBINEZON CRVENO-CRNI"},"content":{"rendered":"<p>Ko\u017eno odijelo GP-R7 1PC dizajnirano je za voza\u010de na stazi i napredne cestovne voza\u010de. Optimizirano za upotrebu na cesti ili trka\u0107oj stazi, izra\u0111eno je od visokokvalitetne natjecateljske kravlje ko\u017ee debljine 1,3 mm, koja pru\u017ea izvrsnu otpornost na habanje, fleksibilnost i udobnost. Odijelo ima trka\u0107i kroj i opse\u017ene perforacije za optimalnu cirkulaciju zraka. Tako\u0111er je opremljeno zategnutim prednjim dijelom, koji je posebno prilago\u0111en kacigi Alpinestars Supertech R10 i osigurava optimalnu aerodinami\u010dku u\u010dinkovitost. Tako\u0111er je izuzetno za\u0161titno zahvaljuju\u0107i oklopu Nucleon PLASMA Pro.    <\/p>\n<ul>\n<li>Mekana gove\u0111a ko\u017ea debljine 1,3 mm s dvostrukim slojevima na kriti\u010dnim mjestima za optimalnu fleksibilnost i otpornost na habanje.<\/li>\n<li>Opremljeno je Alpinestars Nucleon PLASMA Pro CE Level 2 oklopom. PLASMA je ekolo\u0161ki prihvatljiv, odr\u017eiv i lagan materijal koji apsorbira udarce dostupan samo od Alpinestarsa. Njegov inovativni dizajn nudi vode\u0107e razine prilagodljivosti, prozra\u010dnosti i ventilacije. Ovi visoko prilagodljivi \u0161titnici, anatomski optimizirani posebno za ovo odijelo, pru\u017eaju optimalnu ravnote\u017eu izme\u0111u prijenosa snage, fleksibilnosti i udobnosti.<br \/>\n Uklju\u010duje Alpinestarsovu aerodinami\u010dnu grbu Supertech R10 &#8216;Race&#8217; specifikacije.    <\/li>\n<li>Optimizirano za kori\u0161tenje s Alpinestars Tech-Air\u00ae sustavima zra\u010dnih jastuka; Tech-Air\u00ae 5, Tech-Air\u00ae 10 i kompatibilno je s novim Tech-Air\u00ae 7x sustavom zra\u010dnih jastuka.<\/li>\n<li>Iznimno prozra\u010dan dizajn s velikim perforacijama po cijelom torzu i bedrima, s perforiranim ko\u017enim panelima i lokaliziranim perforacijama na rukavima za maksimalnu cirkulaciju zraka, ventilaciju i prozra\u010dnost.<\/li>\n<li>Unaprijed oblikovane ruke, noge i trup s produ\u017eenim vi\u0161esmjernim ko\u017enim harmonikama na lopaticama, donjem dijelu le\u0111a i koljenima za bolje pristajanje.<\/li>\n<li>Kevlar\u00ae zona prianjanja strate\u0161ki je postavljena na unutarnjoj strani koljena za optimalan osje\u0107aj i kontakt sa spremnikom motocikla.<\/li>\n<li>Kevlar\u00ae je za\u0161titni znak podru\u017enica tvrtke DuPont de Nemours, Inc. i koristi se pod licencom tvrtke Alpinestars SpA.<\/li>\n<\/ul>\n<p>SIGURNOST:<\/p>\n<ul>\n<li>CE razina 2 Nucleon PLASMA Pro na laktovima, ramenima, koljenima i potkoljenicama (Pro Knee Long); ekolo\u0161ki prihvatljiv i odr\u017eiv, izuzetno mekan materijal koji apsorbira udarce mje\u0161avina je biomaterijala i visokou\u010dinkovitog poliuretana za izvrsnu fleksibilnost i bolje pristajanje, a istovremeno je vrlo dobro prozra\u010den za izvrsnu protok zraka i prozra\u010dnost.<\/li>\n<li>Nucleon PLASMA Pro \u0161titnik za koljena ima produ\u017eeni dizajn koji pokriva i koljeno i potkoljenicu, a razvijen je kori\u0161tenjem napredne tehnologije mapiranja tijela kako bi se postigla optimalna ravnote\u017ea izme\u0111u za\u0161titne pokrivenosti i prilagodljivosti, te je posebno anatomski dizajniran za kompatibilnost s ovim odijelom.<\/li>\n<li>PLASMA oklop dostupan je u tri razli\u010dite veli\u010dine za precizno pristajanje.<\/li>\n<li>Ovo odijelo mo\u017ee se opremiti i Nucleon PLASMA Race Chest and Full Back Level 2 CE \u0161titnicima, koji su dostupni kao dodatna nadogradnja. <\/li>\n<li>Integrirani \u0161titnici za ramena i koljena dvostruke gusto\u0107e GP DFS, s kliza\u010dem za laktove DFS RR s zamjenjivim umetkom, za vrhunsku kontrolu trenja.<\/li>\n<li>Odijelo GP-R 7 kompatibilno je s novim sustavom zra\u010dnih jastuka Tech-Air\u00ae 7x i posebno je dizajnirano za smje\u0161taj \u017ei\u010danog LED zaslona Tech-Air\u00ae 7x (dostupan kao dodatna oprema), a opremljeno je i d\u017eepom za Bluetooth zaslon Tech-Air\u00ae 10.<\/li>\n<li>Potpuno certificirana CE odje\u0107a za jahanje &#8211; kategorija II EN 17092-2:2020 &#8211; klasa <strong>AAA<\/strong> .<\/li>\n<\/ul>\n<p>&nbsp;<\/p>\n","protected":false},"excerpt":{"rendered":"<p>Boja: CRVENA &#8211; Crna<\/p>\n","protected":false},"featured_media":30395,"comment_status":"open","ping_status":"open","template":"","meta":{"_acf_changed":false},"brand":[2748],"gender":[],"product_brand":[],"product_cat":[2879,1356],"product_tag":[],"class_list":{"0":"post-134304","1":"product","2":"type-product","3":"status-publish","4":"has-post-thumbnail","6":"brand-alpinestars-hr","7":"product_cat-jednodijelni-kombinezoni","8":"product_cat-motociklisticka-oprema","9":"pa_size-44-hr","10":"pa_size-46-hr","11":"pa_size-48-hr","12":"pa_size-50-hr","13":"pa_size-52-hr","14":"pa_size-54-hr","15":"pa_size-56-hr","16":"pa_size-58-hr","17":"pa_size-60-hr","19":"first","20":"outofstock","21":"sale","22":"taxable","23":"shipping-taxable","24":"purchasable","25":"product-type-variable"},"acf":[],"_links":{"self":[{"href":"https:\/\/moto-oprema.com\/hr\/wp-json\/wp\/v2\/product\/134304","targetHints":{"allow":["GET"]}}],"collection":[{"href":"https:\/\/moto-oprema.com\/hr\/wp-json\/wp\/v2\/product"}],"about":[{"href":"https:\/\/moto-oprema.com\/hr\/wp-json\/wp\/v2\/types\/product"}],"replies":[{"embeddable":true,"href":"https:\/\/moto-oprema.com\/hr\/wp-json\/wp\/v2\/comments?post=134304"}],"wp:featuredmedia":[{"embeddable":true,"href":"https:\/\/moto-oprema.com\/hr\/wp-json\/wp\/v2\/media\/30395"}],"wp:attachment":[{"href":"https:\/\/moto-oprema.com\/hr\/wp-json\/wp\/v2\/media?parent=134304"}],"wp:term":[{"taxonomy":"brand","embeddable":true,"href":"https:\/\/moto-oprema.com\/hr\/wp-json\/wp\/v2\/brand?post=134304"},{"taxonomy":"gender","embeddable":true,"href":"https:\/\/moto-oprema.com\/hr\/wp-json\/wp\/v2\/gender?post=134304"},{"taxonomy":"product_brand","embeddable":true,"href":"https:\/\/moto-oprema.com\/hr\/wp-json\/wp\/v2\/product_brand?post=134304"},{"taxonomy":"product_cat","embeddable":true,"href":"https:\/\/moto-oprema.com\/hr\/wp-json\/wp\/v2\/product_cat?post=134304"},{"taxonomy":"product_tag","embeddable":true,"href":"https:\/\/moto-oprema.com\/hr\/wp-json\/wp\/v2\/product_tag?post=134304"}],"curies":[{"name":"wp","href":"https:\/\/api.w.org\/{rel}","templated":true}]}}