{"id":134285,"date":"2024-04-08T08:16:21","date_gmt":"2024-04-08T08:16:21","guid":{"rendered":"https:\/\/moto-oprema.com\/Artikel\/alpinestars-amt-7-air-jakna-crna\/"},"modified":"2024-04-08T08:16:21","modified_gmt":"2024-04-08T08:16:21","slug":"alpinestars-amt-7-air-jakna-crna","status":"publish","type":"product","link":"https:\/\/moto-oprema.com\/hr\/Artikel\/alpinestars-amt-7-air-jakna-crna\/","title":{"rendered":"ALPINESTARS AMT-7 AIR JAKNA CRNA"},"content":{"rendered":"<p>AMT-7 zra\u010dna jakna dizajnirana je za optimalnu za\u0161titu, udobnost, ventilaciju i protok zraka u toplim uvjetima vo\u017enje, koriste\u0107i Alpinestarsove najnaprednije tehnologije materijala, uklju\u010duju\u0107i opse\u017ene MATYRX\u00ae panele za pobolj\u0161ani protok zraka i mehani\u010dke performanse.<\/p>\n<p>1. Ovo je jakna s savr\u0161enom prozra\u010dno\u0161\u0107u koja pru\u017ea visoku razinu za\u0161tite.<br \/>\n 2. Kroj specifi\u010dan za cestu sa smanjenom duljinom, profiliranim rubom i prethodno oblikovanim ramenima za vrhunsku udobnost voza\u010da i smanjeni umor.<br \/>\n 3. Strate\u0161ke laserske perforacije za optimalnu ventilaciju.<br \/>\n 4. MATRYX\u00ae ventilacijski umeci na prsima i le\u0111ima za protok zraka za hla\u0111enje.<br \/>\n 5. CORDURA\u00ae ripstop na podlakticama, laktovima i ramenima za u\u010dinkovitu otpornost na habanje.<br \/>\n 6. RIDEKNIT\u00ae unutarnja konstrukcija na rukavima za ve\u0107u slobodu kretanja i pobolj\u0161anu cirkulaciju zraka.<br \/>\n 7. Mogu\u0107nost nadogradnje s Alpinestars AMT termalnom oblogom i AMT Drystar\u00aeXF Storm Gear za dodatne performanse u svim vremenskim uvjetima.<\/p>\n","protected":false},"excerpt":{"rendered":"<p>AMT-7 zra\u010dna jakna dizajnirana je za optimalnu za\u0161titu, udobnost, ventilaciju i protok zraka u toplim uvjetima&#8230;<\/p>\n","protected":false},"featured_media":27961,"comment_status":"open","ping_status":"open","template":"","meta":{"_acf_changed":false},"brand":[2748],"gender":[],"product_brand":[],"product_cat":[2759,1356,2761],"product_tag":[],"class_list":{"0":"post-134285","1":"product","2":"type-product","3":"status-publish","4":"has-post-thumbnail","6":"brand-alpinestars-hr","7":"product_cat-jakne-hr","8":"product_cat-motociklisticka-oprema","9":"product_cat-tekstilne-jakne-hr","10":"pa_size-l-hr","11":"pa_size-m-hr","12":"pa_size-s-hr","13":"pa_size-xl-hr","14":"pa_size-xxl-hr","15":"pa_size-xxxl-hr","17":"first","18":"instock","19":"sale","20":"taxable","21":"shipping-taxable","22":"purchasable","23":"product-type-variable"},"acf":[],"_links":{"self":[{"href":"https:\/\/moto-oprema.com\/hr\/wp-json\/wp\/v2\/product\/134285","targetHints":{"allow":["GET"]}}],"collection":[{"href":"https:\/\/moto-oprema.com\/hr\/wp-json\/wp\/v2\/product"}],"about":[{"href":"https:\/\/moto-oprema.com\/hr\/wp-json\/wp\/v2\/types\/product"}],"replies":[{"embeddable":true,"href":"https:\/\/moto-oprema.com\/hr\/wp-json\/wp\/v2\/comments?post=134285"}],"wp:featuredmedia":[{"embeddable":true,"href":"https:\/\/moto-oprema.com\/hr\/wp-json\/wp\/v2\/media\/27961"}],"wp:attachment":[{"href":"https:\/\/moto-oprema.com\/hr\/wp-json\/wp\/v2\/media?parent=134285"}],"wp:term":[{"taxonomy":"brand","embeddable":true,"href":"https:\/\/moto-oprema.com\/hr\/wp-json\/wp\/v2\/brand?post=134285"},{"taxonomy":"gender","embeddable":true,"href":"https:\/\/moto-oprema.com\/hr\/wp-json\/wp\/v2\/gender?post=134285"},{"taxonomy":"product_brand","embeddable":true,"href":"https:\/\/moto-oprema.com\/hr\/wp-json\/wp\/v2\/product_brand?post=134285"},{"taxonomy":"product_cat","embeddable":true,"href":"https:\/\/moto-oprema.com\/hr\/wp-json\/wp\/v2\/product_cat?post=134285"},{"taxonomy":"product_tag","embeddable":true,"href":"https:\/\/moto-oprema.com\/hr\/wp-json\/wp\/v2\/product_tag?post=134285"}],"curies":[{"name":"wp","href":"https:\/\/api.w.org\/{rel}","templated":true}]}}