{"id":134260,"date":"2024-04-18T09:02:14","date_gmt":"2024-04-18T09:02:14","guid":{"rendered":"https:\/\/moto-oprema.com\/Artikel\/spidi-net-h2out-jakna-crna-plava\/"},"modified":"2024-04-18T09:02:14","modified_gmt":"2024-04-18T09:02:14","slug":"spidi-net-h2out-jakna-crna-plava","status":"publish","type":"product","link":"https:\/\/moto-oprema.com\/hr\/Artikel\/spidi-net-h2out-jakna-crna-plava\/","title":{"rendered":"SPIDI NET H2OUT JAKNA CRNA PLAVA"},"content":{"rendered":"<p>SPIDI Net H2Out je razvijen kako bi pru\u017eio izvrsnu za\u0161titu motociklistima koji voze u toplim i tropskim klimama. Veliki mre\u017easti paneli na srednjem dijelu prsa, gornjem dijelu prsa, rukama i le\u0111ima pru\u017eaju zna\u010dajnu ventilaciju, omogu\u0107uju\u0107i izravan protok zraka i hla\u0111enje voza\u010da bez ugro\u017eavanja sigurnosti. <\/p>\n<p>Glavna \u0161koljka izra\u0111ena je od visokou\u010dinkovitog trostruko uvijenog Extra Tenax 6.6 najlona, koji pru\u017ea izvrsnu otpornost na habanje i probijanje. Jakna Net H2Out ima CE certifikat prema standardu Pr En 17092-3:2020 klase A i opremljena je uklonjivim Warrior Lite \u0161titnicima na ramenima i Forcetechom na laktovima. Jakna ima Step-In Wear tehnologiju i opremljena je toplinskom i vodootpornom H2Out podstavom, izra\u0111enom od kombinacije prozra\u010dne H2Out membrane i vate od 80 gr\/m2: ova unutarnja jakna pru\u017ea izvrsnu otpornost na vodu i hladno\u0107u te se mo\u017ee nositi i samostalno.  <\/p>\n<p>3M\u00ae Scotchlite\u00ae reflektori su predvi\u0111eni za izvrsnu vidljivost no\u0107u, a za dodatnu sigurnost postoji patentni zatvara\u010d izme\u0111u jakne i hla\u010da. Kako bi se osiguralo savr\u0161eno pode\u0161avanje jakne, Spidi je integrirao sustav pode\u0161avanja Ergofit System, neoprenski ovratnik koji pru\u017ea vrhunsku udobnost i elasti\u010dne pletene man\u017eete koje se lako mogu nositi preko ili ispod rukavica. Za neo\u010dekivane pljuskove, tu su 2 vodootporna vanjska d\u017eepa.  <\/p>\n<p>Sastav sirovine: 100% poliester<\/p>\n","protected":false},"excerpt":{"rendered":"<p>SPIDI Net H2Out je razvijen kako bi pru\u017eio izvrsnu za\u0161titu motociklistima koji voze u toplim i&#8230;<\/p>\n","protected":false},"featured_media":28232,"comment_status":"open","ping_status":"open","template":"","meta":{"_acf_changed":false},"brand":[2732],"gender":[1313],"product_brand":[],"product_cat":[2759,1356,2761],"product_tag":[],"class_list":{"0":"post-134260","1":"product","2":"type-product","3":"status-publish","4":"has-post-thumbnail","6":"brand-spidi-hr","7":"gender-moski","8":"product_cat-jakne-hr","9":"product_cat-motociklisticka-oprema","10":"product_cat-tekstilne-jakne-hr","11":"pa_size-2xl-hr","12":"pa_size-3xl-hr","13":"pa_size-l-hr","14":"pa_size-m-hr","15":"pa_size-s-hr","16":"pa_size-xl-hr","18":"first","19":"instock","20":"sale","21":"taxable","22":"shipping-taxable","23":"purchasable","24":"product-type-variable"},"acf":[],"_links":{"self":[{"href":"https:\/\/moto-oprema.com\/hr\/wp-json\/wp\/v2\/product\/134260","targetHints":{"allow":["GET"]}}],"collection":[{"href":"https:\/\/moto-oprema.com\/hr\/wp-json\/wp\/v2\/product"}],"about":[{"href":"https:\/\/moto-oprema.com\/hr\/wp-json\/wp\/v2\/types\/product"}],"replies":[{"embeddable":true,"href":"https:\/\/moto-oprema.com\/hr\/wp-json\/wp\/v2\/comments?post=134260"}],"wp:featuredmedia":[{"embeddable":true,"href":"https:\/\/moto-oprema.com\/hr\/wp-json\/wp\/v2\/media\/28232"}],"wp:attachment":[{"href":"https:\/\/moto-oprema.com\/hr\/wp-json\/wp\/v2\/media?parent=134260"}],"wp:term":[{"taxonomy":"brand","embeddable":true,"href":"https:\/\/moto-oprema.com\/hr\/wp-json\/wp\/v2\/brand?post=134260"},{"taxonomy":"gender","embeddable":true,"href":"https:\/\/moto-oprema.com\/hr\/wp-json\/wp\/v2\/gender?post=134260"},{"taxonomy":"product_brand","embeddable":true,"href":"https:\/\/moto-oprema.com\/hr\/wp-json\/wp\/v2\/product_brand?post=134260"},{"taxonomy":"product_cat","embeddable":true,"href":"https:\/\/moto-oprema.com\/hr\/wp-json\/wp\/v2\/product_cat?post=134260"},{"taxonomy":"product_tag","embeddable":true,"href":"https:\/\/moto-oprema.com\/hr\/wp-json\/wp\/v2\/product_tag?post=134260"}],"curies":[{"name":"wp","href":"https:\/\/api.w.org\/{rel}","templated":true}]}}