{"id":134245,"date":"2024-04-05T07:41:37","date_gmt":"2024-04-05T07:41:37","guid":{"rendered":"https:\/\/moto-oprema.com\/Artikel\/alpinestars-andes-air-drystar-jakna-crna-plavo-siva\/"},"modified":"2024-04-05T07:41:37","modified_gmt":"2024-04-05T07:41:37","slug":"alpinestars-andes-air-drystar-jakna-crna-plavo-siva","status":"publish","type":"product","link":"https:\/\/moto-oprema.com\/hr\/Artikel\/alpinestars-andes-air-drystar-jakna-crna-plavo-siva\/","title":{"rendered":"ALPINESTARS ANDES AIR DRYSTAR JAKNA CRNA PLAVO SIVA"},"content":{"rendered":"<p>Jakna Andes Air Drystar\u00ae dizajnirana je kako bi pru\u017eila optimalnu za\u0161titu, udobnost, protok zraka i ventilaciju u toplim uvjetima, a istovremeno se brzo i jednostavno prilago\u0111ava ni\u017eim temperaturama i vla\u017enom vremenu, \u0161to je \u010dini idealnom putnom jaknom za dvije sezone.<\/p>\n<p>1. Kroj specifi\u010dan za cestu sa skra\u0107enom duljinom i profiliranim rubom. Jakna ima prethodno oblikovane rukave za vrhunsku udobnost voza\u010da i smanjeni umor.<br \/>\n 2. Opse\u017ena 2D mre\u017ea na prsima, unutarnjoj strani ruku i le\u0111ima za optimalnu cirkulaciju zraka i ventilaciju u toplim uvjetima vo\u017enje.<br \/>\n 3. 100% vodootporna i prozra\u010dna uklonjiva Drystar\u00ae membrana mo\u017ee se nositi preko ili ispod jakne za brzu i jednostavnu prilagodbu najboljim vremenskim uvjetima.<br \/>\n 4. Nucleon Flex Plus za\u0161tita razine 1 na ramenima i laktovima za u\u010dinkovitu za\u0161titu od udara.<br \/>\n Spremno za Tech-Air\u00ae 5 i Tech-Air\u00ae 3.<br \/>\n Ripstop oja\u010danja na ramenima, laktovima i podlakticama za u\u010dinkovitu otpornost na habanje.<br \/>\n U skladu s europskim zakonodavstvom, oznaka CE uvjet je za uskla\u0111enost prilikom stavljanja ovog proizvoda na tr\u017ei\u0161te. Primjenjuju se sljede\u0107i standardi: Potpuno CE certificirana odje\u0107a za jahanje u skladu s CE standardom &#8211; Kategorija II EN17092-4: 2020 &#8211; Klasa A   <\/p>\n<p><span style=\"font-family: 'Times New Roman', serif\"><span style=\"font-size: medium\"><span style=\"font-family: 'Times New Roman', serif\"><span lang=\"en\" xml_lang=\"en\">Sastav sirovine: 93% poliester, 7% poliamid<\/span><\/span><\/span><\/span><\/p>\n","protected":false},"excerpt":{"rendered":"<p>Jakna Andes Air Drystar\u00ae dizajnirana je kako bi pru\u017eila optimalnu za\u0161titu, udobnost, protok zraka i ventilaciju&#8230;<\/p>\n","protected":false},"featured_media":27864,"comment_status":"open","ping_status":"open","template":"","meta":{"_acf_changed":false},"brand":[2748],"gender":[1313],"product_brand":[],"product_cat":[2759,1356,2761],"product_tag":[],"class_list":{"0":"post-134245","1":"product","2":"type-product","3":"status-publish","4":"has-post-thumbnail","6":"brand-alpinestars-hr","7":"gender-moski","8":"product_cat-jakne-hr","9":"product_cat-motociklisticka-oprema","10":"product_cat-tekstilne-jakne-hr","11":"pa_velikost-st-l-hr","12":"pa_velikost-st-m-hr","13":"pa_velikost-st-s-hr","14":"pa_velikost-st-xl-hr","15":"pa_velikost-st-xxl-hr","16":"pa_velikost-st-xxxl-hr","18":"first","19":"instock","20":"sale","21":"taxable","22":"shipping-taxable","23":"purchasable","24":"product-type-variable"},"acf":[],"_links":{"self":[{"href":"https:\/\/moto-oprema.com\/hr\/wp-json\/wp\/v2\/product\/134245","targetHints":{"allow":["GET"]}}],"collection":[{"href":"https:\/\/moto-oprema.com\/hr\/wp-json\/wp\/v2\/product"}],"about":[{"href":"https:\/\/moto-oprema.com\/hr\/wp-json\/wp\/v2\/types\/product"}],"replies":[{"embeddable":true,"href":"https:\/\/moto-oprema.com\/hr\/wp-json\/wp\/v2\/comments?post=134245"}],"wp:featuredmedia":[{"embeddable":true,"href":"https:\/\/moto-oprema.com\/hr\/wp-json\/wp\/v2\/media\/27864"}],"wp:attachment":[{"href":"https:\/\/moto-oprema.com\/hr\/wp-json\/wp\/v2\/media?parent=134245"}],"wp:term":[{"taxonomy":"brand","embeddable":true,"href":"https:\/\/moto-oprema.com\/hr\/wp-json\/wp\/v2\/brand?post=134245"},{"taxonomy":"gender","embeddable":true,"href":"https:\/\/moto-oprema.com\/hr\/wp-json\/wp\/v2\/gender?post=134245"},{"taxonomy":"product_brand","embeddable":true,"href":"https:\/\/moto-oprema.com\/hr\/wp-json\/wp\/v2\/product_brand?post=134245"},{"taxonomy":"product_cat","embeddable":true,"href":"https:\/\/moto-oprema.com\/hr\/wp-json\/wp\/v2\/product_cat?post=134245"},{"taxonomy":"product_tag","embeddable":true,"href":"https:\/\/moto-oprema.com\/hr\/wp-json\/wp\/v2\/product_tag?post=134245"}],"curies":[{"name":"wp","href":"https:\/\/api.w.org\/{rel}","templated":true}]}}