{"id":134208,"date":"2024-04-04T08:07:54","date_gmt":"2024-04-04T08:07:54","guid":{"rendered":"https:\/\/moto-oprema.com\/Artikel\/alpinestars-stated-zenske-motociklisticke-cizme-bijelo-sive\/"},"modified":"2024-04-04T08:07:54","modified_gmt":"2024-04-04T08:07:54","slug":"alpinestars-stated-zenske-motociklisticke-cizme-bijelo-sive","status":"publish","type":"product","link":"https:\/\/moto-oprema.com\/hr\/Artikel\/alpinestars-stated-zenske-motociklisticke-cizme-bijelo-sive\/","title":{"rendered":"ALPINESTARS STATED \u017dENSKE MOTOCIKLISTI\u010cKE \u010cIZME BIJELO-SIVE"},"content":{"rendered":"<p>Alpinestars Stated motociklisti\u010dke \u010dizme<\/p>\n<p>\u010cizme Stated su Alpinestarsova moderna interpretacija retro uli\u010dnih tenisica, kombiniraju\u0107i minimalisti\u010dki stil skate cipela s vulkaniziranim potplatom kako bi stvorile za\u0161titne, ali izuzetno udobne motociklisti\u010dke \u010dizme s jednostavnim, odva\u017enim stilom koji izgleda sjajno u svakom urbanom okru\u017eenju.<\/p>\n<p>Zna\u010dajke:<\/p>\n<p>Glavni gornji dio izra\u0111en je od nubuka, platna i antilopa za optimalnu kombinaciju izdr\u017eljivosti i udobnosti<br \/>\nCijepana antilop za ve\u0107u izdr\u017eljivost<br \/>\nKlasi\u010dno zatvaranje s vezicama sprijeda s bo\u010dnim patentnim zatvara\u010dem za sigurno i precizno pristajanje<br \/>\nOvratnik gle\u017enja izra\u0111en je od mekane pletene mre\u017ee za pove\u0107anu udobnost voza\u010da<br \/>\nDvoslojni me\u0111upotplat za optimalnu udobnost i potporu<br \/>\nAlpinestarsov vulkanizirani gumeni gradski potplat s uzorkom gaznoga sloja za optimalno prianjanje i udobnost na biciklu i izvan njega<br \/>\nOrthoLite\u00ae ulo\u017eak pru\u017ea dugotrajno ubla\u017eavanje te visoku prozra\u010dnost i udobnost<br \/>\nUgra\u0111eni diskovi dvostruke gusto\u0107e za gle\u017enjeve za za\u0161titu od udara s vanjskim vi\u0161eslojnim podmeta\u010dem za dodatnu za\u0161titu<br \/>\nAlpinestars popre\u010dni za\u0161titni okvir (TPF) \u0161titi stopalo i pru\u017ea potrebnu potporu potplatu bez ugro\u017eavanja fleksije prednjeg dijela stopala za vrhunsku udobnost hodanja<br \/>\nTehni\u010dki podaci:<\/p>\n<p>Za\u0161titna obu\u0107a za motocikliste (EN 13634:2017)<\/p>\n","protected":false},"excerpt":{"rendered":"<p>Alpinestars Stated motociklisti\u010dke \u010dizme \u010cizme Stated su Alpinestarsova moderna interpretacija retro uli\u010dnih tenisica, kombiniraju\u0107i minimalisti\u010dki stil&#8230;<\/p>\n","protected":false},"featured_media":27835,"comment_status":"open","ping_status":"open","template":"","meta":{"_acf_changed":false},"brand":[2748],"gender":[],"product_brand":[],"product_cat":[2770,1356,2769],"product_tag":[],"class_list":{"0":"post-134208","1":"product","2":"type-product","3":"status-publish","4":"has-post-thumbnail","6":"brand-alpinestars-hr","7":"product_cat-gradska-obuca","8":"product_cat-motociklisticka-oprema","9":"product_cat-obuca","10":"pa_velikost-skornji-us-1043-hr","11":"pa_velikost-skornji-us-1144-hr","12":"pa_velikost-skornji-us-2773","13":"pa_velikost-skornji-us-2774","14":"pa_velikost-skornji-us-2775","15":"pa_velikost-skornji-us-1347-hr","16":"pa_velikost-skornji-us-1448-hr","17":"pa_velikost-skornji-us-2777","18":"pa_velikost-skornji-us-638-hr","19":"pa_velikost-skornji-us-739-hr","20":"pa_velikost-skornji-us-2780","21":"pa_velikost-skornji-us-942-hr","23":"first","24":"instock","25":"sale","26":"taxable","27":"shipping-taxable","28":"purchasable","29":"product-type-variable"},"acf":[],"_links":{"self":[{"href":"https:\/\/moto-oprema.com\/hr\/wp-json\/wp\/v2\/product\/134208","targetHints":{"allow":["GET"]}}],"collection":[{"href":"https:\/\/moto-oprema.com\/hr\/wp-json\/wp\/v2\/product"}],"about":[{"href":"https:\/\/moto-oprema.com\/hr\/wp-json\/wp\/v2\/types\/product"}],"replies":[{"embeddable":true,"href":"https:\/\/moto-oprema.com\/hr\/wp-json\/wp\/v2\/comments?post=134208"}],"wp:featuredmedia":[{"embeddable":true,"href":"https:\/\/moto-oprema.com\/hr\/wp-json\/wp\/v2\/media\/27835"}],"wp:attachment":[{"href":"https:\/\/moto-oprema.com\/hr\/wp-json\/wp\/v2\/media?parent=134208"}],"wp:term":[{"taxonomy":"brand","embeddable":true,"href":"https:\/\/moto-oprema.com\/hr\/wp-json\/wp\/v2\/brand?post=134208"},{"taxonomy":"gender","embeddable":true,"href":"https:\/\/moto-oprema.com\/hr\/wp-json\/wp\/v2\/gender?post=134208"},{"taxonomy":"product_brand","embeddable":true,"href":"https:\/\/moto-oprema.com\/hr\/wp-json\/wp\/v2\/product_brand?post=134208"},{"taxonomy":"product_cat","embeddable":true,"href":"https:\/\/moto-oprema.com\/hr\/wp-json\/wp\/v2\/product_cat?post=134208"},{"taxonomy":"product_tag","embeddable":true,"href":"https:\/\/moto-oprema.com\/hr\/wp-json\/wp\/v2\/product_tag?post=134208"}],"curies":[{"name":"wp","href":"https:\/\/api.w.org\/{rel}","templated":true}]}}