{"id":134192,"date":"2024-04-03T07:15:16","date_gmt":"2024-04-03T07:15:16","guid":{"rendered":"https:\/\/moto-oprema.com\/Artikel\/alpinestars-tory-zenska-kozna-jakna-crna\/"},"modified":"2024-04-03T07:15:16","modified_gmt":"2024-04-03T07:15:16","slug":"alpinestars-tory-zenska-kozna-jakna-crna","status":"publish","type":"product","link":"https:\/\/moto-oprema.com\/hr\/Artikel\/alpinestars-tory-zenska-kozna-jakna-crna\/","title":{"rendered":"ALPINESTARS TORY \u017dENSKA KO\u017dNA JAKNA CRNA"},"content":{"rendered":"<p>\u017denska ko\u017ena jakna Alpinestars Tory razvijena je posebno za \u017eene kako bi pru\u017eila optimalno pristajanje i predstavlja modernu interpretaciju.<br \/>\n Klasi\u010dna \u017eenska motociklisti\u010dka jakna kombinira visokokvalitetnu ko\u017eu i krojeni kroj kako bi se stvorila jakna koja izgleda dobro u svakoj situaciji, i na motoru i izvan njega. Ova jakna tako\u0111er dolazi s odvojivim termalnim prslukom, \u0161to pove\u0107ava njezine performanse i svestranost. <\/p>\n<p>1. Izra\u0111ena je od kravlje ko\u017ee debljine 1,0-1,2 mm za optimalnu kombinaciju lako\u0107e, tanko\u0107e, meko\u0107e i otpornosti na habanje.<br \/>\n2. Ko\u017ea je obojena uranjanjem, a ulja kori\u0161tena u ovom procesu pru\u017eaju prirodniji izgled s ukupnom vrhunskom meko\u0107om i mek\u0161im osje\u0107ajem ko\u017ee.<br \/>\n3. Uklonjiva termalna jakna s 80 g izolacije sprijeda za u\u010dinkovito funkcioniranje u hladnim uvjetima.<br \/>\n4. Vrlo pripijen kroj, posebno dizajniran za \u017eenske oblike.<br \/>\nUgra\u0111eni patentni zatvara\u010d i metalni amblem, kao i metalni ukrasi na ramenima za vrhunski izgled.<br \/>\nKo\u017eni harmonika umetci na lopatici za bolje pristajanje voza\u010du i optimiziranu slobodu kretanja.<br \/>\nPerforirani ko\u017eni ovratnik za bolju cirkulaciju zraka.<br \/>\nZakop\u010davanje na gumbe i patentni zatvara\u010d sprijeda te gumbi na ovratniku i man\u017eetama za sigurno zatvaranje.<br \/>\nPodesivi pojas s gumbima za optimalno pristajanje.<br \/>\nBo\u010dni d\u017eepovi s patentnim zatvara\u010dem za dodatnu udobnost.<br \/>\nPetlje za sigurno pri\u010dvr\u0161\u0107ivanje na Alpinestars motociklisti\u010dke hla\u010de.<br \/>\nUklonjiva mre\u017easta podstava za maksimalnu udobnost.<br \/>\nVodootporni unutarnji pretinac za sigurno pohranjivanje dragocjenosti.<br \/>\nNucleon Flex Plus CE Level 1 za\u0161tita na ramenima i laktovima za izvrsnu za\u0161titu od udara.<br \/>\n\u0160titnici za ramena i laktove imaju nizak profil za bolje prileganje.<br \/>\nNiskoprofilni \u0161titnici za laktove za trezveniji i elegantniji izgled.<br \/>\nSpreman za sustav Tech-Air\u00ae 3.<br \/>\nU skladu s europskim zakonodavstvom, oznaka CE uvjet je sukladnosti za stavljanje ovog proizvoda na tr\u017ei\u0161te.<br \/>\nPrimjenjuju se sljede\u0107i standardi: Potpuno certificirana motociklisti\u010dka odje\u0107a, potpuno CE certificirana &#8211; Kategorija II EN17092-4: 2020 &#8211; Klasa A.<\/p>\n<p>Sastav sirovine: 100% ko\u017ea<\/p>\n<p>&nbsp;<\/p>\n","protected":false},"excerpt":{"rendered":"<p>\u017denska ko\u017ena jakna Alpinestars Tory razvijena je posebno za \u017eene kako bi pru\u017eila optimalno pristajanje i&#8230;<\/p>\n","protected":false},"featured_media":27777,"comment_status":"open","ping_status":"closed","template":"","meta":{"_acf_changed":false},"brand":[2748],"gender":[1314],"product_brand":[],"product_cat":[2759,2915,1356],"product_tag":[],"class_list":{"0":"post-134192","1":"product","2":"type-product","3":"status-publish","4":"has-post-thumbnail","6":"brand-alpinestars-hr","7":"gender-zenska","8":"product_cat-jakne-hr","9":"product_cat-kozne-jakne","10":"product_cat-motociklisticka-oprema","11":"pa_size-m-hr","12":"pa_size-s-hr","13":"pa_size-xs-hr","15":"first","16":"instock","17":"sale","18":"taxable","19":"shipping-taxable","20":"purchasable","21":"product-type-variable"},"acf":[],"_links":{"self":[{"href":"https:\/\/moto-oprema.com\/hr\/wp-json\/wp\/v2\/product\/134192","targetHints":{"allow":["GET"]}}],"collection":[{"href":"https:\/\/moto-oprema.com\/hr\/wp-json\/wp\/v2\/product"}],"about":[{"href":"https:\/\/moto-oprema.com\/hr\/wp-json\/wp\/v2\/types\/product"}],"replies":[{"embeddable":true,"href":"https:\/\/moto-oprema.com\/hr\/wp-json\/wp\/v2\/comments?post=134192"}],"wp:featuredmedia":[{"embeddable":true,"href":"https:\/\/moto-oprema.com\/hr\/wp-json\/wp\/v2\/media\/27777"}],"wp:attachment":[{"href":"https:\/\/moto-oprema.com\/hr\/wp-json\/wp\/v2\/media?parent=134192"}],"wp:term":[{"taxonomy":"brand","embeddable":true,"href":"https:\/\/moto-oprema.com\/hr\/wp-json\/wp\/v2\/brand?post=134192"},{"taxonomy":"gender","embeddable":true,"href":"https:\/\/moto-oprema.com\/hr\/wp-json\/wp\/v2\/gender?post=134192"},{"taxonomy":"product_brand","embeddable":true,"href":"https:\/\/moto-oprema.com\/hr\/wp-json\/wp\/v2\/product_brand?post=134192"},{"taxonomy":"product_cat","embeddable":true,"href":"https:\/\/moto-oprema.com\/hr\/wp-json\/wp\/v2\/product_cat?post=134192"},{"taxonomy":"product_tag","embeddable":true,"href":"https:\/\/moto-oprema.com\/hr\/wp-json\/wp\/v2\/product_tag?post=134192"}],"curies":[{"name":"wp","href":"https:\/\/api.w.org\/{rel}","templated":true}]}}