{"id":134141,"date":"2024-04-03T07:48:34","date_gmt":"2024-04-03T07:48:34","guid":{"rendered":"https:\/\/moto-oprema.com\/Artikel\/alpinestars-dyno-muska-kozna-jakna-crna\/"},"modified":"2024-04-03T07:48:34","modified_gmt":"2024-04-03T07:48:34","slug":"alpinestars-dyno-muska-kozna-jakna-crna","status":"publish","type":"product","link":"https:\/\/moto-oprema.com\/hr\/Artikel\/alpinestars-dyno-muska-kozna-jakna-crna\/","title":{"rendered":"ALPINESTARS DYNO MU\u0160KA KO\u017dNA JAKNA CRNA"},"content":{"rendered":"<p>Dyno ko\u017ena jakna je Alpinestarsova moderna verzija tradicionalne jakne, kombiniraju\u0107i visokokvalitetnu ko\u017eu s klasi\u010dnim krojem kako bi se stvorila jakna koja izgleda sjajno na motoru i u slobodno vrijeme. Ova jakna tako\u0111er dolazi s odvojivim termalnim prslukom, \u0161to pove\u0107ava njezine performanse i svestranost. <\/p>\n<p>1. Izra\u0111ena od gove\u0111e ko\u017ee debljine 1,0-1,2 mm za optimalnu kombinaciju lako\u0107e, tanko\u0107e, meko\u0107e i \u010dvrsto\u0107e<br \/>\n za habanje i tro\u0161enje.<br \/>\n2. Ko\u017ea se boji umakanjem, a ulja kori\u0161tena u ovom procesu pru\u017eaju prirodniji izgled.<br \/>\ns vrhunskom ukupnom meko\u0107om i mek\u0161im osje\u0107ajem na ko\u017ei.<br \/>\n3. Uklonjiva termalna jakna s 80 g izolacije sprijeda za u\u010dinkovito funkcioniranje u hladnim uvjetima.<br \/>\nNucleon Flex Plus CE Level 1 za\u0161tita na ramenima i laktovima za izvrsnu za\u0161titu od udara.<br \/>\n\u0160titnici za ramena i laktove imaju nizak profil za bolje prileganje.<br \/>\nNiskoprofilni \u0161titnici za laktove za trezveniji i elegantniji izgled.<br \/>\nSpreman za sustav Tech-Air\u00ae 3.<br \/>\nU skladu s europskim zakonodavstvom, oznaka CE uvjet je sukladnosti za stavljanje ovog proizvoda na tr\u017ei\u0161te.<br \/>\nPrimjenjuju se sljede\u0107i standardi: Potpuno certificirana odje\u0107a za jahanje, potpuno CE certificirana &#8211; Kategorija II EN17092-4: 2020 &#8211; Klasa A<\/p>\n<p>Sastav sirovine: 100% ko\u017ea<\/p>\n<p>&nbsp;<\/p>\n","protected":false},"excerpt":{"rendered":"<p>Dyno ko\u017ena jakna je Alpinestarsova moderna verzija tradicionalne jakne, kombiniraju\u0107i visokokvalitetnu ko\u017eu s klasi\u010dnim krojem kako&#8230;<\/p>\n","protected":false},"featured_media":27799,"comment_status":"open","ping_status":"closed","template":"","meta":{"_acf_changed":false},"brand":[2748],"gender":[1313],"product_brand":[],"product_cat":[2759,2915,1356],"product_tag":[],"class_list":{"0":"post-134141","1":"product","2":"type-product","3":"status-publish","4":"has-post-thumbnail","6":"brand-alpinestars-hr","7":"gender-moski","8":"product_cat-jakne-hr","9":"product_cat-kozne-jakne","10":"product_cat-motociklisticka-oprema","11":"pa_size-l-hr","12":"pa_size-m-hr","13":"pa_size-s-hr","14":"pa_size-xl-hr","15":"pa_size-xxl-hr","16":"pa_size-xxxl-hr","18":"first","19":"instock","20":"sale","21":"taxable","22":"shipping-taxable","23":"purchasable","24":"product-type-variable"},"acf":[],"_links":{"self":[{"href":"https:\/\/moto-oprema.com\/hr\/wp-json\/wp\/v2\/product\/134141","targetHints":{"allow":["GET"]}}],"collection":[{"href":"https:\/\/moto-oprema.com\/hr\/wp-json\/wp\/v2\/product"}],"about":[{"href":"https:\/\/moto-oprema.com\/hr\/wp-json\/wp\/v2\/types\/product"}],"replies":[{"embeddable":true,"href":"https:\/\/moto-oprema.com\/hr\/wp-json\/wp\/v2\/comments?post=134141"}],"wp:featuredmedia":[{"embeddable":true,"href":"https:\/\/moto-oprema.com\/hr\/wp-json\/wp\/v2\/media\/27799"}],"wp:attachment":[{"href":"https:\/\/moto-oprema.com\/hr\/wp-json\/wp\/v2\/media?parent=134141"}],"wp:term":[{"taxonomy":"brand","embeddable":true,"href":"https:\/\/moto-oprema.com\/hr\/wp-json\/wp\/v2\/brand?post=134141"},{"taxonomy":"gender","embeddable":true,"href":"https:\/\/moto-oprema.com\/hr\/wp-json\/wp\/v2\/gender?post=134141"},{"taxonomy":"product_brand","embeddable":true,"href":"https:\/\/moto-oprema.com\/hr\/wp-json\/wp\/v2\/product_brand?post=134141"},{"taxonomy":"product_cat","embeddable":true,"href":"https:\/\/moto-oprema.com\/hr\/wp-json\/wp\/v2\/product_cat?post=134141"},{"taxonomy":"product_tag","embeddable":true,"href":"https:\/\/moto-oprema.com\/hr\/wp-json\/wp\/v2\/product_tag?post=134141"}],"curies":[{"name":"wp","href":"https:\/\/api.w.org\/{rel}","templated":true}]}}