{"id":134082,"date":"2024-03-27T09:45:59","date_gmt":"2024-03-27T09:45:59","guid":{"rendered":"https:\/\/moto-oprema.com\/Artikel\/spidi-4-season-evo-h2out-zenska-vojna-kapa\/"},"modified":"2024-03-27T09:45:59","modified_gmt":"2024-03-27T09:45:59","slug":"spidi-4-season-evo-h2out-zenska-vojna-kapa","status":"publish","type":"product","link":"https:\/\/moto-oprema.com\/hr\/Artikel\/spidi-4-season-evo-h2out-zenska-vojna-kapa\/","title":{"rendered":"SPIDI 4 SEASON EVO H2OUT \u017dENSKA VOJNA KAPA"},"content":{"rendered":"<p><span class=\"VIiyi\" lang=\"sl\" xml_lang=\"sl\"><span class=\"JLqJ4b\">4 Season Evo H2Out su idealne hla\u010de za putovanja motociklom tijekom cijele godine.  <\/span><\/span><\/p>\n<p><span class=\"VIiyi\" lang=\"sl\" xml_lang=\"sl\"><span class=\"JLqJ4b\">Zna\u010dajke:  <\/span><\/span><\/p>\n<ul>\n<li><span class=\"VIiyi\" lang=\"sl\" xml_lang=\"sl\"><span class=\"JLqJ4b\">izra\u0111en od visoko\u010dvrstog troslojnog najlona Extra Tenax 6.6 (s izvrsnom otporno\u0161\u0107u na abraziju i prodiranje)  <\/span><\/span><\/li>\n<li><span class=\"VIiyi\" lang=\"sl\" xml_lang=\"sl\"><span class=\"JLqJ4b\">Poliester s PU premazom na podru\u010djima koja odgovaraju udobnosti hla\u010da  <\/span><\/span><\/li>\n<li><span class=\"VIiyi\" lang=\"sl\" xml_lang=\"sl\"><span class=\"JLqJ4b\">U skladu su s normom EN 17092-4: 2020 klase A.  <\/span><\/span><\/li>\n<li><span class=\"VIiyi\" lang=\"sl\" xml_lang=\"sl\"><span class=\"JLqJ4b\">uklonjivi Multitech \u0161titnici na koljenima i kukovima (EN 1621-1: 2012)  <\/span><\/span><\/li>\n<li><span class=\"VIiyi\" lang=\"sl\" xml_lang=\"sl\"><span class=\"JLqJ4b\">Jastu\u010di\u0107i za koljena podesivi su po visini (maksimalno 10 centimetara) kako bi se prona\u0161ao pravi polo\u017eaj prema anatomiji i stilu vo\u017enje svakog voza\u010da.  <\/span><\/span><\/li>\n<li><span class=\"VIiyi\" lang=\"sl\" xml_lang=\"sl\"><span class=\"JLqJ4b\">tako\u0111er ima Step-In Wear sustav (vodootporna H2Out\u00ae 5K\/5K membrana koja se mo\u017ee nositi unutar hla\u010da po ki\u0161i ili hladnijim uvjetima)  <\/span><\/span><\/li>\n<li><span class=\"VIiyi\" lang=\"sl\" xml_lang=\"sl\"><span class=\"JLqJ4b\">2 velika ventilacijska panela na bedrima (sistematski postavljena kako bi se osigurala maksimalna ventilacija i odvo\u0111enje vlage tijekom ljetnih dana)  <\/span><\/span><\/li>\n<li><span class=\"VIiyi\" lang=\"sl\" xml_lang=\"sl\"><span class=\"JLqJ4b\">3M\u00ae Scotchlite\u00ae reflektori za izvrsnu vidljivost u mraku  <\/span><\/span><\/li>\n<li><span class=\"VIiyi\" lang=\"sl\" xml_lang=\"sl\"><span class=\"JLqJ4b\">Za dodatnu sigurnost, mo\u017eete spojiti patentni zatvara\u010d izme\u0111u jakne i hla\u010da. Dvostruki YKK\u00ae patentni zatvara\u010di na nogavicama omogu\u0107uju hla\u010de da se nose preko ili ispod planinarskih cipela.<\/span><\/span><\/li>\n<\/ul>\n","protected":false},"excerpt":{"rendered":"<p>4 Season Evo H2Out su idealne hla\u010de za putovanja motociklom tijekom cijele godine. Zna\u010dajke: izra\u0111en od&#8230;<\/p>\n","protected":false},"featured_media":27670,"comment_status":"open","ping_status":"open","template":"","meta":{"_acf_changed":false},"brand":[2732],"gender":[1313],"product_brand":[],"product_cat":[2832,1356,2857],"product_tag":[],"class_list":{"0":"post-134082","1":"product","2":"type-product","3":"status-publish","4":"has-post-thumbnail","6":"brand-spidi-hr","7":"gender-moski","8":"product_cat-hlace-hr","9":"product_cat-motociklisticka-oprema","10":"product_cat-tekstilne-hlace-hr","11":"pa_size-l-hr","12":"pa_size-m-hr","13":"pa_size-s-hr","14":"pa_size-xl-hr","15":"pa_size-xs-hr","16":"pa_size-xxl-hr","18":"first","19":"onbackorder","20":"sale","21":"taxable","22":"shipping-taxable","23":"purchasable","24":"product-type-variable"},"acf":[],"_links":{"self":[{"href":"https:\/\/moto-oprema.com\/hr\/wp-json\/wp\/v2\/product\/134082","targetHints":{"allow":["GET"]}}],"collection":[{"href":"https:\/\/moto-oprema.com\/hr\/wp-json\/wp\/v2\/product"}],"about":[{"href":"https:\/\/moto-oprema.com\/hr\/wp-json\/wp\/v2\/types\/product"}],"replies":[{"embeddable":true,"href":"https:\/\/moto-oprema.com\/hr\/wp-json\/wp\/v2\/comments?post=134082"}],"wp:featuredmedia":[{"embeddable":true,"href":"https:\/\/moto-oprema.com\/hr\/wp-json\/wp\/v2\/media\/27670"}],"wp:attachment":[{"href":"https:\/\/moto-oprema.com\/hr\/wp-json\/wp\/v2\/media?parent=134082"}],"wp:term":[{"taxonomy":"brand","embeddable":true,"href":"https:\/\/moto-oprema.com\/hr\/wp-json\/wp\/v2\/brand?post=134082"},{"taxonomy":"gender","embeddable":true,"href":"https:\/\/moto-oprema.com\/hr\/wp-json\/wp\/v2\/gender?post=134082"},{"taxonomy":"product_brand","embeddable":true,"href":"https:\/\/moto-oprema.com\/hr\/wp-json\/wp\/v2\/product_brand?post=134082"},{"taxonomy":"product_cat","embeddable":true,"href":"https:\/\/moto-oprema.com\/hr\/wp-json\/wp\/v2\/product_cat?post=134082"},{"taxonomy":"product_tag","embeddable":true,"href":"https:\/\/moto-oprema.com\/hr\/wp-json\/wp\/v2\/product_tag?post=134082"}],"curies":[{"name":"wp","href":"https:\/\/api.w.org\/{rel}","templated":true}]}}