{"id":134046,"date":"2024-03-15T09:59:11","date_gmt":"2024-03-15T09:59:11","guid":{"rendered":"https:\/\/moto-oprema.com\/Artikel\/spidi-corsa-h2out-tex-jakna-crna-crvena\/"},"modified":"2024-03-15T09:59:11","modified_gmt":"2024-03-15T09:59:11","slug":"spidi-corsa-h2out-tex-jakna-crna-crvena","status":"publish","type":"product","link":"https:\/\/moto-oprema.com\/hr\/Artikel\/spidi-corsa-h2out-tex-jakna-crna-crvena\/","title":{"rendered":"SPIDI CORSA H2OUT TEX JAKNA CRNA CRVENA"},"content":{"rendered":"<p>SPIDI Corsa H2Out je jakna dizajnirana za sportske i naked motocikle \u010dak i u najki\u0161ovitijim danima.<\/p>\n<p>H2Out membrana osigurava istinsku vodootpornost i prozra\u010dnost, dok uklonjiva podstava od 100 g\/m2 osigurava udobnost \u010dak i pri hladnijim temperaturama; podesivi otvori za ventilaciju s patentnim zatvara\u010dem omogu\u0107uju ugodnije putovanje u toplijim klimama.<\/p>\n<p>Tkanina Cordura\u00ae 500 \u010dini strukturu jakne Corsa H2Out \u010dvrstom i izdr\u017eljivom, dok troslojni umeci od elasti\u010dne tkanine s Windout membranom osiguravaju izvrsnu meko\u0107u u rukavima i trupu te uvijek dobro pristajanje tamo gdje vam je potrebno.<\/p>\n<p>Jakna ima uklonjive Warrior Lite \u0161titnike razine 2 na ramenima i laktovima, a na le\u0111ima se mogu ugraditi Warrior Series \u0161titnici razine 1 ili 2. Corsa H2Out je certificirana prema normi EN 17092-3:2020 klase A.    <\/p>\n<p>Zatvara\u010di na obodu struka omogu\u0107uju vam da pri\u010dvrstite sve odgovaraju\u0107e SPIDI hla\u010de.<\/p>\n<p>Sastav sirovine: 100% poliester<\/p>\n","protected":false},"excerpt":{"rendered":"<p>SPIDI Corsa H2Out je jakna dizajnirana za sportske i naked motocikle \u010dak i u najki\u0161ovitijim danima&#8230;.<\/p>\n","protected":false},"featured_media":27312,"comment_status":"open","ping_status":"open","template":"","meta":{"_acf_changed":false},"brand":[2732],"gender":[1313],"product_brand":[],"product_cat":[2759,1356,2761],"product_tag":[],"class_list":{"0":"post-134046","1":"product","2":"type-product","3":"status-publish","4":"has-post-thumbnail","6":"brand-spidi-hr","7":"gender-moski","8":"product_cat-jakne-hr","9":"product_cat-motociklisticka-oprema","10":"product_cat-tekstilne-jakne-hr","11":"pa_size-l-hr","12":"pa_size-m-hr","13":"pa_size-s-hr","14":"pa_size-xl-hr","15":"pa_size-xxl-hr","16":"pa_size-xxxl-hr","18":"first","19":"instock","20":"sale","21":"taxable","22":"shipping-taxable","23":"purchasable","24":"product-type-variable"},"acf":[],"_links":{"self":[{"href":"https:\/\/moto-oprema.com\/hr\/wp-json\/wp\/v2\/product\/134046","targetHints":{"allow":["GET"]}}],"collection":[{"href":"https:\/\/moto-oprema.com\/hr\/wp-json\/wp\/v2\/product"}],"about":[{"href":"https:\/\/moto-oprema.com\/hr\/wp-json\/wp\/v2\/types\/product"}],"replies":[{"embeddable":true,"href":"https:\/\/moto-oprema.com\/hr\/wp-json\/wp\/v2\/comments?post=134046"}],"wp:featuredmedia":[{"embeddable":true,"href":"https:\/\/moto-oprema.com\/hr\/wp-json\/wp\/v2\/media\/27312"}],"wp:attachment":[{"href":"https:\/\/moto-oprema.com\/hr\/wp-json\/wp\/v2\/media?parent=134046"}],"wp:term":[{"taxonomy":"brand","embeddable":true,"href":"https:\/\/moto-oprema.com\/hr\/wp-json\/wp\/v2\/brand?post=134046"},{"taxonomy":"gender","embeddable":true,"href":"https:\/\/moto-oprema.com\/hr\/wp-json\/wp\/v2\/gender?post=134046"},{"taxonomy":"product_brand","embeddable":true,"href":"https:\/\/moto-oprema.com\/hr\/wp-json\/wp\/v2\/product_brand?post=134046"},{"taxonomy":"product_cat","embeddable":true,"href":"https:\/\/moto-oprema.com\/hr\/wp-json\/wp\/v2\/product_cat?post=134046"},{"taxonomy":"product_tag","embeddable":true,"href":"https:\/\/moto-oprema.com\/hr\/wp-json\/wp\/v2\/product_tag?post=134046"}],"curies":[{"name":"wp","href":"https:\/\/api.w.org\/{rel}","templated":true}]}}