{"id":133924,"date":"2024-04-11T08:30:41","date_gmt":"2024-04-11T08:30:41","guid":{"rendered":"https:\/\/moto-oprema.com\/Artikel\/alpinestars-amt-storm-gear-drystar-xf-jakna-crna\/"},"modified":"2024-04-11T08:30:41","modified_gmt":"2024-04-11T08:30:41","slug":"alpinestars-amt-storm-gear-drystar-xf-jakna-crna","status":"publish","type":"product","link":"https:\/\/moto-oprema.com\/hr\/Artikel\/alpinestars-amt-storm-gear-drystar-xf-jakna-crna\/","title":{"rendered":"ALPINESTARS AMT STORM GEAR DRYSTAR XF JAKNA CRNA"},"content":{"rendered":"<p>Dizajnirana za optimalnu za\u0161titu i udobnost u izuzetno mokrim uvjetima vo\u017enje, jakna AMT Storm Gear Drystar\u00aeXF sadr\u017ei Alpinestars Drystar\u00aeXF tehnologiju za vrhunsku vodootpornost i prozra\u010dnost. Skladivi dizajn omogu\u0107uje spremanje jakne dok ne bude potrebna, pove\u0107avaju\u0107i njezinu svestranost. <\/p>\n<p>1. Drystar\u00ae S posebnom pa\u017enjom posve\u0107enom svim podru\u010djima gdje voda mo\u017ee prodrijeti, izravno lijepljenje vanjske tkanine s vodootpornom membranom u\u010dinkovito zaustavlja vodu izravno na vanjskom sloju odje\u0107e prije nego \u0161to ona mo\u017ee prodrijeti u unutarnji sloj, pru\u017eaju\u0107i voza\u010du potpunu za\u0161titu od vla\u017enih vremenskih uvjeta.<br \/>\nUvjeti.<br \/>\n2. Visokokvalitetna rastezljiva konstrukcija za maksimalnu udobnost voza\u010da, posebno na du\u017eim vo\u017enjama.<br \/>\n3. Dvoslojna ripstop konstrukcija za ve\u0107u izdr\u017eljivost.<br \/>\n4. Jakna se mo\u017ee spojiti s AMT Storm Gear Drystar\u00aeXF opremom putem svestranog patentnog zatvara\u010da u struku.<br \/>\nhla\u010de, u\u010dinkovito stvaraju\u0107i jednodijelno ki\u0161no odijelo za jo\u0161 bolje performanse u mokrom vremenu u ekstremnim uvjetima.<br \/>\nPrednji patentni zatvara\u010d sa zatvorenim \u0161avovima za maksimalnu za\u0161titu od prodora vode.<br \/>\nElasti\u010dne man\u017eete i elasti\u010dni podesivi pojas za optimalno pristajanje.<br \/>\nJedan vodootporni d\u017eep s patentnim zatvara\u010dem na prednjoj strani za sigurno pohranjivanje va\u017enih predmeta.<br \/>\nFiksna mre\u017easta podstava za ve\u0107u udobnost voza\u010da.<br \/>\nElasti\u010dna i oblikovana ovratnica za optimalnu za\u0161titu od prodora vode i udobnost biciklista.<br \/>\nProdu\u017eena le\u0111a za ve\u0107u pokrivenost.<br \/>\nUklju\u010dena je torba za pohranu jakne.<\/p>\n<p>Sastav sirovine:<br \/>\n Glavni materijal: 90% poliamid, 10% elastan; podstava: 100% poliester<\/p>\n","protected":false},"excerpt":{"rendered":"<p>Dizajnirana za optimalnu za\u0161titu i udobnost u izuzetno mokrim uvjetima vo\u017enje, jakna AMT Storm Gear Drystar\u00aeXF&#8230;<\/p>\n","protected":false},"featured_media":28124,"comment_status":"open","ping_status":"open","template":"","meta":{"_acf_changed":false},"brand":[2748],"gender":[],"product_brand":[],"product_cat":[2759,1356,2761],"product_tag":[],"class_list":{"0":"post-133924","1":"product","2":"type-product","3":"status-publish","4":"has-post-thumbnail","6":"brand-alpinestars-hr","7":"product_cat-jakne-hr","8":"product_cat-motociklisticka-oprema","9":"product_cat-tekstilne-jakne-hr","10":"pa_size-2xl-hr","11":"pa_size-3xl-hr","12":"pa_size-4xl-hr","13":"pa_size-l-hr","14":"pa_size-m-hr","15":"pa_size-s-hr","16":"pa_size-xl-hr","18":"first","19":"instock","20":"sale","21":"taxable","22":"shipping-taxable","23":"purchasable","24":"product-type-variable"},"acf":[],"_links":{"self":[{"href":"https:\/\/moto-oprema.com\/hr\/wp-json\/wp\/v2\/product\/133924","targetHints":{"allow":["GET"]}}],"collection":[{"href":"https:\/\/moto-oprema.com\/hr\/wp-json\/wp\/v2\/product"}],"about":[{"href":"https:\/\/moto-oprema.com\/hr\/wp-json\/wp\/v2\/types\/product"}],"replies":[{"embeddable":true,"href":"https:\/\/moto-oprema.com\/hr\/wp-json\/wp\/v2\/comments?post=133924"}],"wp:featuredmedia":[{"embeddable":true,"href":"https:\/\/moto-oprema.com\/hr\/wp-json\/wp\/v2\/media\/28124"}],"wp:attachment":[{"href":"https:\/\/moto-oprema.com\/hr\/wp-json\/wp\/v2\/media?parent=133924"}],"wp:term":[{"taxonomy":"brand","embeddable":true,"href":"https:\/\/moto-oprema.com\/hr\/wp-json\/wp\/v2\/brand?post=133924"},{"taxonomy":"gender","embeddable":true,"href":"https:\/\/moto-oprema.com\/hr\/wp-json\/wp\/v2\/gender?post=133924"},{"taxonomy":"product_brand","embeddable":true,"href":"https:\/\/moto-oprema.com\/hr\/wp-json\/wp\/v2\/product_brand?post=133924"},{"taxonomy":"product_cat","embeddable":true,"href":"https:\/\/moto-oprema.com\/hr\/wp-json\/wp\/v2\/product_cat?post=133924"},{"taxonomy":"product_tag","embeddable":true,"href":"https:\/\/moto-oprema.com\/hr\/wp-json\/wp\/v2\/product_tag?post=133924"}],"curies":[{"name":"wp","href":"https:\/\/api.w.org\/{rel}","templated":true}]}}