{"id":133923,"date":"2024-04-10T10:06:35","date_gmt":"2024-04-10T10:06:35","guid":{"rendered":"https:\/\/moto-oprema.com\/Artikel\/spidi-frontier-jakna-ledeno-plava\/"},"modified":"2024-04-10T10:06:35","modified_gmt":"2024-04-10T10:06:35","slug":"spidi-frontier-jakna-ledeno-plava","status":"publish","type":"product","link":"https:\/\/moto-oprema.com\/hr\/Artikel\/spidi-frontier-jakna-ledeno-plava\/","title":{"rendered":"SPIDI FRONTIER JAKNA LEDENO PLAVA"},"content":{"rendered":"<p>SPIDI je dizajnirao Frontier jaknu kako bi avanturisti\u010dkim voza\u010dima motocikala pru\u017eio neusporedivu razinu udobnosti i lako\u0107e.<\/p>\n<p>Ova jakna s AA certifikatom izuzetno je lagana i rastezljiva zahvaljuju\u0107i upotrebi nove Stretch Performance tkanine, materijala na bazi najlona koji pru\u017ea visoku otpornost na kidanje i habanje, a istovremeno odr\u017eava ve\u0107u razinu fleksibilnosti zahvaljuju\u0107i 4% elastana.<\/p>\n<p>Duljina je srednja, idealna za enduro i avanturisti\u010dku vo\u017enju, dok je kroj uski, ali vrlo \u0161irok: istu veli\u010dinu mogu nositi voza\u010di standardne ili robusne gra\u0111e.<\/p>\n<p>Duljina remena mo\u017ee se podesiti mikrometrijskim sustavom za brzo otpu\u0161tanje, dok elasti\u010dni materijal postavljen na podru\u010dju podlaktice osigurava da su \u0161titnici za laktove uvijek u pravom polo\u017eaju.<\/p>\n<p>Ergonomski ovratnik mo\u017ee se pri\u010dvrstiti u otvorenom polo\u017eaju zahvaljuju\u0107i inovativnom zakrivljenom YKK\u00ae prednjem patentnom zatvara\u010du i dvopozicijskim Velcro\u00ae trakama.<\/p>\n<p>Dva prsna panela imaju magnetski sustav otvaranja, \u0161to olak\u0161ava pode\u0161avanje ventilacije \u010dak i tijekom vo\u017enje. Ukupno 7 vanjskih d\u017eepova uklju\u010duje ve\u0107i stra\u017enji d\u017eep, idealan za pohranu vodootporne opreme. <\/p>\n<p>Frontier ima Step-In Wear tehnologiju: mo\u017eete mu dodati opcionalni toplinski i vodootporni sloj. Tako\u0111er se mo\u017ee spojiti s Frontier hla\u010dama ili bilo kojim drugim SPIDI hla\u010dama pomo\u0107u spojnog patentnog zatvara\u010da putem perimetralnog patentnog zatvara\u010da. <\/p>\n<p>Sastav sirovine: 100% poliester<\/p>\n","protected":false},"excerpt":{"rendered":"<p>SPIDI je dizajnirao Frontier jaknu kako bi avanturisti\u010dkim voza\u010dima motocikala pru\u017eio neusporedivu razinu udobnosti i lako\u0107e&#8230;.<\/p>\n","protected":false},"featured_media":28067,"comment_status":"open","ping_status":"open","template":"","meta":{"_acf_changed":false},"brand":[2732],"gender":[1313],"product_brand":[],"product_cat":[2759,1356,2761],"product_tag":[],"class_list":{"0":"post-133923","1":"product","2":"type-product","3":"status-publish","4":"has-post-thumbnail","6":"brand-spidi-hr","7":"gender-moski","8":"product_cat-jakne-hr","9":"product_cat-motociklisticka-oprema","10":"product_cat-tekstilne-jakne-hr","11":"pa_size-l-hr","12":"pa_size-m-hr","13":"pa_size-s-hr","14":"pa_size-xl-hr","15":"pa_size-xxl-hr","16":"pa_size-xxxl-hr","17":"pa_size-xxxxl-hr","19":"first","20":"instock","21":"sale","22":"taxable","23":"shipping-taxable","24":"purchasable","25":"product-type-variable"},"acf":[],"_links":{"self":[{"href":"https:\/\/moto-oprema.com\/hr\/wp-json\/wp\/v2\/product\/133923","targetHints":{"allow":["GET"]}}],"collection":[{"href":"https:\/\/moto-oprema.com\/hr\/wp-json\/wp\/v2\/product"}],"about":[{"href":"https:\/\/moto-oprema.com\/hr\/wp-json\/wp\/v2\/types\/product"}],"replies":[{"embeddable":true,"href":"https:\/\/moto-oprema.com\/hr\/wp-json\/wp\/v2\/comments?post=133923"}],"wp:featuredmedia":[{"embeddable":true,"href":"https:\/\/moto-oprema.com\/hr\/wp-json\/wp\/v2\/media\/28067"}],"wp:attachment":[{"href":"https:\/\/moto-oprema.com\/hr\/wp-json\/wp\/v2\/media?parent=133923"}],"wp:term":[{"taxonomy":"brand","embeddable":true,"href":"https:\/\/moto-oprema.com\/hr\/wp-json\/wp\/v2\/brand?post=133923"},{"taxonomy":"gender","embeddable":true,"href":"https:\/\/moto-oprema.com\/hr\/wp-json\/wp\/v2\/gender?post=133923"},{"taxonomy":"product_brand","embeddable":true,"href":"https:\/\/moto-oprema.com\/hr\/wp-json\/wp\/v2\/product_brand?post=133923"},{"taxonomy":"product_cat","embeddable":true,"href":"https:\/\/moto-oprema.com\/hr\/wp-json\/wp\/v2\/product_cat?post=133923"},{"taxonomy":"product_tag","embeddable":true,"href":"https:\/\/moto-oprema.com\/hr\/wp-json\/wp\/v2\/product_tag?post=133923"}],"curies":[{"name":"wp","href":"https:\/\/api.w.org\/{rel}","templated":true}]}}