{"id":133902,"date":"2024-04-11T08:06:34","date_gmt":"2024-04-11T08:06:34","guid":{"rendered":"https:\/\/moto-oprema.com\/Artikel\/alpinestars-amt-storm-gear-drystar-xf-hlace-crne\/"},"modified":"2024-04-11T08:06:34","modified_gmt":"2024-04-11T08:06:34","slug":"alpinestars-amt-storm-gear-drystar-xf-hlace-crne","status":"publish","type":"product","link":"https:\/\/moto-oprema.com\/hr\/Artikel\/alpinestars-amt-storm-gear-drystar-xf-hlace-crne\/","title":{"rendered":"ALPINESTARS AMT STORM GEAR DRYSTAR XF HLA\u010cE CRNE"},"content":{"rendered":"<p>Alpinestars AMT Storm Gear Drystar XF motociklisti\u010dke tekstilne hla\u010de<\/p>\n<p>Dizajnirane za optimalnu za\u0161titu i udobnost u ekstremno mokrim uvjetima, hla\u010de AMT Storm Gear Drystar\u00aeXF izra\u0111ene su Alpinestars Drystar\u00aeXF tehnologijom za vrhunsku vodootpornost i prozra\u010dnost. Skladivi dizajn omogu\u0107uje spremanje hla\u010da kada je potrebno, \u0161to dodatno pove\u0107ava njihovu svestranost. <\/p>\n<p>Zna\u010dajke:<\/p>\n<p>Drystar\u00ae S posebnom pa\u017enjom posve\u0107enom svim podru\u010djima gdje voda mo\u017ee prodrijeti, izravno lijepljenje vanjske tkanine s vodootpornom membranom u\u010dinkovito zaustavlja vodu izravno na vanjskom sloju odje\u0107e prije nego \u0161to ona mo\u017ee prodrijeti u unutarnji sloj, pru\u017eaju\u0107i voza\u010du potpunu za\u0161titu od vla\u017enih vremenskih uvjeta.<br \/>\nVisokokvalitetna rastezljiva konstrukcija za maksimalnu udobnost voza\u010da, posebno na du\u017eim vo\u017enjama<br \/>\nDvoslojna ripstop konstrukcija za dulju izdr\u017eljivost<br \/>\nSvestrani patentni zatvara\u010d u struku omogu\u0107uje spajanje hla\u010da s AMT Storm Gear Drystar\u00aeXF jaknom, stvaraju\u0107i jednodijelno ki\u0161no odijelo koje pru\u017ea jo\u0161 bolje performanse u mokrim vremenskim uvjetima<br \/>\nIznimno dugi i \u0161iroki otvori za noge omogu\u0107uju voza\u010du brzo i jednostavno obla\u010denje hla\u010da bez obuvanja \u010dizama; to je posebno korisno pri iznenadnim pljuskovima<br \/>\nRastezljiva laminatna konstrukcija s velikim podru\u010djem patentnog zatvara\u010da i elasti\u010dnim rubom za bolje pristajanje<br \/>\nzatvoreni patentni zatvara\u010d na stra\u017enjoj strani za maksimalnu za\u0161titu od prodora vode<br \/>\nUklonjive naramenice za optimalno pristajanje i maksimalnu udobnost voza\u010da, posebno na dugim vo\u017enjama<br \/>\nMre\u017easta podstava cijelom du\u017einom za maksimalnu udobnost voza\u010da<br \/>\nvi\u0161i rez na le\u0111ima za ve\u0107u za\u0161titu tijekom vo\u017enje<br \/>\n\u010ci\u010dak pri\u010dvr\u0161\u0107ivanje na struku za bolje pristajanje<\/p>\n<p>Sastav sirovine:<br \/>\n Glavni materijal: 90% poliamid, 10% elastan; podstava: 100% poliester<\/p>\n","protected":false},"excerpt":{"rendered":"<p>Alpinestars AMT Storm Gear Drystar XF motociklisti\u010dke tekstilne hla\u010de Dizajnirane za optimalnu za\u0161titu i udobnost u&#8230;<\/p>\n","protected":false},"featured_media":28114,"comment_status":"open","ping_status":"open","template":"","meta":{"_acf_changed":false},"brand":[2748],"gender":[],"product_brand":[],"product_cat":[2832,1356,2857],"product_tag":[],"class_list":{"0":"post-133902","1":"product","2":"type-product","3":"status-publish","4":"has-post-thumbnail","6":"brand-alpinestars-hr","7":"product_cat-hlace-hr","8":"product_cat-motociklisticka-oprema","9":"product_cat-tekstilne-hlace-hr","10":"pa_size-2xl-hr","11":"pa_size-3xl-hr","12":"pa_size-4xl-hr","13":"pa_size-l-hr","14":"pa_size-m-hr","15":"pa_size-s-hr","16":"pa_size-xl-hr","18":"first","19":"instock","20":"sale","21":"taxable","22":"shipping-taxable","23":"purchasable","24":"product-type-variable"},"acf":[],"_links":{"self":[{"href":"https:\/\/moto-oprema.com\/hr\/wp-json\/wp\/v2\/product\/133902","targetHints":{"allow":["GET"]}}],"collection":[{"href":"https:\/\/moto-oprema.com\/hr\/wp-json\/wp\/v2\/product"}],"about":[{"href":"https:\/\/moto-oprema.com\/hr\/wp-json\/wp\/v2\/types\/product"}],"replies":[{"embeddable":true,"href":"https:\/\/moto-oprema.com\/hr\/wp-json\/wp\/v2\/comments?post=133902"}],"wp:featuredmedia":[{"embeddable":true,"href":"https:\/\/moto-oprema.com\/hr\/wp-json\/wp\/v2\/media\/28114"}],"wp:attachment":[{"href":"https:\/\/moto-oprema.com\/hr\/wp-json\/wp\/v2\/media?parent=133902"}],"wp:term":[{"taxonomy":"brand","embeddable":true,"href":"https:\/\/moto-oprema.com\/hr\/wp-json\/wp\/v2\/brand?post=133902"},{"taxonomy":"gender","embeddable":true,"href":"https:\/\/moto-oprema.com\/hr\/wp-json\/wp\/v2\/gender?post=133902"},{"taxonomy":"product_brand","embeddable":true,"href":"https:\/\/moto-oprema.com\/hr\/wp-json\/wp\/v2\/product_brand?post=133902"},{"taxonomy":"product_cat","embeddable":true,"href":"https:\/\/moto-oprema.com\/hr\/wp-json\/wp\/v2\/product_cat?post=133902"},{"taxonomy":"product_tag","embeddable":true,"href":"https:\/\/moto-oprema.com\/hr\/wp-json\/wp\/v2\/product_tag?post=133902"}],"curies":[{"name":"wp","href":"https:\/\/api.w.org\/{rel}","templated":true}]}}