{"id":133869,"date":"2024-04-10T10:41:16","date_gmt":"2024-04-10T10:41:16","guid":{"rendered":"https:\/\/moto-oprema.com\/Artikel\/vojne-hlace-spidi-frontier\/"},"modified":"2024-04-10T10:41:16","modified_gmt":"2024-04-10T10:41:16","slug":"vojne-hlace-spidi-frontier","status":"publish","type":"product","link":"https:\/\/moto-oprema.com\/hr\/Artikel\/vojne-hlace-spidi-frontier\/","title":{"rendered":"VOJNE HLA\u010cE SPIDI FRONTIER"},"content":{"rendered":"<p>Hla\u010de SPIDI Frontier dizajnirane su kako bi avanturisti\u010dkim voza\u010dima pru\u017eile neusporedivu razinu udobnosti i lako\u0107e.<\/p>\n<p>Kroj im je uski, struk prili\u010dno visok, d\u017eepovi su veliki i lako se otvaraju: savr\u0161en paket za enduro i touring voza\u010de, posebno kada temperature porastu.<\/p>\n<p>Glavni materijal kori\u0161ten u ovom projektu je nova Stretch Performance tkanina, materijal na bazi najlona koji mo\u017ee pru\u017eiti visoku otpornost na kidanje i habanje u kombinaciji s velikom elasti\u010dno\u0161\u0107u &#8211; zahvaljuju\u0107i 4% elastana.<\/p>\n<p>Duljina pojasa mo\u017ee se podesiti sustavom Velcro\u00ae Ergofit, dok elasti\u010dni materijal postavljen na podru\u010dju lista osigurava da su \u0161titnici za koljena (razina 2, podesiva visina) uvijek u ispravnom polo\u017eaju. YKK\u00ae patentni zatvara\u010di na donjem dijelu daju mogu\u0107nost no\u0161enja ovih hla\u010da preko motokros \u010dizama. <\/p>\n<p>Dva ventilacijska panela imaju magnetski sustav zatvaranja koji omogu\u0107uje vrlo jednostavno pode\u0161avanje otvora \u010dak i tijekom vo\u017enje.<\/p>\n<p>Frontier jakna ima Step-In Wear tehnologiju: mo\u017ee se nadopuniti opcionalnim toplinskim i vodootpornim slojevima. Tako\u0111er se mo\u017ee spojiti s Frontier jaknom ili bilo kojom drugom SPIDI jaknom pomo\u0107u patentnog zatvara\u010da preko perimetralnog patentnog zatvara\u010da.<\/p>\n","protected":false},"excerpt":{"rendered":"<p>Hla\u010de SPIDI Frontier dizajnirane su kako bi avanturisti\u010dkim voza\u010dima pru\u017eile neusporedivu razinu udobnosti i lako\u0107e. Kroj&#8230;<\/p>\n","protected":false},"featured_media":28087,"comment_status":"open","ping_status":"open","template":"","meta":{"_acf_changed":false},"brand":[2732],"gender":[1313],"product_brand":[],"product_cat":[2832,1356,2857],"product_tag":[],"class_list":{"0":"post-133869","1":"product","2":"type-product","3":"status-publish","4":"has-post-thumbnail","6":"brand-spidi-hr","7":"gender-moski","8":"product_cat-hlace-hr","9":"product_cat-motociklisticka-oprema","10":"product_cat-tekstilne-hlace-hr","11":"pa_size-l-hr","12":"pa_size-m-hr","13":"pa_size-s-hr","14":"pa_size-xl-hr","15":"pa_size-xxl-hr","16":"pa_size-xxxl-hr","17":"pa_size-xxxxl-hr","19":"first","20":"instock","21":"sale","22":"taxable","23":"shipping-taxable","24":"purchasable","25":"product-type-variable"},"acf":[],"_links":{"self":[{"href":"https:\/\/moto-oprema.com\/hr\/wp-json\/wp\/v2\/product\/133869","targetHints":{"allow":["GET"]}}],"collection":[{"href":"https:\/\/moto-oprema.com\/hr\/wp-json\/wp\/v2\/product"}],"about":[{"href":"https:\/\/moto-oprema.com\/hr\/wp-json\/wp\/v2\/types\/product"}],"replies":[{"embeddable":true,"href":"https:\/\/moto-oprema.com\/hr\/wp-json\/wp\/v2\/comments?post=133869"}],"wp:featuredmedia":[{"embeddable":true,"href":"https:\/\/moto-oprema.com\/hr\/wp-json\/wp\/v2\/media\/28087"}],"wp:attachment":[{"href":"https:\/\/moto-oprema.com\/hr\/wp-json\/wp\/v2\/media?parent=133869"}],"wp:term":[{"taxonomy":"brand","embeddable":true,"href":"https:\/\/moto-oprema.com\/hr\/wp-json\/wp\/v2\/brand?post=133869"},{"taxonomy":"gender","embeddable":true,"href":"https:\/\/moto-oprema.com\/hr\/wp-json\/wp\/v2\/gender?post=133869"},{"taxonomy":"product_brand","embeddable":true,"href":"https:\/\/moto-oprema.com\/hr\/wp-json\/wp\/v2\/product_brand?post=133869"},{"taxonomy":"product_cat","embeddable":true,"href":"https:\/\/moto-oprema.com\/hr\/wp-json\/wp\/v2\/product_cat?post=133869"},{"taxonomy":"product_tag","embeddable":true,"href":"https:\/\/moto-oprema.com\/hr\/wp-json\/wp\/v2\/product_tag?post=133869"}],"curies":[{"name":"wp","href":"https:\/\/api.w.org\/{rel}","templated":true}]}}