{"id":133838,"date":"2024-04-08T09:32:25","date_gmt":"2024-04-08T09:32:25","guid":{"rendered":"https:\/\/moto-oprema.com\/Artikel\/alpinestars-amt-7-air-hlace-crne\/"},"modified":"2024-04-08T09:32:25","modified_gmt":"2024-04-08T09:32:25","slug":"alpinestars-amt-7-air-hlace-crne","status":"publish","type":"product","link":"https:\/\/moto-oprema.com\/hr\/Artikel\/alpinestars-amt-7-air-hlace-crne\/","title":{"rendered":"ALPINESTARS AMT-7 AIR HLA\u010cE CRNE"},"content":{"rendered":"<p>Alpinestars AMT-7 Air hla\u010de dizajnirane su za optimalnu za\u0161titu, udobnost, ventilaciju i protok zraka u vru\u0107im uvjetima vo\u017enje, koriste\u0107i Alpinestarsove najnaprednije tehnologije materijala, uklju\u010duju\u0107i velike MATYRX\u00ae panele koji pobolj\u0161avaju protok zraka i mehani\u010dke performanse.<\/p>\n<p>1. Ovo su hla\u010de s savr\u0161enom prozra\u010dno\u0161\u0107u koje pru\u017eaju visoku razinu za\u0161tite.<br \/>\n2. Kroj specifi\u010dan za ulicu s prethodno oblikovanim nogavicama za maksimalnu udobnost i smanjeni umor.<br \/>\n3. Strate\u0161ke laserske perforacije za optimalnu ventilaciju.<br \/>\n4. CORDURA\u00ae ripstop oja\u010danje na koljenima za u\u010dinkovitu otpornost na habanje.<br \/>\n5. MATRYX\u00ae ventilacijski umetci na vanjskoj strani bedara za protok zraka za hla\u0111enje.<br \/>\n6. RIDEKNIT\u00ae konstrukcija na unutarnjoj strani bedara i u me\u0111uno\u017eju za ve\u0107u slobodu kretanja i bolju cirkulaciju zraka.<br \/>\n7. Mogu\u0107nost nadogradnje s Alpinestars AMT Drystar\u00aeXF Storm Gear za pove\u0107ane performanse u svim vremenskim uvjetima.<br \/>\nPerivi ko\u017eni paneli s unutarnje strane koljena za bolji kontakt s biciklom tijekom vo\u017enje.<br \/>\nDodatni rastezljivi umetak na stra\u017enjoj strani koljena za optimalnu udobnost voza\u010da.<br \/>\nErgonomski vodootporni d\u017eep s patentnim zatvara\u010dem na bedrima za sigurno pohranjivanje dragocjenosti.<br \/>\nPodesivo magnetsko zatvaranje na remenu za optimalno pristajanje.<br \/>\nFiksna mre\u017easta podstava za ve\u0107u udobnost voza\u010da.<br \/>\nVanjski spoj na struku s \u00be patentnim zatvara\u010dem za sigurno spajanje s Alpinestars jaknama.<br \/>\nVisoka elasti\u010dnost na unutarnjoj strani teleta za optimalno pristajanje unutar i preko cipele.<br \/>\n\u010cvrsta mre\u017easta podstava po cijelom tijelu i udobno punjenje u struku.<br \/>\nBio-Flex \u0161titnik za kukove za pove\u0107anu za\u0161titu od udara.<\/p>\n","protected":false},"excerpt":{"rendered":"<p>Alpinestars AMT-7 Air hla\u010de dizajnirane su za optimalnu za\u0161titu, udobnost, ventilaciju i protok zraka u vru\u0107im&#8230;<\/p>\n","protected":false},"featured_media":27979,"comment_status":"open","ping_status":"open","template":"","meta":{"_acf_changed":false},"brand":[2748],"gender":[],"product_brand":[],"product_cat":[2832,1356,2857],"product_tag":[],"class_list":{"0":"post-133838","1":"product","2":"type-product","3":"status-publish","4":"has-post-thumbnail","6":"brand-alpinestars-hr","7":"product_cat-hlace-hr","8":"product_cat-motociklisticka-oprema","9":"product_cat-tekstilne-hlace-hr","10":"pa_velikost-st-l-hr","11":"pa_velikost-st-m-hr","12":"pa_velikost-st-s-hr","13":"pa_velikost-st-xl-hr","14":"pa_velikost-st-xxl-hr","15":"pa_velikost-st-xxxl-hr","17":"first","18":"onbackorder","19":"sale","20":"taxable","21":"shipping-taxable","22":"purchasable","23":"product-type-variable"},"acf":[],"_links":{"self":[{"href":"https:\/\/moto-oprema.com\/hr\/wp-json\/wp\/v2\/product\/133838","targetHints":{"allow":["GET"]}}],"collection":[{"href":"https:\/\/moto-oprema.com\/hr\/wp-json\/wp\/v2\/product"}],"about":[{"href":"https:\/\/moto-oprema.com\/hr\/wp-json\/wp\/v2\/types\/product"}],"replies":[{"embeddable":true,"href":"https:\/\/moto-oprema.com\/hr\/wp-json\/wp\/v2\/comments?post=133838"}],"wp:featuredmedia":[{"embeddable":true,"href":"https:\/\/moto-oprema.com\/hr\/wp-json\/wp\/v2\/media\/27979"}],"wp:attachment":[{"href":"https:\/\/moto-oprema.com\/hr\/wp-json\/wp\/v2\/media?parent=133838"}],"wp:term":[{"taxonomy":"brand","embeddable":true,"href":"https:\/\/moto-oprema.com\/hr\/wp-json\/wp\/v2\/brand?post=133838"},{"taxonomy":"gender","embeddable":true,"href":"https:\/\/moto-oprema.com\/hr\/wp-json\/wp\/v2\/gender?post=133838"},{"taxonomy":"product_brand","embeddable":true,"href":"https:\/\/moto-oprema.com\/hr\/wp-json\/wp\/v2\/product_brand?post=133838"},{"taxonomy":"product_cat","embeddable":true,"href":"https:\/\/moto-oprema.com\/hr\/wp-json\/wp\/v2\/product_cat?post=133838"},{"taxonomy":"product_tag","embeddable":true,"href":"https:\/\/moto-oprema.com\/hr\/wp-json\/wp\/v2\/product_tag?post=133838"}],"curies":[{"name":"wp","href":"https:\/\/api.w.org\/{rel}","templated":true}]}}