{"id":133818,"date":"2024-04-08T10:33:05","date_gmt":"2024-04-08T10:33:05","guid":{"rendered":"https:\/\/moto-oprema.com\/Artikel\/spidi-progressive-net-h20ut-jakna-crna\/"},"modified":"2024-04-08T10:33:05","modified_gmt":"2024-04-08T10:33:05","slug":"spidi-progressive-net-h20ut-jakna-crna","status":"publish","type":"product","link":"https:\/\/moto-oprema.com\/hr\/Artikel\/spidi-progressive-net-h20ut-jakna-crna\/","title":{"rendered":"SPIDI PROGRESSIVE NET H20ut JAKNA CRNA"},"content":{"rendered":"<p>SPIDI Progressive Net H2Out je Performance jakna razvijena za izvrsnu za\u0161titu u toplim i tropskim klimama, zahvaljuju\u0107i uklonjivoj H2Out podstavi koja mo\u017ee izdr\u017eati ki\u0161u i vjetar. Zna\u010dajnu ventilaciju osiguravaju veliki 3D mre\u017easti paneli na srednjem dijelu prsa, gornjem dijelu prsa, rukama i le\u0111ima, koji omogu\u0107uju izravan protok zraka za hla\u0111enje voza\u010da bez ugro\u017eavanja sigurnosti. <\/p>\n<p>Izra\u0111ena od visokou\u010dinkovitog trostruko uvijenog Extra Tenax 6.6 najlona, jakna Progressive Net Windout ima CE certifikat prema EN 17092-4:2020, klasa A, i ima uklonjive Warrior Lite \u0161titnike razine 2 na ramenima i laktovima, koji imaju CE certifikat prema EN 1621-1:2012.  <\/p>\n<p>Jakna je opremljena vodootpornom i prozra\u010dnom H2Out podstavom koja se mo\u017ee ukloniti tijekom najtoplijih dana. Podstava se mo\u017ee koristiti samostalno ili spojiti s jaknom pomo\u0107u Step-In Wear dodataka. <\/p>\n<p>Jakna ima d\u017eep s patentnim zatvara\u010dem koji je vodootporan i mo\u017ee se zatvoriti. Za dodatnu sigurnost, patentni zatvara\u010d izme\u0111u jakne i hla\u010da te kop\u010da su standardni, a 3M\u00ae Scotchlite\u00ae reflektori ugra\u0111eni su sprijeda i straga za izvrsnu vidljivost no\u0107u. <\/p>\n<p>Sastav sirovine: 100% poliester<\/p>\n","protected":false},"excerpt":{"rendered":"<p>SPIDI Progressive Net H2Out je Performance jakna razvijena za izvrsnu za\u0161titu u toplim i tropskim klimama,&#8230;<\/p>\n","protected":false},"featured_media":28024,"comment_status":"open","ping_status":"open","template":"","meta":{"_acf_changed":false},"brand":[2732],"gender":[1313],"product_brand":[],"product_cat":[2759,1356,2761],"product_tag":[],"class_list":{"0":"post-133818","1":"product","2":"type-product","3":"status-publish","4":"has-post-thumbnail","6":"brand-spidi-hr","7":"gender-moski","8":"product_cat-jakne-hr","9":"product_cat-motociklisticka-oprema","10":"product_cat-tekstilne-jakne-hr","11":"pa_size-l-hr","12":"pa_size-m-hr","13":"pa_size-s-hr","14":"pa_size-xl-hr","15":"pa_size-xxl-hr","17":"first","18":"instock","19":"sale","20":"taxable","21":"shipping-taxable","22":"purchasable","23":"product-type-variable"},"acf":[],"_links":{"self":[{"href":"https:\/\/moto-oprema.com\/hr\/wp-json\/wp\/v2\/product\/133818","targetHints":{"allow":["GET"]}}],"collection":[{"href":"https:\/\/moto-oprema.com\/hr\/wp-json\/wp\/v2\/product"}],"about":[{"href":"https:\/\/moto-oprema.com\/hr\/wp-json\/wp\/v2\/types\/product"}],"replies":[{"embeddable":true,"href":"https:\/\/moto-oprema.com\/hr\/wp-json\/wp\/v2\/comments?post=133818"}],"wp:featuredmedia":[{"embeddable":true,"href":"https:\/\/moto-oprema.com\/hr\/wp-json\/wp\/v2\/media\/28024"}],"wp:attachment":[{"href":"https:\/\/moto-oprema.com\/hr\/wp-json\/wp\/v2\/media?parent=133818"}],"wp:term":[{"taxonomy":"brand","embeddable":true,"href":"https:\/\/moto-oprema.com\/hr\/wp-json\/wp\/v2\/brand?post=133818"},{"taxonomy":"gender","embeddable":true,"href":"https:\/\/moto-oprema.com\/hr\/wp-json\/wp\/v2\/gender?post=133818"},{"taxonomy":"product_brand","embeddable":true,"href":"https:\/\/moto-oprema.com\/hr\/wp-json\/wp\/v2\/product_brand?post=133818"},{"taxonomy":"product_cat","embeddable":true,"href":"https:\/\/moto-oprema.com\/hr\/wp-json\/wp\/v2\/product_cat?post=133818"},{"taxonomy":"product_tag","embeddable":true,"href":"https:\/\/moto-oprema.com\/hr\/wp-json\/wp\/v2\/product_tag?post=133818"}],"curies":[{"name":"wp","href":"https:\/\/api.w.org\/{rel}","templated":true}]}}