{"id":133782,"date":"2024-04-08T10:08:48","date_gmt":"2024-04-08T10:08:48","guid":{"rendered":"https:\/\/moto-oprema.com\/Artikel\/alpinestars-celer-v3-rukavice-crne\/"},"modified":"2024-04-08T10:08:48","modified_gmt":"2024-04-08T10:08:48","slug":"alpinestars-celer-v3-rukavice-crne","status":"publish","type":"product","link":"https:\/\/moto-oprema.com\/hr\/Artikel\/alpinestars-celer-v3-rukavice-crne\/","title":{"rendered":"ALPINESTARS CELER V3 RUKAVICE CRNE"},"content":{"rendered":"<p>Alpinestars Celer v3 perforirane motociklisti\u010dke rukavice<\/p>\n<p>Celer v3 su izdr\u017eljive cestovne rukavice s kratkom man\u017eetom, izra\u0111ene od opse\u017ene kozje ko\u017ee za izvrsnu otpornost na habanje i Alpinestars Sport Hard PU za\u0161tite zglobova za u\u010dinkovitu za\u0161titu od udaraca. Celer v3 dizajnirane su za upotrebu s naked sportskim motociklima, kao i za touring i gradske voza\u010de koji tra\u017ee udobne, ali za\u0161titne ko\u017ene rukavice. <\/p>\n<p>Zna\u010dajke:<\/p>\n<p>Glavna konstrukcija od kozje ko\u017ee pru\u017ea optimalnu udobnost, otpornost na habanje i prozra\u010dnost<br \/>\n Provodljivi materijal na ka\u017eiprstu i vrhu palca za<br \/>\n Kompatibilnost zaslona osjetljivog na dodir s pametnim telefonima i GPS sustavima<br \/>\n Strate\u0161ki postavljeni gumeni rukohvati za optimalnu kontrolu i osje\u0107aj<br \/>\n Ergonomsko istezanje sa strane ruke omogu\u0107uje ve\u0107u fleksibilnost<br \/>\n Istezanje izme\u0111u prstiju za bolju fleksibilnost i vrlo fleksibilno pristajanje<br \/>\n Kratka man\u017eeta sa zatvara\u010dem od \u010di\u010dka<br \/>\n Tehni\u010dki podaci:<\/p>\n<p>Za\u0161titne rukavice za motocikliste (EN 13594:2015)<br \/>\n Alpinestars Sport Hard PU sustav za\u0161tite zglobova s izuzetno ergonomskim oblikom za bolju otpornost na udarce i habanje<br \/>\n Konstrukcija dlana od ko\u017ee s oja\u010danjima za amortizaciju<br \/>\n Most prstiju sprje\u010dava uvrtanje i odvajanje prstiju u slu\u010daju sudara<br \/>\n DODATNE INFORMACIJE O PROIZVODU<br \/>\n Materijal 75% ko\u017ea, 19% poliuretan, 4% poliester, 2% ostala vlakna \/ Sadr\u017ei netekstilne dijelove \u017eivotinjskog podrijetla.<\/p>\n","protected":false},"excerpt":{"rendered":"<p>Alpinestars Celer v3 perforirane motociklisti\u010dke rukavice Celer v3 su izdr\u017eljive cestovne rukavice s kratkom man\u017eetom, izra\u0111ene&#8230;<\/p>\n","protected":false},"featured_media":28006,"comment_status":"open","ping_status":"open","template":"","meta":{"_acf_changed":false},"brand":[2748],"gender":[],"product_brand":[],"product_cat":[2835,1356,2816],"product_tag":[],"class_list":{"0":"post-133782","1":"product","2":"type-product","3":"status-publish","4":"has-post-thumbnail","6":"brand-alpinestars-hr","7":"product_cat-kozne-rukavice","8":"product_cat-motociklisticka-oprema","9":"product_cat-rukavice","10":"pa_size-l-hr","11":"pa_size-m-hr","12":"pa_size-s-hr","13":"pa_size-xl-hr","14":"pa_size-xxl-hr","15":"pa_size-xxxl-hr","17":"first","18":"instock","19":"sale","20":"taxable","21":"shipping-taxable","22":"purchasable","23":"product-type-variable"},"acf":[],"_links":{"self":[{"href":"https:\/\/moto-oprema.com\/hr\/wp-json\/wp\/v2\/product\/133782","targetHints":{"allow":["GET"]}}],"collection":[{"href":"https:\/\/moto-oprema.com\/hr\/wp-json\/wp\/v2\/product"}],"about":[{"href":"https:\/\/moto-oprema.com\/hr\/wp-json\/wp\/v2\/types\/product"}],"replies":[{"embeddable":true,"href":"https:\/\/moto-oprema.com\/hr\/wp-json\/wp\/v2\/comments?post=133782"}],"wp:featuredmedia":[{"embeddable":true,"href":"https:\/\/moto-oprema.com\/hr\/wp-json\/wp\/v2\/media\/28006"}],"wp:attachment":[{"href":"https:\/\/moto-oprema.com\/hr\/wp-json\/wp\/v2\/media?parent=133782"}],"wp:term":[{"taxonomy":"brand","embeddable":true,"href":"https:\/\/moto-oprema.com\/hr\/wp-json\/wp\/v2\/brand?post=133782"},{"taxonomy":"gender","embeddable":true,"href":"https:\/\/moto-oprema.com\/hr\/wp-json\/wp\/v2\/gender?post=133782"},{"taxonomy":"product_brand","embeddable":true,"href":"https:\/\/moto-oprema.com\/hr\/wp-json\/wp\/v2\/product_brand?post=133782"},{"taxonomy":"product_cat","embeddable":true,"href":"https:\/\/moto-oprema.com\/hr\/wp-json\/wp\/v2\/product_cat?post=133782"},{"taxonomy":"product_tag","embeddable":true,"href":"https:\/\/moto-oprema.com\/hr\/wp-json\/wp\/v2\/product_tag?post=133782"}],"curies":[{"name":"wp","href":"https:\/\/api.w.org\/{rel}","templated":true}]}}