{"id":133781,"date":"2024-04-08T07:44:59","date_gmt":"2024-04-08T07:44:59","guid":{"rendered":"https:\/\/moto-oprema.com\/Artikel\/alpinestars-gp-pro-r-v4-performanse-rukavice-crno-bijele\/"},"modified":"2024-04-08T07:44:59","modified_gmt":"2024-04-08T07:44:59","slug":"alpinestars-gp-pro-r-v4-performanse-rukavice-crno-bijele","status":"publish","type":"product","link":"https:\/\/moto-oprema.com\/hr\/Artikel\/alpinestars-gp-pro-r-v4-performanse-rukavice-crno-bijele\/","title":{"rendered":"ALPINESTARS GP PRO R V4 PERFORMANSE RUKAVICE CRNO-BIJELE"},"content":{"rendered":"<p>Alpinestars GP Pro R4 perforirane motociklisti\u010dke rukavice<\/p>\n<p>GP Pro R4 su trka\u0107e rukavice s optimiziranim dizajnom koje pru\u017eaju izvrsno pristajanje i udobnost, kao i maksimalnu za\u0161titu. Rukavice su izra\u0111ene od visokokvalitetnih materijala i imaju Alpinestars Dynamic Friction Shield (DFS) \u0161titnike za zglobove i man\u017eete s naprednom ventilacijom i aramidnim oja\u010danjima, \u0161to osigurava da su rukavice opremljene za vrhunske performanse na trka\u0107oj stazi. <\/p>\n<p>Zna\u010dajke:<\/p>\n<p>Izra\u0111ene su od kombinacije kravlje i kozje ko\u017ee na nadlanici te klokanove ko\u017ee na dlanu i prstima.<br \/>\n Slojevi za apsorpciju udara na prstima, nadlanici, dlanu i rubu dlana<br \/>\n Dvostruki sustav zatvaranja s podesivim zatvaranjem zape\u0161\u0107a i man\u017eete<br \/>\n Perforirana plo\u010da na zglobovima za bolju ventilaciju<br \/>\n Ko\u017ene harmonika plo\u010de na prstima, palcu i le\u0111ima za bolje pristajanje i udobnost<br \/>\n Tehni\u010dki podaci:<\/p>\n<p>Za\u0161titne rukavice za motocikliste (EN 13594:2015)<br \/>\n Za\u0161tita zglobova DFS Race<br \/>\n \u0160titnici za prste i zglobove s u\u0161ivenim ko\u017enim umetcima<br \/>\n TPU za\u0161tita prstiju<br \/>\n Bo\u010dna oja\u010danja s tvrdim kliza\u010dem za dlan i prste<br \/>\n Most prstiju na tre\u0107em i \u010detvrtom prstu<br \/>\n DODATNE INFORMACIJE O PROIZVODU<\/p>\n<p>Gornji materijal: 52% kozja ko\u017ea, 24% kravlja ko\u017ea, 13% klokanova ko\u017ea, 8% poliuretan, 3% ostala vlakna.<\/p>\n<p>Podstava: 40% aramid, 39% poliester, 21% pamuk. Sadr\u017ei netekstilne dijelove \u017eivotinjskog podrijetla.<\/p>\n","protected":false},"excerpt":{"rendered":"<p>Boja: Crno bijela<\/p>\n","protected":false},"featured_media":27934,"comment_status":"open","ping_status":"open","template":"","meta":{"_acf_changed":false},"brand":[2748],"gender":[],"product_brand":[],"product_cat":[2835,1356,2816],"product_tag":[],"class_list":{"0":"post-133781","1":"product","2":"type-product","3":"status-publish","4":"has-post-thumbnail","6":"brand-alpinestars-hr","7":"product_cat-kozne-rukavice","8":"product_cat-motociklisticka-oprema","9":"product_cat-rukavice","10":"pa_velikost-st-l-hr","11":"pa_velikost-st-m-hr","12":"pa_velikost-st-s-hr","13":"pa_velikost-st-xl-hr","14":"pa_velikost-st-xxl-hr","15":"pa_velikost-st-xxxl-hr","17":"first","18":"instock","19":"sale","20":"taxable","21":"shipping-taxable","22":"purchasable","23":"product-type-variable"},"acf":[],"_links":{"self":[{"href":"https:\/\/moto-oprema.com\/hr\/wp-json\/wp\/v2\/product\/133781","targetHints":{"allow":["GET"]}}],"collection":[{"href":"https:\/\/moto-oprema.com\/hr\/wp-json\/wp\/v2\/product"}],"about":[{"href":"https:\/\/moto-oprema.com\/hr\/wp-json\/wp\/v2\/types\/product"}],"replies":[{"embeddable":true,"href":"https:\/\/moto-oprema.com\/hr\/wp-json\/wp\/v2\/comments?post=133781"}],"wp:featuredmedia":[{"embeddable":true,"href":"https:\/\/moto-oprema.com\/hr\/wp-json\/wp\/v2\/media\/27934"}],"wp:attachment":[{"href":"https:\/\/moto-oprema.com\/hr\/wp-json\/wp\/v2\/media?parent=133781"}],"wp:term":[{"taxonomy":"brand","embeddable":true,"href":"https:\/\/moto-oprema.com\/hr\/wp-json\/wp\/v2\/brand?post=133781"},{"taxonomy":"gender","embeddable":true,"href":"https:\/\/moto-oprema.com\/hr\/wp-json\/wp\/v2\/gender?post=133781"},{"taxonomy":"product_brand","embeddable":true,"href":"https:\/\/moto-oprema.com\/hr\/wp-json\/wp\/v2\/product_brand?post=133781"},{"taxonomy":"product_cat","embeddable":true,"href":"https:\/\/moto-oprema.com\/hr\/wp-json\/wp\/v2\/product_cat?post=133781"},{"taxonomy":"product_tag","embeddable":true,"href":"https:\/\/moto-oprema.com\/hr\/wp-json\/wp\/v2\/product_tag?post=133781"}],"curies":[{"name":"wp","href":"https:\/\/api.w.org\/{rel}","templated":true}]}}