{"id":133754,"date":"2024-04-05T08:38:58","date_gmt":"2024-04-05T08:38:58","guid":{"rendered":"https:\/\/moto-oprema.com\/Artikel\/alpinestars-atem-v5-kozna-jakna-crno-bijela\/"},"modified":"2024-04-05T08:38:58","modified_gmt":"2024-04-05T08:38:58","slug":"alpinestars-atem-v5-kozna-jakna-crno-bijela","status":"publish","type":"product","link":"https:\/\/moto-oprema.com\/hr\/Artikel\/alpinestars-atem-v5-kozna-jakna-crno-bijela\/","title":{"rendered":"ALPINESTARS ATEM V5 KO\u017dNA JAKNA CRNO-BIJELA"},"content":{"rendered":"<p>Alpinestars Atem V5 perforirana ko\u017ena jakna za motocikle<\/p>\n<p>Atem V5 ko\u017ena jakna je trka\u0107a jakna dizajnirana i optimizirana za voza\u010de sportskih i naked sportskih motocikala s opse\u017enim zna\u010dajkama, tehnologijama i materijalima vezanim uz utrke, uklju\u010duju\u0107i poseban &#8220;trka\u0107i&#8221; kroj s prethodno oblikovanim rukavima za maksimalne performanse vo\u017enje, Alpinestarsovu &#8220;trka\u0107u&#8221; Flex Plus ko\u017eu, dokazanu za\u0161titu ramena i laktova na utrkama te optimalnu udobnost voza\u010da.<\/p>\n<p>Zna\u010dajke:<\/p>\n<p>Alpinestarsova kompozitna rastezljiva tehnologija, A-CS\u00ae Plus, sadr\u017ei rastezljive panele na torzu za iznimnu prozra\u010dnost, udobnost i slobodu kretanja, te manju te\u017einu i ni\u017ei profil od tradicionalnih ko\u017enih harmonika panela (A-CS\u00ae). Plus paneli su otprilike 9% lak\u0161i od ko\u017enih panela. Jo\u0161 jedna zna\u010dajna prednost kori\u0161tenja A-CS\u00ae Plus je njegova izvrsna rastezljivost; A-CS\u00ae Plus se raste\u017ee otprilike 30% i ima 300% ve\u0107u otpornost na kidanje u usporedbi s HRSF-om (Hyper-Resistant Stretch Fiber) i 600% ve\u0107u otpornost na rezanje u usporedbi s ko\u017eom.<br \/>\nFlex Plus &#8220;Race&#8221; konstrukcija od kravlje ko\u017ee je 10% lak\u0161a od obi\u010dne kravlje ko\u017ee, a istovremeno nudi 80% ve\u0107u fleksibilnost za vrhunsku slobodu kretanja, ultrafleksibilan trka\u0107i kroj i pobolj\u0161anu otpornost na habanje i kidanje.<br \/>\nOpse\u017eni tehni\u010dki rastezljivi paneli ispod pazuha, na unutarnjoj strani ramena i oko vrata za optimalno pristajanje<br \/>\n3D uzorak za oblikovanje tijela za pobolj\u0161ano &#8220;trka\u0107e&#8221; pristajanje<br \/>\nDFS-RR \u0161titnici za ramena i laktove dvostruke gusto\u0107e za izvrsnu kontrolu trenja<br \/>\nGP za\u0161tita laktova za dodatnu za\u0161titu od udara na klju\u010dnim podru\u010djima<br \/>\nNucleon Flex Plus \u0161titnik za ramena za izvrsnu za\u0161titu od udara<br \/>\nSpremno za sustave Tech-Air\u00ae 5 i Tech-Air\u00ae 3<br \/>\nZatvaranje vrata s \u010di\u010dkom i velikim integriranim preklopom za sigurno zatvaranje<br \/>\nErgonomske \u010di\u010dak man\u017eete s patentnim zatvara\u010dem na podlaktici za lak\u0161e rukovanje<br \/>\naerodinami\u010dni usporiva\u010d brzine za bolju aerodinami\u010dku u\u010dinkovitost i bolju ventilaciju<br \/>\nGrba je opremljena komorom za ugradnju hidratacijskog mjehura<br \/>\nNiskoprofilna sportska konstrukcija ovratnika za vrhunsku udobnost voza\u010da i pobolj\u0161ane aerodinami\u010dke performanse<br \/>\nVodootporni unutarnji pretinac za sigurno pohranjivanje dragocjenosti<br \/>\ndva vanjska d\u017eepa s patentnim zatvara\u010dem za prakti\u010dno i sigurno spremanje<br \/>\nunutarnja mre\u017easta podstava s d\u017eepovima za pohranu \u0161titnika za le\u0111a ili \u0161titnika za prsa<br \/>\ndu\u017ei rez na stra\u017enjem dijelu za ve\u0107u za\u0161titu u polo\u017eaju za vo\u017enju<br \/>\n3\/4 patentni zatvara\u010d u struku za sigurno spajanje s Alpinestars hla\u010dama<\/p>\n<p>Tehni\u010dki podaci:<\/p>\n<p>GP \u0161titnici za laktove, razina 1<br \/>\n Nucleon Flex Plus \u0161titnici za ramena, razina 1, kategorija II (EN 1621-1:2012)<br \/>\n pripremljeno za \u0161titnik za le\u0111a (nije uklju\u010den)<br \/>\n spremno za podijeljenu za\u0161titu za prsa (nije uklju\u010deno)<br \/>\n Osobna za\u0161titna oprema za motocikliste EN 17092-3:2020 klasa AA<br \/>\n Sastav sirovina: 42% kravlja ko\u017ea, 33% poliamid, 16% bivolja ko\u017ea, 6% poliester, 3% elastan; podstava: 84% poliester, 13% poliamid, 3% elastan (sadr\u017ei netekstilne dijelove \u017eivotinjskog podrijetla)<\/p>\n<p>&nbsp;<\/p>\n","protected":false},"excerpt":{"rendered":"<p>Alpinestars Atem V5 perforirana ko\u017ena jakna za motocikle Atem V5 ko\u017ena jakna je trka\u0107a jakna dizajnirana&#8230;<\/p>\n","protected":false},"featured_media":27907,"comment_status":"open","ping_status":"open","template":"","meta":{"_acf_changed":false},"brand":[2748],"gender":[],"product_brand":[],"product_cat":[2759,2915,1356],"product_tag":[],"class_list":{"0":"post-133754","1":"product","2":"type-product","3":"status-publish","4":"has-post-thumbnail","6":"brand-alpinestars-hr","7":"product_cat-jakne-hr","8":"product_cat-kozne-jakne","9":"product_cat-motociklisticka-oprema","10":"pa_size-48-hr","11":"pa_size-50-hr","12":"pa_size-52-hr","13":"pa_size-54-hr","14":"pa_size-56-hr","15":"pa_size-58-hr","17":"first","18":"onbackorder","19":"sale","20":"taxable","21":"shipping-taxable","22":"purchasable","23":"product-type-variable"},"acf":[],"_links":{"self":[{"href":"https:\/\/moto-oprema.com\/hr\/wp-json\/wp\/v2\/product\/133754","targetHints":{"allow":["GET"]}}],"collection":[{"href":"https:\/\/moto-oprema.com\/hr\/wp-json\/wp\/v2\/product"}],"about":[{"href":"https:\/\/moto-oprema.com\/hr\/wp-json\/wp\/v2\/types\/product"}],"replies":[{"embeddable":true,"href":"https:\/\/moto-oprema.com\/hr\/wp-json\/wp\/v2\/comments?post=133754"}],"wp:featuredmedia":[{"embeddable":true,"href":"https:\/\/moto-oprema.com\/hr\/wp-json\/wp\/v2\/media\/27907"}],"wp:attachment":[{"href":"https:\/\/moto-oprema.com\/hr\/wp-json\/wp\/v2\/media?parent=133754"}],"wp:term":[{"taxonomy":"brand","embeddable":true,"href":"https:\/\/moto-oprema.com\/hr\/wp-json\/wp\/v2\/brand?post=133754"},{"taxonomy":"gender","embeddable":true,"href":"https:\/\/moto-oprema.com\/hr\/wp-json\/wp\/v2\/gender?post=133754"},{"taxonomy":"product_brand","embeddable":true,"href":"https:\/\/moto-oprema.com\/hr\/wp-json\/wp\/v2\/product_brand?post=133754"},{"taxonomy":"product_cat","embeddable":true,"href":"https:\/\/moto-oprema.com\/hr\/wp-json\/wp\/v2\/product_cat?post=133754"},{"taxonomy":"product_tag","embeddable":true,"href":"https:\/\/moto-oprema.com\/hr\/wp-json\/wp\/v2\/product_tag?post=133754"}],"curies":[{"name":"wp","href":"https:\/\/api.w.org\/{rel}","templated":true}]}}