{"id":133685,"date":"2024-03-18T09:54:10","date_gmt":"2024-03-18T09:54:10","guid":{"rendered":"https:\/\/moto-oprema.com\/Artikel\/spidi-allroad-h2out-jakna-crna\/"},"modified":"2024-03-18T09:54:10","modified_gmt":"2024-03-18T09:54:10","slug":"spidi-allroad-h2out-jakna-crna","status":"publish","type":"product","link":"https:\/\/moto-oprema.com\/hr\/Artikel\/spidi-allroad-h2out-jakna-crna\/","title":{"rendered":"SPIDI ALLROAD H2OUT JAKNA CRNA"},"content":{"rendered":"<p>Motociklisti\u010dka tekstilna jakna Spidi H2Out Allroad<\/p>\n<p>Kombinacija 3-u-1 jakni predstavlja revoluciju u Spidiju od 1994. godine, kada je Spidi predstavio prvu motociklisti\u010dku jaknu s ovim konstrukcijskim sustavom. Milijuni prije\u0111enih kilometara i tisu\u0107e motociklista pomogli su u pobolj\u0161anju asortimana iz godine u godinu. Spidi Allroad predstavlja vrhunski razvoj, zbroj svih znanja u ovom podru\u010dju. Jakna kombinira visoko\u010dvrsti troslojni Extra Tenax 6.6 najlon &#8211; s izvrsnom otporno\u0161\u0107u na habanje &#8211; i PU-oblo\u017eeni poliester. Allroad jakna testirana je prema standardu Pr En 17092-3:2017 klase AA i opremljena je uklonjivim ForceTech \u0161titnicima na ramenima i laktovima. Jakna je tako\u0111er opremljena inovativnim InsideOut sustavom, vodootpornom troslojnom H2Out 10K\/10K membranom koja se mo\u017ee nositi unutar jakne po laganoj ki\u0161i ili vani po olujama. Membrana ima podesive &#8220;gama\u0161ne&#8221; koje se mogu podesiti za kori\u0161tenje InsideOut sustava. 3M\u00ae Scotchlite\u00ae reflektori osiguravaju izvrsnu vidljivost no\u0107u, a za ve\u0107u sigurnost tu je i patentni zatvara\u010d izme\u0111u jakne i hla\u010da. Za savr\u0161eno pristajanje, jakna je opremljena Spidi Ergofit sustavom s podesivim EST kop\u010danjem na ovratniku. Za neo\u010dekivane pljuskove tu je vodootporni vanjski d\u017eep koji pru\u017ea dvostruku za\u0161titu s vodootpornom H2Out podstavom s vanjske strane.         <\/p>\n<p>Zna\u010dajke:<\/p>\n<p>H2Out vodootporna, vjetrootporna i prozra\u010dna odje\u0107a<br \/>\nfiksna mre\u017easta baza<br \/>\nuklonjiva podloga (100 g)<br \/>\nuklonjiva H2Out podstava, troslojna laminirana tkanina<br \/>\novratnik s neoprenskim umetcima<br \/>\n3D tkanina koja vrlo dobro upija znoj<br \/>\nintegrirani ErgoFit sustav<br \/>\npodesivo kop\u010danje na bokovima<br \/>\ntrake za pode\u0161avanje i pri\u010dvr\u0161\u0107ivanje \u0161titnika<br \/>\npodesiva napetost u\u017eeta<br \/>\npode\u0161avanje i pri\u010dvr\u0161\u0107ivanje EST-a<br \/>\nDijelovi u obliku harmonike za bolje pristajanje<br \/>\nVisoko\u010dvrsta Tenax poliamidna tkanina za iznimnu otpornost na habanje<br \/>\nTroslojni sustav koji je prozra\u010dan, vodootporan i otporan na vjetar<br \/>\nReflektiraju\u0107e zone za bolju vidljivost no\u0107u<br \/>\nperforirana mre\u017easta tkanina<br \/>\ndvoslojni vodootporni, prozra\u010dni i vjetrootporni laminat<br \/>\n3M Scotchlite &#8211; najbolji reflektiraju\u0107i materijal<br \/>\nVodootporni vanjski d\u017eep<br \/>\nvodootporni patentni zatvara\u010d<br \/>\notvori za zrak za bolju ventilaciju<br \/>\npatentni zatvara\u010d za spajanje jakne i hla\u010da<br \/>\nure\u0111aj za hidroback (V63)<br \/>\n3 jakne u 1: vanjski sloj, H2Out membrana i pro\u0161ivena podstava<br \/>\nPri\u010dvr\u0161\u0107ivanje kukom<br \/>\nPonovno zatvorive ventilacijske plo\u010de<br \/>\niznutra prema van: skriveni sustav kop\u010di za postupno umetanje jakni<br \/>\nInsideOut: H2Out vodootporna membrana koja se mo\u017ee koristiti s unutarnje i vanjske strane Spidi odje\u0107e<br \/>\nMagnetsko zatvaranje vrata<br \/>\nZa\u0161titna oprema za motocikle u skladu s Uredbom (EU) 2016\/454<br \/>\nOsobna za\u0161titna oprema &#8211; za\u0161titna odje\u0107a za motocikliste (Pr En 17092-3:2017, klasa AA)<br \/>\nZa\u0161tita za le\u0111a (razina 1 Z53, Z54 ili razina 2 Z147)<br \/>\nUre\u0111aj za za\u0161titu prsa ratnika (razina 1 Z138)<br \/>\nUre\u0111aj za prsa ratnika Z157<br \/>\nUre\u0111aj za zadr\u017eavanje (razina 2 Z172)<br \/>\nUklonjivi Warrior Lite \u0161titnici na ramenima i laktovima (En1621-1 razina 2)<br \/>\nTehni\u010dki podaci:<\/p>\n<p>Veli\u010dina: M &#8211; 4XL<br \/>\n \u0161titnici: za ramena, laktove, le\u0111a (opcionalni pribor &#8211; nije uklju\u010den)<br \/>\n Te\u017eina: 2,8 kg<\/p>\n<p>&nbsp;<\/p>\n","protected":false},"excerpt":{"rendered":"<p>Motociklisti\u010dka tekstilna jakna Spidi H2Out Allroad Kombinacija 3-u-1 jakni predstavlja revoluciju u Spidiju od 1994. godine,&#8230;<\/p>\n","protected":false},"featured_media":27405,"comment_status":"open","ping_status":"open","template":"","meta":{"_acf_changed":false},"brand":[2732],"gender":[1313],"product_brand":[],"product_cat":[2759,1356,2761],"product_tag":[],"class_list":{"0":"post-133685","1":"product","2":"type-product","3":"status-publish","4":"has-post-thumbnail","6":"brand-spidi-hr","7":"gender-moski","8":"product_cat-jakne-hr","9":"product_cat-motociklisticka-oprema","10":"product_cat-tekstilne-jakne-hr","11":"pa_size-l-hr","12":"pa_size-m-hr","13":"pa_size-xl-hr","14":"pa_size-xxl-hr","15":"pa_size-xxxl-hr","16":"pa_size-xxxxl-hr","18":"first","19":"onbackorder","20":"sale","21":"taxable","22":"shipping-taxable","23":"purchasable","24":"product-type-variable"},"acf":[],"_links":{"self":[{"href":"https:\/\/moto-oprema.com\/hr\/wp-json\/wp\/v2\/product\/133685","targetHints":{"allow":["GET"]}}],"collection":[{"href":"https:\/\/moto-oprema.com\/hr\/wp-json\/wp\/v2\/product"}],"about":[{"href":"https:\/\/moto-oprema.com\/hr\/wp-json\/wp\/v2\/types\/product"}],"replies":[{"embeddable":true,"href":"https:\/\/moto-oprema.com\/hr\/wp-json\/wp\/v2\/comments?post=133685"}],"wp:featuredmedia":[{"embeddable":true,"href":"https:\/\/moto-oprema.com\/hr\/wp-json\/wp\/v2\/media\/27405"}],"wp:attachment":[{"href":"https:\/\/moto-oprema.com\/hr\/wp-json\/wp\/v2\/media?parent=133685"}],"wp:term":[{"taxonomy":"brand","embeddable":true,"href":"https:\/\/moto-oprema.com\/hr\/wp-json\/wp\/v2\/brand?post=133685"},{"taxonomy":"gender","embeddable":true,"href":"https:\/\/moto-oprema.com\/hr\/wp-json\/wp\/v2\/gender?post=133685"},{"taxonomy":"product_brand","embeddable":true,"href":"https:\/\/moto-oprema.com\/hr\/wp-json\/wp\/v2\/product_brand?post=133685"},{"taxonomy":"product_cat","embeddable":true,"href":"https:\/\/moto-oprema.com\/hr\/wp-json\/wp\/v2\/product_cat?post=133685"},{"taxonomy":"product_tag","embeddable":true,"href":"https:\/\/moto-oprema.com\/hr\/wp-json\/wp\/v2\/product_tag?post=133685"}],"curies":[{"name":"wp","href":"https:\/\/api.w.org\/{rel}","templated":true}]}}