{"id":133621,"date":"2024-03-18T08:58:05","date_gmt":"2024-03-18T08:58:05","guid":{"rendered":"https:\/\/moto-oprema.com\/Artikel\/spidi-intersection-h2out-jakna-crna\/"},"modified":"2024-03-18T08:58:05","modified_gmt":"2024-03-18T08:58:05","slug":"spidi-intersection-h2out-jakna-crna","status":"publish","type":"product","link":"https:\/\/moto-oprema.com\/hr\/Artikel\/spidi-intersection-h2out-jakna-crna\/","title":{"rendered":"SPIDI INTERSECTION H2OUT JAKNA CRNA"},"content":{"rendered":"<p>Dizajnirana kako bi kombinirala lako\u0107u i prozra\u010dnost mre\u017eastog materijala s otporno\u0161\u0107u i \u010dvrsto\u0107om ko\u017ee, jakna SPIDI Intersection H2Out\u00ae namijenjena je voza\u010dima sportsko-turisti\u010dkih motocikala koji voze u toplijim i ki\u0161ovitim klimama, a karakterizira je posebno mala te\u017eina i dobra stabilnost \u010dak i pri srednjim do velikim brzinama. <\/p>\n<p>Vanjski sloj kombinira visoko otpornu poliamidnu mre\u017eicu i 1,1-1,2 debljine kravlje ko\u017ee, izvedene od onih koje koriste SPIDI natjecatelji na svjetskim prvenstvima. Uklonjivi prozra\u010dni i vodootporni H2Out\u00ae sloj mo\u017ee se koristiti i zasebno. <\/p>\n<p>Jakna (certificirana prema EN 17092-3:2020 klasi A) opremljena je \u0161titnicima Warrior Light razine 2 na ramenima i laktovima te je dizajnirana za prihvat dodatnih Step-In-Wear komponenti, dostupnih kao dodatna oprema. <\/p>\n<p>Sastav sirovine: 92% poliester, 8% ko\u017ea<\/p>\n","protected":false},"excerpt":{"rendered":"<p>Dizajnirana kako bi kombinirala lako\u0107u i prozra\u010dnost mre\u017eastog materijala s otporno\u0161\u0107u i \u010dvrsto\u0107om ko\u017ee, jakna SPIDI&#8230;<\/p>\n","protected":false},"featured_media":27350,"comment_status":"open","ping_status":"open","template":"","meta":{"_acf_changed":false},"brand":[2732],"gender":[1313],"product_brand":[],"product_cat":[2759,1356,2761],"product_tag":[],"class_list":{"0":"post-133621","1":"product","2":"type-product","3":"status-publish","4":"has-post-thumbnail","6":"brand-spidi-hr","7":"gender-moski","8":"product_cat-jakne-hr","9":"product_cat-motociklisticka-oprema","10":"product_cat-tekstilne-jakne-hr","11":"pa_size-l-hr","12":"pa_size-m-hr","13":"pa_size-s-hr","14":"pa_size-xl-hr","15":"pa_size-xxl-hr","16":"pa_size-xxxl-hr","17":"pa_size-xxxxl-hr","19":"first","20":"instock","21":"taxable","22":"shipping-taxable","23":"purchasable","24":"product-type-variable"},"acf":[],"_links":{"self":[{"href":"https:\/\/moto-oprema.com\/hr\/wp-json\/wp\/v2\/product\/133621","targetHints":{"allow":["GET"]}}],"collection":[{"href":"https:\/\/moto-oprema.com\/hr\/wp-json\/wp\/v2\/product"}],"about":[{"href":"https:\/\/moto-oprema.com\/hr\/wp-json\/wp\/v2\/types\/product"}],"replies":[{"embeddable":true,"href":"https:\/\/moto-oprema.com\/hr\/wp-json\/wp\/v2\/comments?post=133621"}],"wp:featuredmedia":[{"embeddable":true,"href":"https:\/\/moto-oprema.com\/hr\/wp-json\/wp\/v2\/media\/27350"}],"wp:attachment":[{"href":"https:\/\/moto-oprema.com\/hr\/wp-json\/wp\/v2\/media?parent=133621"}],"wp:term":[{"taxonomy":"brand","embeddable":true,"href":"https:\/\/moto-oprema.com\/hr\/wp-json\/wp\/v2\/brand?post=133621"},{"taxonomy":"gender","embeddable":true,"href":"https:\/\/moto-oprema.com\/hr\/wp-json\/wp\/v2\/gender?post=133621"},{"taxonomy":"product_brand","embeddable":true,"href":"https:\/\/moto-oprema.com\/hr\/wp-json\/wp\/v2\/product_brand?post=133621"},{"taxonomy":"product_cat","embeddable":true,"href":"https:\/\/moto-oprema.com\/hr\/wp-json\/wp\/v2\/product_cat?post=133621"},{"taxonomy":"product_tag","embeddable":true,"href":"https:\/\/moto-oprema.com\/hr\/wp-json\/wp\/v2\/product_tag?post=133621"}],"curies":[{"name":"wp","href":"https:\/\/api.w.org\/{rel}","templated":true}]}}