{"id":133576,"date":"2024-04-18T08:30:52","date_gmt":"2024-04-18T08:30:52","guid":{"rendered":"https:\/\/moto-oprema.com\/Artikel\/spidi-enduro-pro-jakna-crvena\/"},"modified":"2024-04-18T08:30:52","modified_gmt":"2024-04-18T08:30:52","slug":"spidi-enduro-pro-jakna-crvena","status":"publish","type":"product","link":"https:\/\/moto-oprema.com\/hr\/Artikel\/spidi-enduro-pro-jakna-crvena\/","title":{"rendered":"SPIDI ENDURO PRO JAKNA CRVENA"},"content":{"rendered":"<p>Dizajniran od strane SPIDI-ja za off-road i avanturisti\u010dke sportove, Enduro Pro je kompatibilan sa svim SPIDI za\u0161titnim slojevima zahvaljuju\u0107i svojoj Step-In Armor tehnologiji. Tako\u0111er se mo\u017ee pri\u010dvrstiti na bilo koje kompatibilne SPIDI hla\u010de. <\/p>\n<p>Izra\u0111ena od visoko\u010dvrstog poliestera, jakna je certificirana u klasi B prema normi EN 17092-5:2020, \u0161to osigurava otpornost na habanje, posjekotine i kidanje.<\/p>\n<p>SPIDI Enduro Pro je vrlo funkcionalan odjevni predmet: kada se nosi preko bilo koje vrste oklopa, rukavi se mogu lako skinuti i pohraniti u veliki stra\u017enji d\u017eep, dok 2 usisnika za zrak na prsima pove\u0107avaju ventilaciju u svim uvjetima kori\u0161tenja. ErgoFit sustav omogu\u0107uje pode\u0161avanje veli\u010dine rukava, bo\u010dnih strana i donjeg dijela jakne. Elasti\u010dne man\u017eete u kombinaciji s elasti\u010dnom petljom osiguravaju maksimalnu udobnost \u010dak i pri profesionalnoj terenskoj upotrebi.  <\/p>\n<p>Sigurnosna oprema uklju\u010duje 3M\u00ae reflektiraju\u0107e elemente postavljene na 4 strane za pove\u0107anu pasivnu vidljivost.<\/p>\n<p>Sastav sirovine: 100% poliester<\/p>\n","protected":false},"excerpt":{"rendered":"<p>Dizajniran od strane SPIDI-ja za off-road i avanturisti\u010dke sportove, Enduro Pro je kompatibilan sa svim SPIDI&#8230;<\/p>\n","protected":false},"featured_media":28191,"comment_status":"open","ping_status":"open","template":"","meta":{"_acf_changed":false},"brand":[2732],"gender":[1313],"product_brand":[],"product_cat":[2759,1356,2761],"product_tag":[],"class_list":{"0":"post-133576","1":"product","2":"type-product","3":"status-publish","4":"has-post-thumbnail","6":"brand-spidi-hr","7":"gender-moski","8":"product_cat-jakne-hr","9":"product_cat-motociklisticka-oprema","10":"product_cat-tekstilne-jakne-hr","11":"pa_size-2xl-hr","12":"pa_size-3xl-hr","13":"pa_size-l-hr","14":"pa_size-m-hr","15":"pa_size-s-hr","16":"pa_size-xl-hr","18":"first","19":"instock","20":"sale","21":"taxable","22":"shipping-taxable","23":"purchasable","24":"product-type-variable"},"acf":[],"_links":{"self":[{"href":"https:\/\/moto-oprema.com\/hr\/wp-json\/wp\/v2\/product\/133576","targetHints":{"allow":["GET"]}}],"collection":[{"href":"https:\/\/moto-oprema.com\/hr\/wp-json\/wp\/v2\/product"}],"about":[{"href":"https:\/\/moto-oprema.com\/hr\/wp-json\/wp\/v2\/types\/product"}],"replies":[{"embeddable":true,"href":"https:\/\/moto-oprema.com\/hr\/wp-json\/wp\/v2\/comments?post=133576"}],"wp:featuredmedia":[{"embeddable":true,"href":"https:\/\/moto-oprema.com\/hr\/wp-json\/wp\/v2\/media\/28191"}],"wp:attachment":[{"href":"https:\/\/moto-oprema.com\/hr\/wp-json\/wp\/v2\/media?parent=133576"}],"wp:term":[{"taxonomy":"brand","embeddable":true,"href":"https:\/\/moto-oprema.com\/hr\/wp-json\/wp\/v2\/brand?post=133576"},{"taxonomy":"gender","embeddable":true,"href":"https:\/\/moto-oprema.com\/hr\/wp-json\/wp\/v2\/gender?post=133576"},{"taxonomy":"product_brand","embeddable":true,"href":"https:\/\/moto-oprema.com\/hr\/wp-json\/wp\/v2\/product_brand?post=133576"},{"taxonomy":"product_cat","embeddable":true,"href":"https:\/\/moto-oprema.com\/hr\/wp-json\/wp\/v2\/product_cat?post=133576"},{"taxonomy":"product_tag","embeddable":true,"href":"https:\/\/moto-oprema.com\/hr\/wp-json\/wp\/v2\/product_tag?post=133576"}],"curies":[{"name":"wp","href":"https:\/\/api.w.org\/{rel}","templated":true}]}}