{"id":133526,"date":"2024-04-08T09:47:44","date_gmt":"2024-04-08T09:47:44","guid":{"rendered":"https:\/\/moto-oprema.com\/Artikel\/alpinestars-garage-tekstilna-jakna-crna\/"},"modified":"2024-04-08T09:47:44","modified_gmt":"2024-04-08T09:47:44","slug":"alpinestars-garage-tekstilna-jakna-crna","status":"publish","type":"product","link":"https:\/\/moto-oprema.com\/hr\/Artikel\/alpinestars-garage-tekstilna-jakna-crna\/","title":{"rendered":"ALPINESTARS GARAGE TEKSTILNA JAKNA CRNA"},"content":{"rendered":"<p>Alpinestars Garage motociklisti\u010dka tekstilna jakna<\/p>\n<p>Moderna verzija klasi\u010dne Alpinestars traper motociklisti\u010dke jakne, urbana Garage jakna kombinira le\u017eerni rastezljivi pamu\u010dni traper sa za\u0161titom razine 1 kako bi stvorila za\u0161titni odjevni predmet u stilu radne odje\u0107e koji izgleda sjajno u svakom okru\u017eenju, na motoru i izvan njega. <\/p>\n<p>Zna\u010dajke:<\/p>\n<p>Izra\u0111eno od rastezljivog pamu\u010dnog trapera za optimalno pristajanje<br \/>\n Oja\u010dana ramena i laktovi za otpornost na habanje<br \/>\n Le\u017eeran dizajn s laganim osje\u0107ajem<br \/>\n D\u017eepovi na prsima i rukama za prakti\u010dnu svakodnevnu upotrebu<br \/>\n \u0160titnici za ramena i laktove posebno su dizajnirani za u\u017ee pristajanje<br \/>\n Niskoprofilni \u0161titnici za laktove za le\u017eernu estetiku<br \/>\n Spreman za sustav Tech-Air\u00ae 3<\/p>\n<p>Tehni\u010dki podaci:<\/p>\n<p>Nucleon Flex \u0161titnici za ramena i laktove, razina 1<br \/>\n Osobna za\u0161titna oprema za motocikliste EN 17092-3:2020 klasa A <\/p>\n<p>Sastav sirovine:<br \/>\n Materijal 42% pamuk, 28% poliester, 18% liocel, 10% poliamid, 2% elastan<\/p>\n","protected":false},"excerpt":{"rendered":"<p>Alpinestars Garage motociklisti\u010dka tekstilna jakna Moderna verzija klasi\u010dne Alpinestars traper motociklisti\u010dke jakne, urbana Garage jakna kombinira&#8230;<\/p>\n","protected":false},"featured_media":27997,"comment_status":"open","ping_status":"open","template":"","meta":{"_acf_changed":false},"brand":[2748],"gender":[],"product_brand":[],"product_cat":[2759,1356,2761],"product_tag":[],"class_list":{"0":"post-133526","1":"product","2":"type-product","3":"status-publish","4":"has-post-thumbnail","6":"brand-alpinestars-hr","7":"product_cat-jakne-hr","8":"product_cat-motociklisticka-oprema","9":"product_cat-tekstilne-jakne-hr","10":"pa_size-l-hr","11":"pa_size-m-hr","12":"pa_size-s-hr","13":"pa_size-xl-hr","14":"pa_size-xxl-hr","15":"pa_size-xxxl-hr","17":"first","18":"instock","19":"sale","20":"taxable","21":"shipping-taxable","22":"purchasable","23":"product-type-variable"},"acf":[],"_links":{"self":[{"href":"https:\/\/moto-oprema.com\/hr\/wp-json\/wp\/v2\/product\/133526","targetHints":{"allow":["GET"]}}],"collection":[{"href":"https:\/\/moto-oprema.com\/hr\/wp-json\/wp\/v2\/product"}],"about":[{"href":"https:\/\/moto-oprema.com\/hr\/wp-json\/wp\/v2\/types\/product"}],"replies":[{"embeddable":true,"href":"https:\/\/moto-oprema.com\/hr\/wp-json\/wp\/v2\/comments?post=133526"}],"wp:featuredmedia":[{"embeddable":true,"href":"https:\/\/moto-oprema.com\/hr\/wp-json\/wp\/v2\/media\/27997"}],"wp:attachment":[{"href":"https:\/\/moto-oprema.com\/hr\/wp-json\/wp\/v2\/media?parent=133526"}],"wp:term":[{"taxonomy":"brand","embeddable":true,"href":"https:\/\/moto-oprema.com\/hr\/wp-json\/wp\/v2\/brand?post=133526"},{"taxonomy":"gender","embeddable":true,"href":"https:\/\/moto-oprema.com\/hr\/wp-json\/wp\/v2\/gender?post=133526"},{"taxonomy":"product_brand","embeddable":true,"href":"https:\/\/moto-oprema.com\/hr\/wp-json\/wp\/v2\/product_brand?post=133526"},{"taxonomy":"product_cat","embeddable":true,"href":"https:\/\/moto-oprema.com\/hr\/wp-json\/wp\/v2\/product_cat?post=133526"},{"taxonomy":"product_tag","embeddable":true,"href":"https:\/\/moto-oprema.com\/hr\/wp-json\/wp\/v2\/product_tag?post=133526"}],"curies":[{"name":"wp","href":"https:\/\/api.w.org\/{rel}","templated":true}]}}