{"id":133498,"date":"2024-03-27T10:04:35","date_gmt":"2024-03-27T10:04:35","guid":{"rendered":"https:\/\/moto-oprema.com\/Artikel\/alpinestars-nucleon-flex-proi-stitnik-za-leda\/"},"modified":"2024-03-27T10:04:35","modified_gmt":"2024-03-27T10:04:35","slug":"alpinestars-nucleon-flex-proi-stitnik-za-leda","status":"publish","type":"product","link":"https:\/\/moto-oprema.com\/hr\/Artikel\/alpinestars-nucleon-flex-proi-stitnik-za-leda\/","title":{"rendered":"ALPINESTARS NUCLEON FLEX PROi \u0160TITNIK ZA LE\u0110A"},"content":{"rendered":"<p>Alpinestars Nucleon Flex Pro \u0161titnik za le\u0111a<\/p>\n<p>Iznimno lagani \u0161titnik za le\u0111a Nucleon Flex Pro Level 2 izra\u0111en je od visoko prozra\u010dne mje\u0161avine Nucleon Cell i Nucleon Flex materijala, stvaraju\u0107i optimalnu ravnote\u017eu izme\u0111u prijenosa snage i fleksibilnosti. Tako\u0111er ima meku 3D mre\u017eastu podstavu za pove\u0107anu udobnost voza\u010da. <\/p>\n<p>Zna\u010dajke:<br \/>\n Ulo\u017eak za za\u0161titu le\u0111a razvijen je u tri dimenzije struka i ramena kako bi pokrio sve veli\u010dine tijela.<br \/>\n Visokou\u010dinkovita polimerna celularna struktura i Nucleon Flex struktura pru\u017eaju optimalnu fleksibilnost i izvrsna svojstva u\u0161tede te\u017eine<br \/>\n Dizajn \u0161titnika za le\u0111a mijenja se od sredi\u0161ta prema van, pru\u017eaju\u0107i savr\u0161enu ravnote\u017eu izme\u0111u apsorpcije energije i fleksibilnosti.<br \/>\n Mekana, udobna 3D mre\u017ea na strani tijela \u0161titnika osigurava prozra\u010dnost i udobnost voza\u010da<br \/>\n Kompatibilnost s tipkama za brzu i jednostavnu upotrebu s Alpinestars odijelima i jaknama<br \/>\n Rigorozno testirano za dokazane performanse na ekstremnim temperaturama<br \/>\n EN 1621-2:2014, RAZINA 2<br \/>\n Te\u017eina: S &#8211; 0,6 kg, M &#8211; 0,7 kg, L &#8211; 0,75 kg<\/p>\n<p>&nbsp;<\/p>\n","protected":false},"excerpt":{"rendered":"<p>Alpinestars Nucleon Flex Pro \u0161titnik za le\u0111a Iznimno lagani \u0161titnik za le\u0111a Nucleon Flex Pro Level&#8230;<\/p>\n","protected":false},"featured_media":27688,"comment_status":"open","ping_status":"closed","template":"","meta":{"_acf_changed":false},"brand":[2748],"gender":[],"product_brand":[],"product_cat":[1356,2856,2855],"product_tag":[],"class_list":{"0":"post-133498","1":"product","2":"type-product","3":"status-publish","4":"has-post-thumbnail","6":"brand-alpinestars-hr","7":"product_cat-motociklisticka-oprema","8":"product_cat-zastitnici","9":"product_cat-zastitnici-i-zracni-jastuci","10":"pa_size-l-hr","11":"pa_size-m-hr","12":"pa_size-s-hr","14":"first","15":"onbackorder","16":"taxable","17":"shipping-taxable","18":"purchasable","19":"product-type-variable"},"acf":[],"_links":{"self":[{"href":"https:\/\/moto-oprema.com\/hr\/wp-json\/wp\/v2\/product\/133498","targetHints":{"allow":["GET"]}}],"collection":[{"href":"https:\/\/moto-oprema.com\/hr\/wp-json\/wp\/v2\/product"}],"about":[{"href":"https:\/\/moto-oprema.com\/hr\/wp-json\/wp\/v2\/types\/product"}],"replies":[{"embeddable":true,"href":"https:\/\/moto-oprema.com\/hr\/wp-json\/wp\/v2\/comments?post=133498"}],"wp:featuredmedia":[{"embeddable":true,"href":"https:\/\/moto-oprema.com\/hr\/wp-json\/wp\/v2\/media\/27688"}],"wp:attachment":[{"href":"https:\/\/moto-oprema.com\/hr\/wp-json\/wp\/v2\/media?parent=133498"}],"wp:term":[{"taxonomy":"brand","embeddable":true,"href":"https:\/\/moto-oprema.com\/hr\/wp-json\/wp\/v2\/brand?post=133498"},{"taxonomy":"gender","embeddable":true,"href":"https:\/\/moto-oprema.com\/hr\/wp-json\/wp\/v2\/gender?post=133498"},{"taxonomy":"product_brand","embeddable":true,"href":"https:\/\/moto-oprema.com\/hr\/wp-json\/wp\/v2\/product_brand?post=133498"},{"taxonomy":"product_cat","embeddable":true,"href":"https:\/\/moto-oprema.com\/hr\/wp-json\/wp\/v2\/product_cat?post=133498"},{"taxonomy":"product_tag","embeddable":true,"href":"https:\/\/moto-oprema.com\/hr\/wp-json\/wp\/v2\/product_tag?post=133498"}],"curies":[{"name":"wp","href":"https:\/\/api.w.org\/{rel}","templated":true}]}}