{"id":133485,"date":"2024-03-18T10:25:30","date_gmt":"2024-03-18T10:25:30","guid":{"rendered":"https:\/\/moto-oprema.com\/Artikel\/spidi-allroad-h2out-hlace-crne-ledene\/"},"modified":"2024-03-18T10:25:30","modified_gmt":"2024-03-18T10:25:30","slug":"spidi-allroad-h2out-hlace-crne-ledene","status":"publish","type":"product","link":"https:\/\/moto-oprema.com\/hr\/Artikel\/spidi-allroad-h2out-hlace-crne-ledene\/","title":{"rendered":"SPIDI ALLROAD H2OUT HLA\u010cE CRNE LEDENE"},"content":{"rendered":"<p>Motociklisti\u010dke tekstilne hla\u010de Spidi H2Out Allroad<\/p>\n<p>S hla\u010dama Spidi H2Out Allroad bit \u0107ete sigurni na cesti u vjetru i nepovoljnim vremenskim uvjetima.<\/p>\n<p>Zna\u010dajke:<\/p>\n<p>H2Out vodootporna, vjetrootporna i prozra\u010dna odje\u0107a<br \/>\nfiksna mre\u017easta baza<br \/>\nuklonjiva troslojna H2Out InsideOut membrana<br \/>\nmikrometrijski sustav zatezanja, podesiv u lumbalnom podru\u010dju<br \/>\nDijelovi u obliku harmonike za bolje pristajanje<br \/>\npodesivo sjedalo za za\u0161titu koljena<br \/>\nvisoko\u010dvrsta, trostruko uvijena tkanina od najlona 6.6 i poliestera<br \/>\nTroslojni prozra\u010dni, vodootporni i vjetrootporni sustav<br \/>\nReflektiraju\u0107e zone za bolju vidljivost no\u0107u<br \/>\nperforirana mre\u017easta tkanina<br \/>\n3M Scotchlite &#8211; najbolji reflektiraju\u0107i materijal<br \/>\nStep-in-Clothing: sustav slojevitog odijevanja<br \/>\nVentilacijski otvori<br \/>\npatentni zatvara\u010d za spajanje jakne i hla\u010da<br \/>\nHla\u010de 2 u 1: vanjska podstava i H2Out membrana<br \/>\nUnutra\u0161njost: H2Out vodootporna membrana koja se mo\u017ee koristiti unutar i izvan Spidi odje\u0107e<br \/>\nZa\u0161titna oprema za motocikle u skladu s Uredbom (EU) 2016\/454<br \/>\nOsobna za\u0161titna oprema &#8211; Za\u0161titna odje\u0107a za motocikliste (Pr En 17092-3:2017, klasa AA)<br \/>\nWarrior Lite uklonjivi \u0161titnici za bokove i koljena (EN1621-1 razina 2)<br \/>\nTehni\u010dki podaci:<\/p>\n<p>Veli\u010dina: M &#8211; 4XL<br \/>\n \u0160titnici: koljena, kukovi<br \/>\n Te\u017eina: 2,8 kg<\/p>\n","protected":false},"excerpt":{"rendered":"<p>Motociklisti\u010dke tekstilne hla\u010de Spidi H2Out Allroad S hla\u010dama Spidi H2Out Allroad bit \u0107ete sigurni na cesti&#8230;<\/p>\n","protected":false},"featured_media":27436,"comment_status":"open","ping_status":"closed","template":"","meta":{"_acf_changed":false},"brand":[2732],"gender":[1313],"product_brand":[],"product_cat":[2832,1356,2857],"product_tag":[],"class_list":{"0":"post-133485","1":"product","2":"type-product","3":"status-publish","4":"has-post-thumbnail","6":"brand-spidi-hr","7":"gender-moski","8":"product_cat-hlace-hr","9":"product_cat-motociklisticka-oprema","10":"product_cat-tekstilne-hlace-hr","11":"pa_size-l-hr","12":"pa_size-m-hr","13":"pa_size-xl-hr","14":"pa_size-xxl-hr","15":"pa_size-xxxl-hr","16":"pa_size-xxxxl-hr","18":"first","19":"onbackorder","20":"sale","21":"taxable","22":"shipping-taxable","23":"purchasable","24":"product-type-variable"},"acf":[],"_links":{"self":[{"href":"https:\/\/moto-oprema.com\/hr\/wp-json\/wp\/v2\/product\/133485","targetHints":{"allow":["GET"]}}],"collection":[{"href":"https:\/\/moto-oprema.com\/hr\/wp-json\/wp\/v2\/product"}],"about":[{"href":"https:\/\/moto-oprema.com\/hr\/wp-json\/wp\/v2\/types\/product"}],"replies":[{"embeddable":true,"href":"https:\/\/moto-oprema.com\/hr\/wp-json\/wp\/v2\/comments?post=133485"}],"wp:featuredmedia":[{"embeddable":true,"href":"https:\/\/moto-oprema.com\/hr\/wp-json\/wp\/v2\/media\/27436"}],"wp:attachment":[{"href":"https:\/\/moto-oprema.com\/hr\/wp-json\/wp\/v2\/media?parent=133485"}],"wp:term":[{"taxonomy":"brand","embeddable":true,"href":"https:\/\/moto-oprema.com\/hr\/wp-json\/wp\/v2\/brand?post=133485"},{"taxonomy":"gender","embeddable":true,"href":"https:\/\/moto-oprema.com\/hr\/wp-json\/wp\/v2\/gender?post=133485"},{"taxonomy":"product_brand","embeddable":true,"href":"https:\/\/moto-oprema.com\/hr\/wp-json\/wp\/v2\/product_brand?post=133485"},{"taxonomy":"product_cat","embeddable":true,"href":"https:\/\/moto-oprema.com\/hr\/wp-json\/wp\/v2\/product_cat?post=133485"},{"taxonomy":"product_tag","embeddable":true,"href":"https:\/\/moto-oprema.com\/hr\/wp-json\/wp\/v2\/product_tag?post=133485"}],"curies":[{"name":"wp","href":"https:\/\/api.w.org\/{rel}","templated":true}]}}