{"id":133481,"date":"2024-03-21T08:43:56","date_gmt":"2024-03-21T08:43:56","guid":{"rendered":"https:\/\/moto-oprema.com\/Artikel\/helite-turtle-prsluk-zracnog-jastuka-e-turtle-2-fl-zuta\/"},"modified":"2024-03-21T08:43:56","modified_gmt":"2024-03-21T08:43:56","slug":"helite-turtle-prsluk-zracnog-jastuka-e-turtle-2-fl-zuta","status":"publish","type":"product","link":"https:\/\/moto-oprema.com\/hr\/Artikel\/helite-turtle-prsluk-zracnog-jastuka-e-turtle-2-fl-zuta\/","title":{"rendered":"HELITE TURTLE PRSLUK ZRA\u010cNOG JASTUKA E-TURTLE 2 FL. \u017dUTA"},"content":{"rendered":"<p>Prsluk sa zra\u010dnim jastukom Helite e-Turtle 2.0<\/p>\n<p>Helite predstavlja novi elektroni\u010dki prsluk sa zra\u010dnim jastukom. Potpuno nova tehnologija za maksimalnu za\u0161titu na cesti. Prava revolucija u podru\u010dju za\u0161tite i detekcije pada! Elektroni\u010dki prsluk sa zra\u010dnim jastukom koristi sustav detekcije s vi\u0161e senzora koji omogu\u0107uje potpunu analizu situacije i potpunu za\u0161titu od 360 stupnjeva. Za potpunu i optimalnu za\u0161titu preporu\u010duje se ugradnja drugog senzora (SDU) na vilicu motocikla. Ova opcija omogu\u0107uje smanjenje vremena detekcije sa 60 ms (samo sa senzorima u pojasu) na 31 ms \u010dak i u mirovanju, pri maloj brzini i bez obzira na kut udara.     <\/p>\n<p>Zna\u010dajke:<\/p>\n<p>Bazirano na jakni s zra\u010dnim jastukom Turtle 2.0<br \/>\nMehani\u010dka okida\u010dka jedinica zamijenjena je elektroni\u010dkom jedinicom<br \/>\n Ima Turtle 2.0 i visokokvalitetnu SAS-TEC za\u0161titu za le\u0111a (pri\u010dvr\u0161\u0107enu na zra\u010dni jastuk poput oklopa kornja\u010de)<br \/>\n To\u010dkasta optere\u0107enja na le\u0111ima u\u010dinkovito se raspore\u0111uju i apsorbiraju cijelim zra\u010dnim jastukom<br \/>\n Za\u0161tita je nekoliko puta ve\u0107a od one standardnog zra\u010dnog jastuka<br \/>\n Sustavi zra\u010dnih jastuka Turtle imaju tehnolo\u0161ku prednost, posebno u slu\u010daju sudara s o\u0161trim i \u0161iljastim predmetima (npr. prepreka, grana ili dio motocikla).<br \/>\nKada se sustav aktivira, nakon 80-100 milisekundi (ovisno o veli\u010dini) posti\u017ee se optimalni tlak, pru\u017eaju\u0107i potpunu za\u0161titu.<br \/>\n 17-28 litara (ovisno o veli\u010dini) za\u0161titnog volumena pru\u017ea za\u0161titu za vrat, kralje\u017enicu, rebra, zdjelicu, petu, glavu, klju\u010dnu kost i unutarnje organe<br \/>\n Jednostavnom zamjenom elektroni\u010dkog ulo\u0161ka, prsluk se mo\u017ee ponovno upotrijebiti odmah nakon upotrebe (ako nema vanjskih o\u0161te\u0107enja)<br \/>\n Novi e-HR s kop\u010dom za spajanje<br \/>\n \u0160to se promijenilo?<\/p>\n<p>Nova i optimizirana baterija<br \/>\n Pobolj\u0161ani prekida\u010d za uklju\u010divanje\/isklju\u010divanje kako bi se sprije\u010dilo slu\u010dajno isklju\u010divanje<br \/>\n Ulo\u017eak sada ima &#8220;klik&#8221; konektor (usko\u010di na mjesto) umjesto jack konektora.<br \/>\n Tehni\u010dki podaci:<\/p>\n<p>Za\u0161titni volumen: 17-28 litara<br \/>\n Detekcija sudara: 60 ms (od 31 ms sa senzorom vilice)<br \/>\n Vrijeme napuhavanja zra\u010dnog jastuka: 80-100 ms (ovisno o veli\u010dini)<br \/>\n Optimizirane performanse baterije<br \/>\n Pobolj\u0161ani prekida\u010d za uklju\u010divanje\/isklju\u010divanje kako bi se sprije\u010dilo slu\u010dajno isklju\u010divanje upravlja\u010dke jedinice<br \/>\n Ugra\u0111ena za\u0161tita: da (SAS-TEC za\u0161tita za le\u0111a)<\/p>\n<p>&nbsp;<\/p>\n","protected":false},"excerpt":{"rendered":"<p>Prsluk sa zra\u010dnim jastukom Helite e-Turtle 2.0 Helite predstavlja novi elektroni\u010dki prsluk sa zra\u010dnim jastukom. Potpuno&#8230;<\/p>\n","protected":false},"featured_media":27458,"comment_status":"open","ping_status":"open","template":"","meta":{"_acf_changed":false},"brand":[2940],"gender":[],"product_brand":[],"product_cat":[1356,2855,2888],"product_tag":[],"class_list":{"0":"post-133481","1":"product","2":"type-product","3":"status-publish","4":"has-post-thumbnail","6":"brand-helitsi","7":"product_cat-motociklisticka-oprema","8":"product_cat-zastitnici-i-zracni-jastuci","9":"product_cat-zracni-jastuci","10":"pa_size-l-hr","11":"pa_size-m-hr","12":"pa_size-s-hr","13":"pa_size-xl-hr","15":"first","16":"instock","17":"sale","18":"taxable","19":"shipping-taxable","20":"purchasable","21":"product-type-variable"},"acf":[],"_links":{"self":[{"href":"https:\/\/moto-oprema.com\/hr\/wp-json\/wp\/v2\/product\/133481","targetHints":{"allow":["GET"]}}],"collection":[{"href":"https:\/\/moto-oprema.com\/hr\/wp-json\/wp\/v2\/product"}],"about":[{"href":"https:\/\/moto-oprema.com\/hr\/wp-json\/wp\/v2\/types\/product"}],"replies":[{"embeddable":true,"href":"https:\/\/moto-oprema.com\/hr\/wp-json\/wp\/v2\/comments?post=133481"}],"wp:featuredmedia":[{"embeddable":true,"href":"https:\/\/moto-oprema.com\/hr\/wp-json\/wp\/v2\/media\/27458"}],"wp:attachment":[{"href":"https:\/\/moto-oprema.com\/hr\/wp-json\/wp\/v2\/media?parent=133481"}],"wp:term":[{"taxonomy":"brand","embeddable":true,"href":"https:\/\/moto-oprema.com\/hr\/wp-json\/wp\/v2\/brand?post=133481"},{"taxonomy":"gender","embeddable":true,"href":"https:\/\/moto-oprema.com\/hr\/wp-json\/wp\/v2\/gender?post=133481"},{"taxonomy":"product_brand","embeddable":true,"href":"https:\/\/moto-oprema.com\/hr\/wp-json\/wp\/v2\/product_brand?post=133481"},{"taxonomy":"product_cat","embeddable":true,"href":"https:\/\/moto-oprema.com\/hr\/wp-json\/wp\/v2\/product_cat?post=133481"},{"taxonomy":"product_tag","embeddable":true,"href":"https:\/\/moto-oprema.com\/hr\/wp-json\/wp\/v2\/product_tag?post=133481"}],"curies":[{"name":"wp","href":"https:\/\/api.w.org\/{rel}","templated":true}]}}